{"id":24160,"date":"2026-03-29T20:14:42","date_gmt":"2026-03-29T19:14:42","guid":{"rendered":"https:\/\/bigbuy.tupique.com\/produto\/switch-netgear-gs728txp-300eus\/"},"modified":"2026-05-11T19:59:44","modified_gmt":"2026-05-11T17:59:44","slug":"switch-netgear-gs728txp-300eus","status":"publish","type":"product","link":"https:\/\/bigbuy.tupique.com\/en\/produto\/switch-netgear-gs728txp-300eus\/","title":{"rendered":"Switch Netgear GS728TXP-300EUS"},"content":{"rendered":"<p>Si vous \u00eates passionn\u00e9 d&#8217;<b>informatique et d&#8217;\u00e9lectronique<\/b>, si vous \u00eates \u00e0 la pointe de la technologie et qu&#8217;aucun d\u00e9tail ne vous \u00e9chappe, achetez <b>Switch Netgear GS728TXP-300EUS<\/b> au meilleur prix.<\/p>\n<p>Le <b>GS728TXP-300EUS<\/b> de <b>Netgear<\/b> est un <b>switch<\/b> haute performance con\u00e7u pour les environnements professionnels n\u00e9cessitant un r\u00e9seau fiable et efficace. Cet appareil dispose de <b>24 ports RJ45 Ethernet 10G<\/b> (compatible 100\/1000\/10000 Mbps), offrant une connectivit\u00e9 ultra-rapide et stable pour plusieurs appareils simultan\u00e9ment. Il int\u00e8gre \u00e9galement la prise en charge de <b>l\u2019alimentation par Ethernet (PoE)<\/b>, permettant d\u2019alimenter directement des dispositifs compatibles tels que cam\u00e9ras IP, t\u00e9l\u00e9phones VoIP ou points d\u2019acc\u00e8s sans fil sans c\u00e2bles suppl\u00e9mentaires. Il fonctionne avec une technologie de <b>couche 2 et couche 3<\/b>, offrant des capacit\u00e9s avanc\u00e9es de commutation et de routage qui am\u00e9liorent la gestion du trafic et optimisent les performances r\u00e9seau. Sa table d\u2019adresses MAC pouvant contenir <b>16 000 entr\u00e9es<\/b> garantit une gestion efficace et une segmentation du trafic de donn\u00e9es. Il respecte les normes industrielles cl\u00e9s telles que <b>IEEE 802.1D, IEEE 802.1Q, IEEE 802.1p, IEEE 802.1s, IEEE 802.1w<\/b>, assurant l\u2019interop\u00e9rabilit\u00e9 et le support des fonctions modernes comme VLAN, QoS et protocoles de r\u00e9silience. Il pr\u00e9sente un design robuste de couleur <b>noir<\/b> et est compatible avec le montage en rack, id\u00e9al pour une int\u00e9gration dans les infrastructures existantes sans encombrement. Son fonctionnement en mode duplex int\u00e9gral maximise le flux bidirectionnel des donn\u00e9es, parfait pour les environnements \u00e0 forte demande de trafic. En r\u00e9sum\u00e9, ce switch Netgear offre un \u00e9quilibre entre vitesse, polyvalence et gestion avanc\u00e9e du r\u00e9seau, adapt\u00e9 aux entreprises n\u00e9cessitant une infrastructure solide et \u00e9volutive.<\/p>\n<ul>\n<li>Type de prise: Prise EU<\/li>\n<li>Produit \u00e0 brancher: Oui<\/li>\n<li>Type:\n<ul>\n<li>Switch<\/li>\n<li>Empilable<\/li>\n<\/ul>\n<\/li>\n<li>Bloc d\u2019Alimentation:\n<ul>\n<li>r\u00e9seau \u00e9lectrique<\/li>\n<li>Cordon d&#8217;alimentation CA<\/li>\n<\/ul>\n<\/li>\n<li>Couleur: Noir<\/li>\n<li>Connexions:\n<ul>\n<li>RJ45<\/li>\n<li>PoE<\/li>\n<li>RJ45 x 24<\/li>\n<\/ul>\n<\/li>\n<li>Niveau sonore: 26,8 dB<\/li>\n<li>M\u00e9moire Flash: 64 MB<\/li>\n<li>N\u00b0 de rainures: 4<\/li>\n<li>Fr\u00e9quence: 800 Hz<\/li>\n<li>Largeur: 44 cm<\/li>\n<li>Temp\u00e9rature approximative: &#8211; 20\u00baC \/ 70\u00b0C<\/li>\n<li>Inclut: Manuel de l&#8217;utilisateur<\/li>\n<li>S\u00e9curit\u00e9: IGMP<\/li>\n<\/ul>","protected":false},"excerpt":{"rendered":"<p>Si vous \u00eates passionn\u00e9 d&#8217;informatique et d&#8217;\u00e9lectronique, si vous \u00eates \u00e0 la pointe de la technologie et qu&#8217;aucun d\u00e9tail ne vous \u00e9chappe, achetez Switch Netgear GS728TXP-300EUS au meilleur prix. Le GS728TXP-300EUS de Netgear est un switch haute performance con\u00e7u pour les environnements professionnels n\u00e9cessitant un r\u00e9seau fiable et efficace. Cet appareil dispose de 24 ports [&hellip;]<\/p>\n","protected":false},"featured_media":24154,"comment_status":"open","ping_status":"closed","template":"","meta":[],"product_brand":[633],"product_cat":[65,584,585],"product_tag":[106],"class_list":{"0":"post-24160","1":"product","2":"type-product","3":"status-publish","4":"has-post-thumbnail","6":"product_brand-brandp_567","7":"product_cat-informatique-electronique","8":"product_cat-informatique-reseaux-et-composants","9":"product_cat-switch","10":"product_tag-tag_1295","12":"first","13":"instock","14":"taxable","15":"shipping-taxable","16":"purchasable","17":"product-type-simple"},"_links":{"self":[{"href":"https:\/\/bigbuy.tupique.com\/en\/wp-json\/wp\/v2\/product\/24160","targetHints":{"allow":["GET"]}}],"collection":[{"href":"https:\/\/bigbuy.tupique.com\/en\/wp-json\/wp\/v2\/product"}],"about":[{"href":"https:\/\/bigbuy.tupique.com\/en\/wp-json\/wp\/v2\/types\/product"}],"replies":[{"embeddable":true,"href":"https:\/\/bigbuy.tupique.com\/en\/wp-json\/wp\/v2\/comments?post=24160"}],"wp:featuredmedia":[{"embeddable":true,"href":"https:\/\/bigbuy.tupique.com\/en\/wp-json\/wp\/v2\/media\/24154"}],"wp:attachment":[{"href":"https:\/\/bigbuy.tupique.com\/en\/wp-json\/wp\/v2\/media?parent=24160"}],"wp:term":[{"taxonomy":"product_brand","embeddable":true,"href":"https:\/\/bigbuy.tupique.com\/en\/wp-json\/wp\/v2\/product_brand?post=24160"},{"taxonomy":"product_cat","embeddable":true,"href":"https:\/\/bigbuy.tupique.com\/en\/wp-json\/wp\/v2\/product_cat?post=24160"},{"taxonomy":"product_tag","embeddable":true,"href":"https:\/\/bigbuy.tupique.com\/en\/wp-json\/wp\/v2\/product_tag?post=24160"}],"curies":[{"name":"wp","href":"https:\/\/api.w.org\/{rel}","templated":true}]}}