{"id":24138,"date":"2026-03-29T20:14:12","date_gmt":"2026-03-29T19:14:12","guid":{"rendered":"https:\/\/bigbuy.tupique.com\/produto\/smartphone-oneplus-11-5g-67-octa-core-8-gb-ram-128-gb-black\/"},"modified":"2026-05-11T19:55:23","modified_gmt":"2026-05-11T17:55:23","slug":"smartphone-oneplus-11-5g-67-octa-core-8-gb-ram-128-gb-black","status":"publish","type":"product","link":"https:\/\/bigbuy.tupique.com\/en\/produto\/smartphone-oneplus-11-5g-67-octa-core-8-gb-ram-128-gb-black\/","title":{"rendered":"Smartphone OnePlus 11 5G 6,7&#8243; Octa Core 8 GB RAM 128 GB Noir"},"content":{"rendered":"<p>Si vous \u00eates passionn\u00e9 d&#8217;<b>informatique et d&#8217;\u00e9lectronique<\/b>, si vous \u00eates \u00e0 la pointe de la technologie et qu&#8217;aucun d\u00e9tail ne vous \u00e9chappe, achetez <b>Smartphone OnePlus 11 5G 6,7&#8243; Octa Core 8 GB RAM 128 GB Noir<\/b> au meilleur prix.<\/p>\n<p>Le <b>OnePlus 11 5G<\/b> est un <b>smartphone<\/b> haut de gamme con\u00e7u pour offrir une exp\u00e9rience compl\u00e8te alliant performance avanc\u00e9e, design innovant et connectivit\u00e9 de derni\u00e8re g\u00e9n\u00e9ration. Il dispose d\u2019un <b>\u00e9cran tactile de 6,7 pouces<\/b>, offrant une large et vive surface id\u00e9ale pour le multim\u00e9dia, les jeux et un usage quotidien avec une r\u00e9ponse tactile pr\u00e9cise. \u00c9quip\u00e9 de <b>8 Go de RAM<\/b>, il garantit une gestion fluide des applications et du multit\u00e2che, tandis que ses <b>128 Go de stockage<\/b> permettent de conserver une grande vari\u00e9t\u00e9 de contenus sans souci d\u2019espace. Sa finition \u00e9l\u00e9gante en <b>noir<\/b> souligne l\u2019esth\u00e9tique moderne et sobre de l\u2019appareil. C\u00f4t\u00e9 photo, il int\u00e8gre un syst\u00e8me avanc\u00e9 avec une <b>cam\u00e9ra Hasselblad de troisi\u00e8me g\u00e9n\u00e9ration \u00e0 triple module principal<\/b>, qui gr\u00e2ce \u00e0 sa calibration des couleurs naturelles et \u00e0 la technologie Accu-spectrum offre des images aux couleurs hyperr\u00e9alistes et \u00e0 la grande profondeur, accompagn\u00e9e d\u2019un t\u00e9l\u00e9objectif IMX709 pour des portraits avec effets Bokeh et reflets naturels, facilitant des prises de vue professionnelles et d\u00e9taill\u00e9es. En mati\u00e8re de connectivit\u00e9, le OnePlus 11 5G supporte les r\u00e9seaux 5G et le <b>Wi-Fi 7<\/b>, assurant des connexions rapides et stables pour le streaming, les jeux en ligne et les appels vid\u00e9o. Son syst\u00e8me de refroidissement Cryo-velocity VC Cooling, avec des mat\u00e9riaux en graph\u00e8ne, dissipe efficacement la chaleur pour garder l\u2019appareil frais m\u00eame en usage intensif. De plus, il int\u00e8gre la technologie de <b>charge rapide SUPERVOOC 100 W<\/b>, permettant d\u2019atteindre 100 % de batterie en seulement 25 minutes, optimisant le temps de recharge. Parmi ses autres caract\u00e9ristiques essentielles figurent un GPS int\u00e9gr\u00e9 pour une navigation pr\u00e9cise et un support pour une exp\u00e9rience tactile intuitive et r\u00e9active. En r\u00e9sum\u00e9, le OnePlus 11 5G repr\u00e9sente une offre \u00e9quilibr\u00e9e et avanc\u00e9e pour les utilisateurs recherchant un <b>smartphone<\/b> complet, avec des capacit\u00e9s multim\u00e9dia, une performance solide et une connectivit\u00e9 pr\u00eate pour l\u2019avenir.<\/p>\n<ul>\n<li>Rapport d&#8217;aspect: 20.1:9<\/li>\n<li>Inclut:\n<ul>\n<li>Protection pour \u00c9cran<\/li>\n<li>C\u00e2ble USB A vers USB-C<\/li>\n<li>Adaptateur AC<\/li>\n<\/ul>\n<\/li>\n<li>Caract\u00e9ristiques:\n<ul>\n<li>Chargement rapide<\/li>\n<li>Boussole \u00e9lectronique<\/li>\n<li>Lecteur d&#8217;empreintes<\/li>\n<li>HDR<\/li>\n<li>\u00c9cran plat<\/li>\n<li>GPS<\/li>\n<li>Ecran tactile<\/li>\n<li>Capteur de lumi\u00e8re ambiante<\/li>\n<li>Autofocus<\/li>\n<li>Garantie<\/li>\n<li>Guide d&#8217;installation inclus<\/li>\n<li>Chargement rapide et fiable<\/li>\n<li>Syst\u00e8me de reconnaissance faciale<\/li>\n<li>Capteur de proximit\u00e9<\/li>\n<li>Gorilla Glass<\/li>\n<\/ul>\n<\/li>\n<li>Connexions:\n<ul>\n<li>nano SIM<\/li>\n<li>USB 2.0<\/li>\n<li>USB-C<\/li>\n<li>Dual SIM<\/li>\n<li>USB<\/li>\n<li>USB-A &#8211; USB-C<\/li>\n<\/ul>\n<\/li>\n<li>Capacit\u00e9 de la batterie: 5000 mAh<\/li>\n<li>Fr\u00e9quence: 120 Hz<\/li>\n<li>Type de flash: LED<\/li>\n<li>Connectivit\u00e9:\n<ul>\n<li>Wi-Fi 5 GHz<\/li>\n<li>Wi-Fi 6 GHz<\/li>\n<li>Bluetooth 5.3<\/li>\n<li>GPS<\/li>\n<li>4G<\/li>\n<li>Wi-Fi<\/li>\n<li>Bluetooth<\/li>\n<li>Galileo<\/li>\n<li>BeiDou<\/li>\n<li>NFC<\/li>\n<li>5G<\/li>\n<li>WCDMA<\/li>\n<\/ul>\n<\/li>\n<li>Technologie:\n<ul>\n<li>FLUID AMOLED<\/li>\n<li>Corning Gorilla Glass<\/li>\n<li>LED<\/li>\n<li>Mime<\/li>\n<li>AMOLED<\/li>\n<li>Glonass<\/li>\n<li>Bluetooth aptX low Latency<\/li>\n<li>OLED<\/li>\n<\/ul>\n<\/li>\n<li>Puissance de charge: 100 W<\/li>\n<li>R\u00e9solution (px): 3216 X 1440 PX<\/li>\n<li>R\u00e9solution:\n<ul>\n<li>525 PPP<\/li>\n<li>3216 x 1440<\/li>\n<\/ul>\n<\/li>\n<li>Processeur:\n<ul>\n<li>Qualcomm Snapdragon 8 Gen 2<\/li>\n<li>Octa Core<\/li>\n<\/ul>\n<\/li>\n<li>Poids approx.: 205 G<\/li>\n<li>Type de m\u00e9moire: LPDDR5X<\/li>\n<li>Syst\u00e8me d&#8217;exploitation:\n<ul>\n<li>Android 13<\/li>\n<li>Android<\/li>\n<\/ul>\n<\/li>\n<li>Acc\u00e9l\u00e9rom\u00e8tre: Oui<\/li>\n<li>Stabilisateur d&#8217;image: Oui<\/li>\n<li>GPS: Oui<\/li>\n<li>M\u00e9moire RAM: 8 GB RAM<\/li>\n<li>Ecran: 6,7&#8243;<\/li>\n<li>Gyroscope: Oui<\/li>\n<li>Glonass: Oui<\/li>\n<li>Produit \u00e0 brancher: Oui<\/li>\n<li>Type: Smartphone<\/li>\n<li>Couleur: Noir<\/li>\n<li>Type de prise: Prise EU<\/li>\n<li>Diagonale de l&#8217;\u00e9cran (cm): 17 cm<\/li>\n<li>M\u00e9moire interne: 128 GB<\/li>\n<li>Bloc d\u2019Alimentation: r\u00e9seau \u00e9lectrique<\/li>\n<li>Indice de r\u00e9parabilit\u00e9: 6.5<\/li>\n<li>puissance: 100 W<\/li>\n<li>Cam\u00e9ra\/Appareil Photo:\n<ul>\n<li>16 mpx<\/li>\n<li>50 Mp<\/li>\n<li>16 MP<\/li>\n<li>Frontal<\/li>\n<li>48 MP<\/li>\n<li>Triple<\/li>\n<\/ul>\n<\/li>\n<li>Ouverture: F\/1,8<\/li>\n<li>Capteurs:\n<ul>\n<li>Acc\u00e9l\u00e9rom\u00e8tre<\/li>\n<li>Gyroscope<\/li>\n<\/ul>\n<\/li>\n<li>Fonctions: ECO<\/li>\n<li>Non Inclus: Adaptateur AC<\/li>\n<li>Angle: 115\u00ba<\/li>\n<li>Famille de processeurs: Qualcomm Snapdragon<\/li>\n<\/ul>","protected":false},"excerpt":{"rendered":"<p>Si vous \u00eates passionn\u00e9 d&#8217;informatique et d&#8217;\u00e9lectronique, si vous \u00eates \u00e0 la pointe de la technologie et qu&#8217;aucun d\u00e9tail ne vous \u00e9chappe, achetez Smartphone OnePlus 11 5G 6,7&#8243; Octa Core 8 GB RAM 128 GB Noir au meilleur prix. Le OnePlus 11 5G est un smartphone haut de gamme con\u00e7u pour offrir une exp\u00e9rience compl\u00e8te [&hellip;]<\/p>\n","protected":false},"featured_media":24134,"comment_status":"open","ping_status":"closed","template":"","meta":[],"product_brand":[1150],"product_cat":[575,65,960],"product_tag":[213,566,106],"class_list":{"0":"post-24138","1":"product","2":"type-product","3":"status-publish","4":"has-post-thumbnail","6":"product_brand-brandp_4881","7":"product_cat-electronique-telephonie-et-tablettes","8":"product_cat-informatique-electronique","9":"product_cat-telephones-portables","10":"product_tag-tag_933","11":"product_tag-tag_547","12":"product_tag-tag_1295","14":"first","15":"instock","16":"taxable","17":"shipping-taxable","18":"purchasable","19":"product-type-simple"},"_links":{"self":[{"href":"https:\/\/bigbuy.tupique.com\/en\/wp-json\/wp\/v2\/product\/24138","targetHints":{"allow":["GET"]}}],"collection":[{"href":"https:\/\/bigbuy.tupique.com\/en\/wp-json\/wp\/v2\/product"}],"about":[{"href":"https:\/\/bigbuy.tupique.com\/en\/wp-json\/wp\/v2\/types\/product"}],"replies":[{"embeddable":true,"href":"https:\/\/bigbuy.tupique.com\/en\/wp-json\/wp\/v2\/comments?post=24138"}],"wp:featuredmedia":[{"embeddable":true,"href":"https:\/\/bigbuy.tupique.com\/en\/wp-json\/wp\/v2\/media\/24134"}],"wp:attachment":[{"href":"https:\/\/bigbuy.tupique.com\/en\/wp-json\/wp\/v2\/media?parent=24138"}],"wp:term":[{"taxonomy":"product_brand","embeddable":true,"href":"https:\/\/bigbuy.tupique.com\/en\/wp-json\/wp\/v2\/product_brand?post=24138"},{"taxonomy":"product_cat","embeddable":true,"href":"https:\/\/bigbuy.tupique.com\/en\/wp-json\/wp\/v2\/product_cat?post=24138"},{"taxonomy":"product_tag","embeddable":true,"href":"https:\/\/bigbuy.tupique.com\/en\/wp-json\/wp\/v2\/product_tag?post=24138"}],"curies":[{"name":"wp","href":"https:\/\/api.w.org\/{rel}","templated":true}]}}