{"id":24053,"date":"2026-03-29T20:12:09","date_gmt":"2026-03-29T19:12:09","guid":{"rendered":"https:\/\/bigbuy.tupique.com\/produto\/superautomatic-coffee-maker-continental-edison-black-1450-w\/"},"modified":"2026-04-16T17:11:12","modified_gmt":"2026-04-16T16:11:12","slug":"superautomatic-coffee-maker-continental-edison-black-1450-w","status":"publish","type":"product","link":"https:\/\/bigbuy.tupique.com\/en\/produto\/superautomatic-coffee-maker-continental-edison-black-1450-w\/","title":{"rendered":"Cafeti\u00e8re superautomatique Continental Edison Noir 1450 W"},"content":{"rendered":"<p>Si vous recherchez des \u00e9lectrom\u00e9nagers pour votre maison aux meilleurs prix, ne manquez pas <b>Cafeti\u00e8re superautomatique Continental Edison Noir 1450 W<\/b> et une large s\u00e9lection de petits \u00e9lectrom\u00e9nagers de qualit\u00e9 !<\/p>\n<p>La <b>cafeti\u00e8re super-automatique<\/b> de Continental Edison en \u00e9l\u00e9gant color negro combina eficiencia y prestaciones avanzadas para ofrecer una experiencia completa en la preparaci\u00f3n de caf\u00e9 en el hogar o en la oficina. Equipada con un sistema de control <b>digital<\/b>, facilita la programaci\u00f3n y personalizaci\u00f3n de cada extracci\u00f3n para adaptar el resultado al gusto del usuario. Destaca especialmente su potente <b>bomba de presi\u00f3n de 19 bar<\/b>, que permite extraer todo el aroma y la crema del caf\u00e9 espresso al nivel que requieren los amantes de esta especialidad, asegurando siempre una taza intensa y equilibrada. Su <b>capacidad para granos de caf\u00e9 de 250 g<\/b> resulta adecuada para preparar varias tazas consecutivas sin necesidad de rellenar constantemente, ideal para hogares de consumo medio o peque\u00f1os despachos. En cuanto a su rendimiento, dispone de una <b>potencia de hasta 1450 W<\/b> (con opci\u00f3n de 1250 W seg\u00fan configuraci\u00f3n), lo que garantiza un calentamiento r\u00e1pido y una operaci\u00f3n estable, incluso en momentos de uso intenso. El dise\u00f1o compacto integra dimensiones pr\u00e1cticas de aproximadamente 150 cm de largo por 22 cm de ancho, permitiendo su ubicaci\u00f3n en cualquier cocina sin ocupar un espacio excesivo. El conjunto de estas caracter\u00edsticas sit\u00faa a esta cafetera Continental Edison como una soluci\u00f3n fiable y funcional para quienes buscan comodidad, calidad y control en la elaboraci\u00f3n diaria de caf\u00e9 espresso.<\/p>\n<ul>\n<li>Type: Cafeti\u00e8re superautomatique<\/li>\n<li>Produit \u00e0 brancher: Oui<\/li>\n<li>Bloc d\u2019Alimentation: r\u00e9seau \u00e9lectrique<\/li>\n<li>Couleur: Noir<\/li>\n<li>Largeur:\n<ul>\n<li>22 cm<\/li>\n<li>46,9 cm<\/li>\n<\/ul>\n<\/li>\n<li>Caract\u00e9ristiques: Num\u00e9rique<\/li>\n<li>puissance:\n<ul>\n<li>1450 W<\/li>\n<li>1250 W<\/li>\n<\/ul>\n<\/li>\n<li>\u00c9lev\u00e9: 44,5 cm<\/li>\n<li>Long:\n<ul>\n<li>150 cm<\/li>\n<li>22 cm<\/li>\n<\/ul>\n<\/li>\n<li>Pression: 19 bar<\/li>\n<li>Niveaux de temp\u00e9rature: 5<\/li>\n<li>Capacit\u00e9:\n<ul>\n<li>250 g<\/li>\n<li>1,8 L<\/li>\n<\/ul>\n<\/li>\n<\/ul>","protected":false},"excerpt":{"rendered":"<p>Si vous recherchez des \u00e9lectrom\u00e9nagers pour votre maison aux meilleurs prix, ne manquez pas Cafeti\u00e8re superautomatique Continental Edison Noir 1450 W et une large s\u00e9lection de petits \u00e9lectrom\u00e9nagers de qualit\u00e9 ! La cafeti\u00e8re super-automatique de Continental Edison en \u00e9l\u00e9gant color negro combina eficiencia y prestaciones avanzadas para ofrecer una experiencia completa en la preparaci\u00f3n de [&hellip;]<\/p>\n","protected":false},"featured_media":24047,"comment_status":"open","ping_status":"closed","template":"","meta":[],"product_brand":[464],"product_cat":[725,60,77],"product_tag":[59,56],"class_list":{"0":"post-24053","1":"product","2":"type-product","3":"status-publish","4":"has-post-thumbnail","6":"product_brand-brandp_5966","7":"product_cat-cafetieres","8":"product_cat-cuisine-gourmet","9":"product_cat-petit-electromenager","10":"product_tag-tag_1304","11":"product_tag-tag_930","13":"first","14":"instock","15":"taxable","16":"shipping-taxable","17":"purchasable","18":"product-type-simple"},"_links":{"self":[{"href":"https:\/\/bigbuy.tupique.com\/en\/wp-json\/wp\/v2\/product\/24053","targetHints":{"allow":["GET"]}}],"collection":[{"href":"https:\/\/bigbuy.tupique.com\/en\/wp-json\/wp\/v2\/product"}],"about":[{"href":"https:\/\/bigbuy.tupique.com\/en\/wp-json\/wp\/v2\/types\/product"}],"replies":[{"embeddable":true,"href":"https:\/\/bigbuy.tupique.com\/en\/wp-json\/wp\/v2\/comments?post=24053"}],"wp:featuredmedia":[{"embeddable":true,"href":"https:\/\/bigbuy.tupique.com\/en\/wp-json\/wp\/v2\/media\/24047"}],"wp:attachment":[{"href":"https:\/\/bigbuy.tupique.com\/en\/wp-json\/wp\/v2\/media?parent=24053"}],"wp:term":[{"taxonomy":"product_brand","embeddable":true,"href":"https:\/\/bigbuy.tupique.com\/en\/wp-json\/wp\/v2\/product_brand?post=24053"},{"taxonomy":"product_cat","embeddable":true,"href":"https:\/\/bigbuy.tupique.com\/en\/wp-json\/wp\/v2\/product_cat?post=24053"},{"taxonomy":"product_tag","embeddable":true,"href":"https:\/\/bigbuy.tupique.com\/en\/wp-json\/wp\/v2\/product_tag?post=24053"}],"curies":[{"name":"wp","href":"https:\/\/api.w.org\/{rel}","templated":true}]}}