{"id":24039,"date":"2026-03-29T20:11:47","date_gmt":"2026-03-29T19:11:47","guid":{"rendered":"https:\/\/bigbuy.tupique.com\/produto\/interactive-ups-apc-smx1500rmi2unc-1200-w\/"},"modified":"2026-04-15T03:31:21","modified_gmt":"2026-04-15T02:31:21","slug":"interactive-ups-apc-smx1500rmi2unc-1200-w","status":"publish","type":"product","link":"https:\/\/bigbuy.tupique.com\/en\/produto\/interactive-ups-apc-smx1500rmi2unc-1200-w\/","title":{"rendered":"Sai Interactif APC SMX1500RMI2UNC 1200 W"},"content":{"rendered":"<p>Si vous \u00eates passionn\u00e9 d&#8217;<b>informatique et d&#8217;\u00e9lectronique<\/b>, si vous \u00eates \u00e0 la pointe de la technologie et qu&#8217;aucun d\u00e9tail ne vous \u00e9chappe, achetez <b>Sai Interactif APC SMX1500RMI2UNC 1200 W<\/b> au meilleur prix.<\/p>\n<p>Le <b>Smart-UPS<\/b> d\u2019APC est un <b>onduleur interactif<\/b> con\u00e7u pour offrir une protection \u00e9nerg\u00e9tique fiable et efficace dans des environnements professionnels n\u00e9cessitant une alimentation continue et s\u00e9curis\u00e9e. Cet appareil dispose d\u2019une <b>puissance de sortie de 1200 W et 1500 VA<\/b>, adapt\u00e9e pour soutenir des \u00e9quipements informatiques et serveurs avec une r\u00e9ponse pr\u00e9cise et stable. Sa <b>topologie interactive avec r\u00e9gulation automatique<\/b> (AVR) corrige les pics et chutes de tension sans passer sur batterie, prolongeant ainsi la dur\u00e9e de vie des batteries et assurant la stabilit\u00e9 de l\u2019alimentation. Il offre <b>des sorties de type C13<\/b> via huit prises AC, permettant la connexion simultan\u00e9e de plusieurs appareils, tandis que la batterie int\u00e8gre une technologie plomb VRLA scell\u00e9e, avec une capacit\u00e9 de <b>311 VAh<\/b> fournissant un temps de secours typique de <b>5,8 minutes \u00e0 pleine charge<\/b>. Son design combine un facteur de forme polyvalent pour <b>montage en rack ou en tour<\/b> avec une hauteur de 2U, s\u2019adaptant \u00e0 diff\u00e9rentes configurations d\u2019installation. Il se distingue par un \u00e9cran LCD intuitif affichant des informations claires et configurables en plusieurs langues, permettant de contr\u00f4ler l\u2019\u00e9tat du syst\u00e8me et de programmer facilement les r\u00e9glages via des touches de navigation. De plus, il int\u00e8gre la fonction de <b>reconnaissance automatique des batteries externes<\/b>, ajustant automatiquement le temps d\u2019autonomie selon le mat\u00e9riel suppl\u00e9mentaire connect\u00e9, ainsi qu\u2019une indication dynamique de la date recommand\u00e9e pour le remplacement des batteries, facilitant la maintenance pr\u00e9ventive. Parmi ses caract\u00e9ristiques figurent \u00e9galement le <b>mode \u00e9cologique (mode vert)<\/b>, qui am\u00e9liore l\u2019efficacit\u00e9 \u00e9nerg\u00e9tique en r\u00e9duisant la consommation sans compromettre la protection, et un <b>compteur d\u2019\u00e9nergie int\u00e9gr\u00e9<\/b> pour surveiller la consommation en kWh. La sortie en mode batterie est une <b>onde sinuso\u00efdale pure<\/b>, garantissant la compatibilit\u00e9 avec les appareils sensibles et serveurs avec facteur de puissance corrig\u00e9 (PFC). Il propose des fonctionnalit\u00e9s avanc\u00e9es pour g\u00e9rer plusieurs groupes de sortie, permettant de contr\u00f4ler et red\u00e9marrer s\u00e9par\u00e9ment les appareils connect\u00e9s, optimisant la s\u00e9quence d\u2019activation et la distribution des charges non critiques. Cet onduleur respecte des certifications internationales telles que <b>RoHS, C-tick, CE et VDE<\/b>, garantissant des standards \u00e9lev\u00e9s de qualit\u00e9 et s\u00e9curit\u00e9. Sa couleur <b>noire<\/b> et ses attributs comme alarme sonore, d\u00e9marrage \u00e0 froid et indicateurs de surcharge en font une solution robuste pour prot\u00e9ger les infrastructures critiques avec un bon \u00e9quilibre entre performance et efficacit\u00e9 \u00e9nerg\u00e9tique. En r\u00e9sum\u00e9, le Smart-UPS d\u2019APC est une option technique fiable pour assurer la continuit\u00e9 op\u00e9rationnelle des syst\u00e8mes informatiques et \u00e9lectroniques dans des environnements professionnels exigeants.<\/p>\n<ul>\n<li>puissance:\n<ul>\n<li>1500 VA<\/li>\n<li>1200 W<\/li>\n<\/ul>\n<\/li>\n<li>Tension d&#8217;entr\u00e9e AC: 220 V<\/li>\n<li>Certificat: RoHS<\/li>\n<li>Montage en rack: 2U<\/li>\n<li>Produit \u00e0 brancher: Oui<\/li>\n<li>Type de prise:\n<ul>\n<li>Prise EU<\/li>\n<li>Type C<\/li>\n<\/ul>\n<\/li>\n<li>Unit\u00e9s: 2 Unit\u00e9s<\/li>\n<li>Temps de charge approx.: 3 heures<\/li>\n<li>Type:\n<ul>\n<li>Syst\u00e8me d&#8217;Alimentation Sans Interruption Interactif<\/li>\n<li>C13<\/li>\n<li>Tour<\/li>\n<\/ul>\n<\/li>\n<li>Bloc d\u2019Alimentation: r\u00e9seau \u00e9lectrique<\/li>\n<li>Couleur: Noir<\/li>\n<li>Connexions:\n<ul>\n<li>C14 x 1<\/li>\n<li>AC x 8<\/li>\n<li>USB<\/li>\n<li>C14<\/li>\n<\/ul>\n<\/li>\n<li>Tension: 230 V<\/li>\n<li>Technologie:\n<ul>\n<li>VRLA<\/li>\n<li>LCD<\/li>\n<\/ul>\n<\/li>\n<li>Fr\u00e9quence: 50\/60 Hz<\/li>\n<li>Niveau sonore: 40 dB<\/li>\n<li>Caract\u00e9ristiques:\n<ul>\n<li>Alarme<\/li>\n<li>Interactif<\/li>\n<li>D\u00e9marrage \u00e0 froid<\/li>\n<li>Indicateur de surcharge<\/li>\n<li>T\u00e9moin de fonctionnement LED<\/li>\n<\/ul>\n<\/li>\n<li>Fonctions: Hot Swap<\/li>\n<\/ul>","protected":false},"excerpt":{"rendered":"<p><span class=\"unit-info\">1377.4950 &euro; \/ 1 unit<\/span><\/p>","protected":false},"featured_media":24035,"comment_status":"open","ping_status":"closed","template":"","meta":[],"product_brand":[649],"product_cat":[65,581,603],"product_tag":[106],"class_list":{"0":"post-24039","1":"product","2":"type-product","3":"status-publish","4":"has-post-thumbnail","6":"product_brand-brandp_532","7":"product_cat-informatique-electronique","8":"product_cat-informatique-peripheriques-et-consommables","9":"product_cat-ups","10":"product_tag-tag_1295","12":"first","13":"instock","14":"taxable","15":"shipping-taxable","16":"purchasable","17":"product-type-simple"},"_links":{"self":[{"href":"https:\/\/bigbuy.tupique.com\/en\/wp-json\/wp\/v2\/product\/24039","targetHints":{"allow":["GET"]}}],"collection":[{"href":"https:\/\/bigbuy.tupique.com\/en\/wp-json\/wp\/v2\/product"}],"about":[{"href":"https:\/\/bigbuy.tupique.com\/en\/wp-json\/wp\/v2\/types\/product"}],"replies":[{"embeddable":true,"href":"https:\/\/bigbuy.tupique.com\/en\/wp-json\/wp\/v2\/comments?post=24039"}],"wp:featuredmedia":[{"embeddable":true,"href":"https:\/\/bigbuy.tupique.com\/en\/wp-json\/wp\/v2\/media\/24035"}],"wp:attachment":[{"href":"https:\/\/bigbuy.tupique.com\/en\/wp-json\/wp\/v2\/media?parent=24039"}],"wp:term":[{"taxonomy":"product_brand","embeddable":true,"href":"https:\/\/bigbuy.tupique.com\/en\/wp-json\/wp\/v2\/product_brand?post=24039"},{"taxonomy":"product_cat","embeddable":true,"href":"https:\/\/bigbuy.tupique.com\/en\/wp-json\/wp\/v2\/product_cat?post=24039"},{"taxonomy":"product_tag","embeddable":true,"href":"https:\/\/bigbuy.tupique.com\/en\/wp-json\/wp\/v2\/product_tag?post=24039"}],"curies":[{"name":"wp","href":"https:\/\/api.w.org\/{rel}","templated":true}]}}