{"id":24005,"date":"2026-03-29T20:10:52","date_gmt":"2026-03-29T19:10:52","guid":{"rendered":"https:\/\/bigbuy.tupique.com\/produto\/smartwatch-apple-watch-series-10-gps-black-177\/"},"modified":"2026-04-15T03:31:19","modified_gmt":"2026-04-15T02:31:19","slug":"smartwatch-apple-watch-series-10-gps-black-177","status":"publish","type":"product","link":"https:\/\/bigbuy.tupique.com\/en\/produto\/smartwatch-apple-watch-series-10-gps-black-177\/","title":{"rendered":"Montre intelligente Apple Watch Series 10 GPS Noir 1,77&#8243;"},"content":{"rendered":"<p>Si vous \u00eates passionn\u00e9 d&#8217;<b>informatique et d&#8217;\u00e9lectronique<\/b>, si vous \u00eates \u00e0 la pointe de la technologie et qu&#8217;aucun d\u00e9tail ne vous \u00e9chappe, achetez <b>Montre intelligente Apple Watch Series 10 GPS Noir 1,77&#8243;<\/b> au meilleur prix.<\/p>\n<p>La <b>Apple Watch MWWG3QL\/A<\/b> de la gamme Series 10 est une <b>smartwatch<\/b> avanc\u00e9e con\u00e7ue pour ceux qui recherchent une int\u00e9gration parfaite entre technologie, sant\u00e9 et connectivit\u00e9. Fabriqu\u00e9e en <b>aluminium<\/b> avec une finition noire, elle offre une esth\u00e9tique \u00e9l\u00e9gante et r\u00e9sistante, id\u00e9ale pour un usage quotidien. Ce mod\u00e8le dispose d\u2019un <b>\u00e9cran tactile<\/b> de 1,65&#8243; ou 1,77&#8243;, offrant une exp\u00e9rience visuelle large et claire pour acc\u00e9der aux notifications, aux donn\u00e9es d\u2019activit\u00e9 et aux applications. Sa compatibilit\u00e9 avec <b>iOS<\/b> assure une synchronisation fluide avec les appareils Apple, permettant de recevoir des appels, des messages et de g\u00e9rer vos applications pr\u00e9f\u00e9r\u00e9es directement depuis votre poignet. Elle int\u00e8gre des capteurs tels qu\u2019un <b>acc\u00e9l\u00e9rom\u00e8tre<\/b>, un <b>capteur de lumi\u00e8re ambiante<\/b> et des <b>haut-parleurs int\u00e9gr\u00e9s<\/b>, permettant de suivre l\u2019activit\u00e9 physique, d\u2019ajuster l\u2019\u00e9cran selon la luminosit\u00e9 et de profiter d\u2019alertes sonores ou d\u2019appels sans \u00e9couteurs externes. Gr\u00e2ce \u00e0 son design l\u00e9ger et robuste, l\u2019Apple Watch Series 10 s\u2019adapte aussi bien aux activit\u00e9s sportives qu\u2019\u00e0 un mode de vie urbain, offrant des fonctions de suivi de la sant\u00e9, du sommeil et du rythme cardiaque pour aider l\u2019utilisateur \u00e0 garder le contr\u00f4le de son bien-\u00eatre au quotidien. Son bo\u00eetier en aluminium noir apporte non seulement de la durabilit\u00e9, mais aussi un aspect sophistiqu\u00e9 et polyvalent adapt\u00e9 \u00e0 toutes les occasions. En somme, cette smartwatch incarne la synth\u00e8se entre fonctionnalit\u00e9s avanc\u00e9es, design contemporain et connectivit\u00e9, se positionnant comme un choix de premier plan dans le segment premium des montres connect\u00e9es.<\/p>\n<ul>\n<li>Type de montre: Montre intelligente<\/li>\n<li>Genre: Homme<\/li>\n<li>Couleur du bracelet: Noir<\/li>\n<li>Couleur du cadran: Noir<\/li>\n<li>Autonomie approx.: 18 heures<\/li>\n<li>Ecran:\n<ul>\n<li>1,65&#8243;<\/li>\n<li>1,77&#8243;<\/li>\n<\/ul>\n<\/li>\n<li>Produit \u00e0 brancher: Oui<\/li>\n<li>Type de prise: Prise EU<\/li>\n<li>Liens suppl\u00e9mentaires: Non<\/li>\n<li>Caisse: 42 mm<\/li>\n<li>Type: Montre-bracelet<\/li>\n<li>Acc\u00e9l\u00e9rom\u00e8tre: Oui<\/li>\n<li>Gyroscope: Oui<\/li>\n<li>Microphone int\u00e9gr\u00e9: Oui<\/li>\n<li>Design: Rectangulaire<\/li>\n<li>Casque: Bluetooth<\/li>\n<li>Connectivit\u00e9:\n<ul>\n<li>Wi-Fi 4 (802.11n)<\/li>\n<li>Bluetooth<\/li>\n<li>Wi-Fi<\/li>\n<li>GPS<\/li>\n<li>NFC<\/li>\n<li>BeiDou<\/li>\n<li>Galileo<\/li>\n<li>Bluetooth 5.3<\/li>\n<\/ul>\n<\/li>\n<li>Syst\u00e8me d&#8217;exploitation:\n<ul>\n<li>iOS<\/li>\n<li>iOS 11<\/li>\n<\/ul>\n<\/li>\n<li>Capacit\u00e9: 64 GB<\/li>\n<li>Bloc d\u2019Alimentation: r\u00e9seau \u00e9lectrique<\/li>\n<li>Couleur: Noir<\/li>\n<li>M\u00e9moire interne: 64 GB<\/li>\n<li>Processeur: Dual Core<\/li>\n<li>Dimensions approx.: 4,2 x 3,6 x 1 cm<\/li>\n<li>Mati\u00e8re: Aluminium<\/li>\n<li>Caract\u00e9ristiques:\n<ul>\n<li>Acc\u00e9l\u00e9rom\u00e8tre<\/li>\n<li>Haut-parleurs int\u00e9gr\u00e9s<\/li>\n<li>Ecran tactile<\/li>\n<li>Capteur de lumi\u00e8re ambiante<\/li>\n<li>Gyroscope<\/li>\n<li>R\u00e9sistant \u00e0 l&#8217;eau et \u00e0 la poussi\u00e8re<\/li>\n<li>Altim\u00e8tre<\/li>\n<li>Microphone int\u00e9gr\u00e9<\/li>\n<li>Moniteur de Sommeil<\/li>\n<li>SMS<\/li>\n<li>Charge magn\u00e9tique<\/li>\n<li>\u00c9cran avec coins arrondis<\/li>\n<\/ul>\n<\/li>\n<li>Type de batterie:\n<ul>\n<li>Int\u00e9gr\u00e9e<\/li>\n<li>Litio Ion<\/li>\n<\/ul>\n<\/li>\n<li>Compatible: Siri<\/li>\n<li>Forme: Rectangulaire<\/li>\n<li>Cam\u00e9ra\/Appareil Photo: Non<\/li>\n<li>Fonctions:\n<ul>\n<li>Moniteur de Sommeil<\/li>\n<li>Moniteur de fr\u00e9quence cardiaque<\/li>\n<\/ul>\n<\/li>\n<li>Chargeur sans fil: Oui<\/li>\n<li>Radio FM: Non<\/li>\n<li>R\u00e9sistant \u00e0 l&#8217;eau: 50 m<\/li>\n<li>\u00c2ge recommand\u00e9: Adultes<\/li>\n<li>Technologie: OLED<\/li>\n<li>Connexion USB: Non<\/li>\n<li>Inclut: Chargeur<\/li>\n<li>Sangle: Amovible<\/li>\n<li>Non Inclus: Connexion au r\u00e9seau mobile<\/li>\n<li>M\u00e9moire Flash: 64 MB<\/li>\n<\/ul>","protected":false},"excerpt":{"rendered":"<p>Si vous \u00eates passionn\u00e9 d&#8217;informatique et d&#8217;\u00e9lectronique, si vous \u00eates \u00e0 la pointe de la technologie et qu&#8217;aucun d\u00e9tail ne vous \u00e9chappe, achetez Montre intelligente Apple Watch Series 10 GPS Noir 1,77&#8243; au meilleur prix. La Apple Watch MWWG3QL\/A de la gamme Series 10 est une smartwatch avanc\u00e9e con\u00e7ue pour ceux qui recherchent une int\u00e9gration [&hellip;]<\/p>\n","protected":false},"featured_media":24003,"comment_status":"open","ping_status":"closed","template":"","meta":[],"product_brand":[979],"product_cat":[575,65,748],"product_tag":[103,566,106],"class_list":{"0":"post-24005","1":"product","2":"type-product","3":"status-publish","4":"has-post-thumbnail","6":"product_brand-brandp_533","7":"product_cat-electronique-telephonie-et-tablettes","8":"product_cat-informatique-electronique","9":"product_cat-smartwatches","10":"product_tag-tag_1261","11":"product_tag-tag_547","12":"product_tag-tag_1295","14":"first","15":"instock","16":"taxable","17":"shipping-taxable","18":"purchasable","19":"product-type-simple"},"_links":{"self":[{"href":"https:\/\/bigbuy.tupique.com\/en\/wp-json\/wp\/v2\/product\/24005","targetHints":{"allow":["GET"]}}],"collection":[{"href":"https:\/\/bigbuy.tupique.com\/en\/wp-json\/wp\/v2\/product"}],"about":[{"href":"https:\/\/bigbuy.tupique.com\/en\/wp-json\/wp\/v2\/types\/product"}],"replies":[{"embeddable":true,"href":"https:\/\/bigbuy.tupique.com\/en\/wp-json\/wp\/v2\/comments?post=24005"}],"wp:featuredmedia":[{"embeddable":true,"href":"https:\/\/bigbuy.tupique.com\/en\/wp-json\/wp\/v2\/media\/24003"}],"wp:attachment":[{"href":"https:\/\/bigbuy.tupique.com\/en\/wp-json\/wp\/v2\/media?parent=24005"}],"wp:term":[{"taxonomy":"product_brand","embeddable":true,"href":"https:\/\/bigbuy.tupique.com\/en\/wp-json\/wp\/v2\/product_brand?post=24005"},{"taxonomy":"product_cat","embeddable":true,"href":"https:\/\/bigbuy.tupique.com\/en\/wp-json\/wp\/v2\/product_cat?post=24005"},{"taxonomy":"product_tag","embeddable":true,"href":"https:\/\/bigbuy.tupique.com\/en\/wp-json\/wp\/v2\/product_tag?post=24005"}],"curies":[{"name":"wp","href":"https:\/\/api.w.org\/{rel}","templated":true}]}}