{"id":23763,"date":"2026-03-29T19:55:01","date_gmt":"2026-03-29T18:55:01","guid":{"rendered":"https:\/\/bigbuy.tupique.com\/produto\/smartphone-google-pixel-8-pro-67-12-gb-ram-128-gb-blue\/"},"modified":"2026-04-16T23:16:09","modified_gmt":"2026-04-16T22:16:09","slug":"smartphone-google-pixel-8-pro-67-12-gb-ram-128-gb-blue","status":"publish","type":"product","link":"https:\/\/bigbuy.tupique.com\/en\/produto\/smartphone-google-pixel-8-pro-67-12-gb-ram-128-gb-blue\/","title":{"rendered":"Smartphone Google Pixel 8 Pro 6,7&#8243; 12 GB RAM 128 GB Bleu"},"content":{"rendered":"<p>Si vous \u00eates passionn\u00e9 d&#8217;<b>informatique et d&#8217;\u00e9lectronique<\/b>, si vous \u00eates \u00e0 la pointe de la technologie et qu&#8217;aucun d\u00e9tail ne vous \u00e9chappe, achetez <b>Smartphone Google Pixel 8 Pro 6,7&#8243; 12 GB RAM 128 GB Bleu<\/b> au meilleur prix.<\/p>\n<p>Le <b>Google Pixel 8 Pro<\/b> est un <b>smartphone<\/b> avanc\u00e9 qui allie un design soign\u00e9 en tons <b>bleu et ciel<\/b> \u00e0 des performances remarquables, gr\u00e2ce \u00e0 son puissant processeur <b>Google Tensor G3<\/b> con\u00e7u sur mesure pour optimiser l\u2019intelligence artificielle int\u00e9gr\u00e9e et am\u00e9liorer les fonctions photo et vid\u00e9o. Il dispose d\u2019un impressionnant <b>\u00e9cran de 6,7 pouces<\/b> offrant une exp\u00e9rience visuelle large et d\u00e9taill\u00e9e, id\u00e9ale pour le multim\u00e9dia et le multit\u00e2che. Sa <b>m\u00e9moire RAM de 12 Go<\/b> garantit une gestion fluide de plusieurs applications, tandis que sa <b>capacit\u00e9 de stockage de 128 Go<\/b> permet de conserver beaucoup de contenu sans souci. C\u00f4t\u00e9 photo, il se distingue par un syst\u00e8me de <b>triple cam\u00e9ra arri\u00e8re de 50MP, 48MP et 48MP<\/b> qui fournit des clich\u00e9s tr\u00e8s nets, avec des am\u00e9liorations notables en <b>macro focus<\/b> et un zoom avanc\u00e9 surpassant les g\u00e9n\u00e9rations pr\u00e9c\u00e9dentes, ainsi qu\u2019une cam\u00e9ra frontale de <b>10,5MP<\/b> con\u00e7ue pour des selfies d\u00e9taill\u00e9s. L\u2019enregistrement vid\u00e9o b\u00e9n\u00e9ficie de technologies IA optimisant couleur, \u00e9clairage, stabilisation et r\u00e9duction du bruit, avec un mode vid\u00e9o \u00e0 <b>vision nocturne<\/b>. L\u2019appareil int\u00e8gre un \u00e9diteur photo professionnel avec des fonctions intelligentes permettant de modifier l\u2019\u00e9clairage, d\u00e9placer des sujets et retoucher les images de fa\u00e7on intuitive. En connectivit\u00e9 et fonctionnalit\u00e9s, il offre le <b>GPS<\/b> et des technologies de traduction instantan\u00e9e en 49 langues, transcription en temps r\u00e9el et filtres d\u2019appels intelligents, am\u00e9liorant la communication partout. Sa batterie de <b>5050 mAh<\/b> avec <b>charge rapide 30W<\/b> assure une autonomie de plus de 24 heures, adapt\u00e9e \u00e0 un usage intensif quotidien. En s\u00e9curit\u00e9, le Pixel 8 Pro int\u00e8gre la puce Titan M2 avec le Tensor G3 pour plusieurs couches de protection, des mises \u00e0 jour garanties pendant 7 ans et des fonctions exclusives comme la d\u00e9tection automatique d\u2019accidents avec appel d\u2019urgence, alertes proactives pour crises naturelles et VPN Google One int\u00e9gr\u00e9 pour prot\u00e9ger la navigation priv\u00e9e. Cet ensemble de caract\u00e9ristiques fait du <b>Google Pixel 8 Pro<\/b> un appareil professionnel int\u00e9grant le meilleur de l\u2019innovation, la s\u00e9curit\u00e9 et la performance pour les utilisateurs exigeants.<\/p>\n<ul>\n<li>Brille:\n<ul>\n<li>2400 cd\/m\u00b2<\/li>\n<li>1600 CD\/M\u00b2<\/li>\n<\/ul>\n<\/li>\n<li>Fr\u00e9quence: 120 Hz<\/li>\n<li>Technologie:\n<ul>\n<li>OLED<\/li>\n<li>Corning Gorilla Glass<\/li>\n<li>Mime<\/li>\n<li>Glonass<\/li>\n<\/ul>\n<\/li>\n<li>Acc\u00e9l\u00e9rom\u00e8tre: Oui<\/li>\n<li>Stabilisateur d&#8217;image: Oui<\/li>\n<li>Glonass: Oui<\/li>\n<li>Type:\n<ul>\n<li>Dual SIM<\/li>\n<li>Smartphone<\/li>\n<\/ul>\n<\/li>\n<li>Chargeur sans fil: Oui<\/li>\n<li>Gyroscope: Oui<\/li>\n<li>Connectivit\u00e9:\n<ul>\n<li>5G<\/li>\n<li>WI-FI 7<\/li>\n<li>Bluetooth 5.3<\/li>\n<li>Galileo<\/li>\n<li>Bluetooth 5.0<\/li>\n<li>NFC<\/li>\n<li>Wi-Fi<\/li>\n<li>Bluetooth<\/li>\n<li>4G<\/li>\n<li>GPS<\/li>\n<li>LTE<\/li>\n<\/ul>\n<\/li>\n<li>Caract\u00e9ristiques:\n<ul>\n<li>Lecteur d&#8217;empreintes<\/li>\n<li>Chargement rapide<\/li>\n<li>St\u00e9r\u00e9o<\/li>\n<li>HDR<\/li>\n<li>Acc\u00e9l\u00e9rom\u00e8tre<\/li>\n<li>GPS<\/li>\n<li>Barom\u00e8tre<\/li>\n<li>Ecran tactile<\/li>\n<li>Capteur de lumi\u00e8re ambiante<\/li>\n<li>Autofocus<\/li>\n<li>Chargement rapide et fiable<\/li>\n<li>Chargeur sans fil<\/li>\n<li>Syst\u00e8me de reconnaissance faciale<\/li>\n<li>Stabilisateur d&#8217;image<\/li>\n<li>Capteur de proximit\u00e9<\/li>\n<li>Gorilla Glass<\/li>\n<li>\u00c9cran plat<\/li>\n<\/ul>\n<\/li>\n<li>Capteurs:\n<ul>\n<li>Magn\u00e9tique<\/li>\n<li>Acc\u00e9l\u00e9rom\u00e8tre<\/li>\n<li>Gyroscope<\/li>\n<\/ul>\n<\/li>\n<li>Rapport d&#8217;aspect: 20:9<\/li>\n<li>Processeur: GOOGLE TENSOR G3<\/li>\n<li>Type de m\u00e9moire: LPDDR5X<\/li>\n<li>Capacit\u00e9 de la batterie: 5050 mAh<\/li>\n<li>Cam\u00e9ra\/Appareil Photo:\n<ul>\n<li>50 Mp<\/li>\n<li>Frontal<\/li>\n<li>48 MP<\/li>\n<li>Triple<\/li>\n<\/ul>\n<\/li>\n<li>M\u00e9moire interne: 128 GB<\/li>\n<li>Connexions:\n<ul>\n<li>nano SIM<\/li>\n<li>USB-C<\/li>\n<li>USB 3.2<\/li>\n<li>Dual SIM<\/li>\n<li>USB<\/li>\n<\/ul>\n<\/li>\n<li>Zoom Optique:\n<ul>\n<li>10x<\/li>\n<li>5x<\/li>\n<li>x 5<\/li>\n<\/ul>\n<\/li>\n<li>Zoom Num\u00e9rique: 20x<\/li>\n<li>Fonctions:\n<ul>\n<li>Barom\u00e8tre<\/li>\n<li>ECO<\/li>\n<\/ul>\n<\/li>\n<li>Mati\u00e8re: Aluminium<\/li>\n<li>Couleur:\n<ul>\n<li>Bleu<\/li>\n<li>Celeste<\/li>\n<\/ul>\n<\/li>\n<li>Inclut: C\u00e2ble USB-C<\/li>\n<li>Ecran: 6,7&#8243;<\/li>\n<li>GPS: Oui<\/li>\n<li>M\u00e9moire RAM: 12 GB RAM<\/li>\n<li>Classification IP: IP68<\/li>\n<li>Facteur de forme: Bar<\/li>\n<li>Produit \u00e0 brancher: Oui<\/li>\n<li>Diagonale de l&#8217;\u00e9cran (cm): 17 cm<\/li>\n<li>Type de prise: Prise EU<\/li>\n<li>Bloc d\u2019Alimentation: r\u00e9seau \u00e9lectrique<\/li>\n<li>Indice de r\u00e9parabilit\u00e9: 8.2<\/li>\n<li>Syst\u00e8me d&#8217;exploitation: Android<\/li>\n<li>puissance: 30 W<\/li>\n<li>Langue: Anglais<\/li>\n<li>Non Inclus: Adaptateur AC<\/li>\n<li>Fonctionne \u00e0 piles: 1 Litio Ion, incluidas<\/li>\n<li>Rapport de contraste: 1000000:1<\/li>\n<li>Type de batterie: Litio Ion<\/li>\n<li>R\u00e9solution (px): 1080 px<\/li>\n<\/ul>","protected":false},"excerpt":{"rendered":"<p>Si vous \u00eates passionn\u00e9 d&#8217;informatique et d&#8217;\u00e9lectronique, si vous \u00eates \u00e0 la pointe de la technologie et qu&#8217;aucun d\u00e9tail ne vous \u00e9chappe, achetez Smartphone Google Pixel 8 Pro 6,7&#8243; 12 GB RAM 128 GB Bleu au meilleur prix. Le Google Pixel 8 Pro est un smartphone avanc\u00e9 qui allie un design soign\u00e9 en tons bleu [&hellip;]<\/p>\n","protected":false},"featured_media":23758,"comment_status":"open","ping_status":"closed","template":"","meta":[],"product_brand":[1149],"product_cat":[575,65,960],"product_tag":[213,566,106],"class_list":{"0":"post-23763","1":"product","2":"type-product","3":"status-publish","4":"has-post-thumbnail","6":"product_brand-brandp_2817","7":"product_cat-electronique-telephonie-et-tablettes","8":"product_cat-informatique-electronique","9":"product_cat-telephones-portables","10":"product_tag-tag_933","11":"product_tag-tag_547","12":"product_tag-tag_1295","14":"first","15":"instock","16":"taxable","17":"shipping-taxable","18":"purchasable","19":"product-type-simple"},"_links":{"self":[{"href":"https:\/\/bigbuy.tupique.com\/en\/wp-json\/wp\/v2\/product\/23763","targetHints":{"allow":["GET"]}}],"collection":[{"href":"https:\/\/bigbuy.tupique.com\/en\/wp-json\/wp\/v2\/product"}],"about":[{"href":"https:\/\/bigbuy.tupique.com\/en\/wp-json\/wp\/v2\/types\/product"}],"replies":[{"embeddable":true,"href":"https:\/\/bigbuy.tupique.com\/en\/wp-json\/wp\/v2\/comments?post=23763"}],"wp:featuredmedia":[{"embeddable":true,"href":"https:\/\/bigbuy.tupique.com\/en\/wp-json\/wp\/v2\/media\/23758"}],"wp:attachment":[{"href":"https:\/\/bigbuy.tupique.com\/en\/wp-json\/wp\/v2\/media?parent=23763"}],"wp:term":[{"taxonomy":"product_brand","embeddable":true,"href":"https:\/\/bigbuy.tupique.com\/en\/wp-json\/wp\/v2\/product_brand?post=23763"},{"taxonomy":"product_cat","embeddable":true,"href":"https:\/\/bigbuy.tupique.com\/en\/wp-json\/wp\/v2\/product_cat?post=23763"},{"taxonomy":"product_tag","embeddable":true,"href":"https:\/\/bigbuy.tupique.com\/en\/wp-json\/wp\/v2\/product_tag?post=23763"}],"curies":[{"name":"wp","href":"https:\/\/api.w.org\/{rel}","templated":true}]}}