{"id":23677,"date":"2026-03-29T19:52:57","date_gmt":"2026-03-29T18:52:57","guid":{"rendered":"https:\/\/bigbuy.tupique.com\/produto\/desktop-switch-hpe-r9y04a\/"},"modified":"2026-04-15T02:59:06","modified_gmt":"2026-04-15T01:59:06","slug":"desktop-switch-hpe-r9y04a","status":"publish","type":"product","link":"https:\/\/bigbuy.tupique.com\/en\/produto\/desktop-switch-hpe-r9y04a\/","title":{"rendered":"Commutateur R\u00e9seau de Bureau HPE R9Y04A"},"content":{"rendered":"<p>Si vous \u00eates passionn\u00e9 d&#8217;<b>informatique et d&#8217;\u00e9lectronique<\/b>, si vous \u00eates \u00e0 la pointe de la technologie et qu&#8217;aucun d\u00e9tail ne vous \u00e9chappe, achetez <b>Commutateur R\u00e9seau de Bureau HPE R9Y04A<\/b> au meilleur prix.<\/p>\n<ul>\n<li>Connexions:\n<ul>\n<li>RJ45 x 48<\/li>\n<li>PoE<\/li>\n<li>Ethernet LAN<\/li>\n<\/ul>\n<\/li>\n<li>M\u00e9moire Flash: 16 MB<\/li>\n<li>Processeur: ARM Cortex A9<\/li>\n<li>Facteur de forme: 1U<\/li>\n<li>M\u00e9moire RAM: 4 GB<\/li>\n<\/ul>","protected":false},"excerpt":{"rendered":"<p>Si vous \u00eates passionn\u00e9 d&#8217;informatique et d&#8217;\u00e9lectronique, si vous \u00eates \u00e0 la pointe de la technologie et qu&#8217;aucun d\u00e9tail ne vous \u00e9chappe, achetez Commutateur R\u00e9seau de Bureau HPE R9Y04A au meilleur prix. Connexions: RJ45 x 48 PoE Ethernet LAN M\u00e9moire Flash: 16 MB Processeur: ARM Cortex A9 Facteur de forme: 1U M\u00e9moire RAM: 4 GB<\/p>","protected":false},"featured_media":23675,"comment_status":"open","ping_status":"closed","template":"","meta":[],"product_brand":[644],"product_cat":[65,584,585],"product_tag":[106],"class_list":{"0":"post-23677","1":"product","2":"type-product","3":"status-publish","4":"has-post-thumbnail","6":"product_brand-brandp_662","7":"product_cat-informatique-electronique","8":"product_cat-informatique-reseaux-et-composants","9":"product_cat-switch","10":"product_tag-tag_1295","12":"first","13":"instock","14":"taxable","15":"shipping-taxable","16":"purchasable","17":"product-type-simple"},"_links":{"self":[{"href":"https:\/\/bigbuy.tupique.com\/en\/wp-json\/wp\/v2\/product\/23677","targetHints":{"allow":["GET"]}}],"collection":[{"href":"https:\/\/bigbuy.tupique.com\/en\/wp-json\/wp\/v2\/product"}],"about":[{"href":"https:\/\/bigbuy.tupique.com\/en\/wp-json\/wp\/v2\/types\/product"}],"replies":[{"embeddable":true,"href":"https:\/\/bigbuy.tupique.com\/en\/wp-json\/wp\/v2\/comments?post=23677"}],"wp:featuredmedia":[{"embeddable":true,"href":"https:\/\/bigbuy.tupique.com\/en\/wp-json\/wp\/v2\/media\/23675"}],"wp:attachment":[{"href":"https:\/\/bigbuy.tupique.com\/en\/wp-json\/wp\/v2\/media?parent=23677"}],"wp:term":[{"taxonomy":"product_brand","embeddable":true,"href":"https:\/\/bigbuy.tupique.com\/en\/wp-json\/wp\/v2\/product_brand?post=23677"},{"taxonomy":"product_cat","embeddable":true,"href":"https:\/\/bigbuy.tupique.com\/en\/wp-json\/wp\/v2\/product_cat?post=23677"},{"taxonomy":"product_tag","embeddable":true,"href":"https:\/\/bigbuy.tupique.com\/en\/wp-json\/wp\/v2\/product_tag?post=23677"}],"curies":[{"name":"wp","href":"https:\/\/api.w.org\/{rel}","templated":true}]}}