{"id":23674,"date":"2026-03-29T19:52:53","date_gmt":"2026-03-29T18:52:53","guid":{"rendered":"https:\/\/bigbuy.tupique.com\/produto\/toner-hp-cf341a-tricolour-3-units\/"},"modified":"2026-05-11T20:02:25","modified_gmt":"2026-05-11T18:02:25","slug":"toner-hp-cf341a-tricolour-3-units","status":"publish","type":"product","link":"https:\/\/bigbuy.tupique.com\/en\/produto\/toner-hp-cf341a-tricolour-3-units\/","title":{"rendered":"Toner HP CF341A Tricolore (3 Unit\u00e9s)"},"content":{"rendered":"<p>Retournez au bureau sans rien oublier ! Achetez <b>Toner HP CF341A Tricolore (3 Unit\u00e9s)<\/b> et faites envie \u00e0 vos coll\u00e8gues!<\/p>\n<p>Le <b>pack de toners HP 126A (mod\u00e8le CF341A)<\/b> est un ensemble original con\u00e7u pour offrir qualit\u00e9 et fiabilit\u00e9 dans les impressions couleur professionnelles. Compatible avec les imprimantes HP LaserJet Pro des s\u00e9ries <b>CP1025, CP1025nw, 100 M175a, 100 M175nw et M275<\/b>, ce pack comprend les trois cartouches de toner <b>tricolores en cyan, magenta et jaune<\/b>, indispensables pour obtenir une large gamme chromatique et une pr\u00e9cision \u00e0 chaque impression. Fabriqu\u00e9s selon les normes HP, ces toners garantissent des r\u00e9sultats vifs et constants sur documents et supports marketing, en conservant la nettet\u00e9 et la brillance propres aux produits originaux. Gr\u00e2ce \u00e0 leur formulation sp\u00e9cifique, ces toners assurent une adh\u00e9rence optimale du pigment sur le papier, r\u00e9duisant les bavures et offrant une impression uniforme, id\u00e9ale pour un usage professionnel comme personnel. Provenant du Japon, ces consommables sont compatibles avec les impressions couleur et con\u00e7us pour maximiser performance et durabilit\u00e9, contribuant \u00e0 un fonctionnement efficace et sans souci de l\u2019imprimante. Le pack CF341A est une solution compl\u00e8te pour les utilisateurs souhaitant imprimer en couleur avec la qualit\u00e9 authentique HP, tout en maintenant la fiabilit\u00e9 et la performance attendues de la marque. Ensemble, ces toners constituent une option \u00e9quilibr\u00e9e pour pr\u00e9server productivit\u00e9 et qualit\u00e9 sur les \u00e9quipements LaserJet Pro compatibles.<\/p>\n<ul>\n<li>Couleur:\n<ul>\n<li>Cyan<\/li>\n<li>Magenta<\/li>\n<li>Tricolore<\/li>\n<li>Jaune<\/li>\n<li>Cyan\/Magenta\/Jaune<\/li>\n<\/ul>\n<\/li>\n<li>Performance: 3000 pp<\/li>\n<li>Compatible:\n<ul>\n<li>LaserJet Pro CP1025, LaserJet Pro CP1025nw, LaserJet Pro 100 M175a, LaserJet Pro 100 M175nw, LaserJet Pro M275<\/li>\n<li>HP<\/li>\n<\/ul>\n<\/li>\n<li>Type: Toner<\/li>\n<li>Caract\u00e9ristiques:\n<ul>\n<li>Couleur<\/li>\n<li>Original<\/li>\n<\/ul>\n<\/li>\n<li>Technologie: Laser<\/li>\n<li>Nombre de pi\u00e8ces: 3 Pi\u00e8ces<\/li>\n<li>Pr\u00e9cision (humidit\u00e9 relative): 20 % &#8211; 80 %<\/li>\n<li>Temp\u00e9rature approximative: -20\u00ba \/ 40\u00ba<\/li>\n<li>Unit\u00e9s: 3 Unit\u00e9s<\/li>\n<li>Capacit\u00e9: 1000 Pages<\/li>\n<\/ul>","protected":false},"excerpt":{"rendered":"<p>Retournez au bureau sans rien oublier ! Achetez Toner HP CF341A Tricolore (3 Unit\u00e9s) et faites envie \u00e0 vos coll\u00e8gues! Le pack de toners HP 126A (mod\u00e8le CF341A) est un ensemble original con\u00e7u pour offrir qualit\u00e9 et fiabilit\u00e9 dans les impressions couleur professionnelles. Compatible avec les imprimantes HP LaserJet Pro des s\u00e9ries CP1025, CP1025nw, 100 [&hellip;]<\/p>\n","protected":false},"featured_media":23673,"comment_status":"open","ping_status":"closed","template":"","meta":[],"product_brand":[630],"product_cat":[65,581,582],"product_tag":[213,59,106],"class_list":{"0":"post-23674","1":"product","2":"type-product","3":"status-publish","4":"has-post-thumbnail","6":"product_brand-brandp_909","7":"product_cat-informatique-electronique","8":"product_cat-informatique-peripheriques-et-consommables","9":"product_cat-toners-originaux","10":"product_tag-tag_933","11":"product_tag-tag_1304","12":"product_tag-tag_1295","14":"first","15":"instock","16":"taxable","17":"shipping-taxable","18":"purchasable","19":"product-type-simple"},"_links":{"self":[{"href":"https:\/\/bigbuy.tupique.com\/en\/wp-json\/wp\/v2\/product\/23674","targetHints":{"allow":["GET"]}}],"collection":[{"href":"https:\/\/bigbuy.tupique.com\/en\/wp-json\/wp\/v2\/product"}],"about":[{"href":"https:\/\/bigbuy.tupique.com\/en\/wp-json\/wp\/v2\/types\/product"}],"replies":[{"embeddable":true,"href":"https:\/\/bigbuy.tupique.com\/en\/wp-json\/wp\/v2\/comments?post=23674"}],"wp:featuredmedia":[{"embeddable":true,"href":"https:\/\/bigbuy.tupique.com\/en\/wp-json\/wp\/v2\/media\/23673"}],"wp:attachment":[{"href":"https:\/\/bigbuy.tupique.com\/en\/wp-json\/wp\/v2\/media?parent=23674"}],"wp:term":[{"taxonomy":"product_brand","embeddable":true,"href":"https:\/\/bigbuy.tupique.com\/en\/wp-json\/wp\/v2\/product_brand?post=23674"},{"taxonomy":"product_cat","embeddable":true,"href":"https:\/\/bigbuy.tupique.com\/en\/wp-json\/wp\/v2\/product_cat?post=23674"},{"taxonomy":"product_tag","embeddable":true,"href":"https:\/\/bigbuy.tupique.com\/en\/wp-json\/wp\/v2\/product_tag?post=23674"}],"curies":[{"name":"wp","href":"https:\/\/api.w.org\/{rel}","templated":true}]}}