{"id":23599,"date":"2026-03-29T19:41:57","date_gmt":"2026-03-29T18:41:57","guid":{"rendered":"https:\/\/bigbuy.tupique.com\/produto\/smartphone-xiaomi-13t-5g-667-12-gb-ram-512-gb-black\/"},"modified":"2026-05-11T19:55:27","modified_gmt":"2026-05-11T17:55:27","slug":"smartphone-xiaomi-13t-5g-667-12-gb-ram-512-gb-black","status":"publish","type":"product","link":"https:\/\/bigbuy.tupique.com\/en\/produto\/smartphone-xiaomi-13t-5g-667-12-gb-ram-512-gb-black\/","title":{"rendered":"Smartphone Xiaomi 13T 5G 6,67&#8243; 12 GB RAM 512 GB Noir"},"content":{"rendered":"<p>Si vous \u00eates passionn\u00e9 d&#8217;<b>informatique et d&#8217;\u00e9lectronique<\/b>, si vous \u00eates \u00e0 la pointe de la technologie et qu&#8217;aucun d\u00e9tail ne vous \u00e9chappe, achetez <b>Smartphone Xiaomi 13T 5G 6,67&#8243; 12 GB RAM 512 GB Noir<\/b> au meilleur prix.<\/p>\n<ul>\n<li>Couleur: Noir<\/li>\n<li>Connectivit\u00e9:\n<ul>\n<li>Bluetooth 5.4<\/li>\n<li>Wi-Fi 6E ghz<\/li>\n<li>WI-FI 7<\/li>\n<li>Wi-Fi<\/li>\n<li>4G<\/li>\n<li>nano SIM<\/li>\n<li>5G<\/li>\n<li>Bluetooth<\/li>\n<li>NFC<\/li>\n<li>BeiDou<\/li>\n<li>WCDMA<\/li>\n<\/ul>\n<\/li>\n<li>Capacit\u00e9 de la batterie: 5000 mAh<\/li>\n<li>M\u00e9moire interne: 512 GB<\/li>\n<li>Caract\u00e9ristiques:\n<ul>\n<li>Chargement rapide<\/li>\n<li>HDR<\/li>\n<li>HDR10<\/li>\n<li>HDR10+<\/li>\n<li>GPS<\/li>\n<li>Ecran tactile<\/li>\n<li>Capteur de lumi\u00e8re ambiante<\/li>\n<li>MMS<\/li>\n<li>Autofocus<\/li>\n<li>Activation vocale<\/li>\n<li>Chargement rapide et fiable<\/li>\n<li>SMS<\/li>\n<li>Syst\u00e8me de reconnaissance faciale<\/li>\n<li>Stabilisateur d&#8217;image<\/li>\n<li>Lecteur d&#8217;empreintes<\/li>\n<li>Capteur de proximit\u00e9<\/li>\n<li>Gorilla Glass<\/li>\n<li>\u00c9cran plat<\/li>\n<\/ul>\n<\/li>\n<li>R\u00e9solution (px):\n<ul>\n<li>4096 x 2160 px<\/li>\n<li>2712 X 1220 PX<\/li>\n<li>7680 x 4320 px<\/li>\n<\/ul>\n<\/li>\n<li>Syst\u00e8me d&#8217;exploitation:\n<ul>\n<li>Android 13<\/li>\n<li>Android<\/li>\n<\/ul>\n<\/li>\n<li>Diagonale de l&#8217;\u00e9cran (cm): 16,9 cm<\/li>\n<li>Type de m\u00e9moire: LPDDR5X<\/li>\n<li>Brille: 2600 cd\/m\u00b2<\/li>\n<li>Processeur:\n<ul>\n<li>Mediatek Dimensity 9200+<\/li>\n<li>Octa Core<\/li>\n<\/ul>\n<\/li>\n<li>R\u00e9solution: 446 PPP<\/li>\n<li>Puissance de charge: 120 W<\/li>\n<li>Stabilisateur d&#8217;image: Oui<\/li>\n<li>Poids approx.: 206 g<\/li>\n<li>Technologie:\n<ul>\n<li>AMOLED<\/li>\n<li>LED<\/li>\n<li>Glonass<\/li>\n<\/ul>\n<\/li>\n<li>Classification IP: IP68<\/li>\n<li>Connexions:\n<ul>\n<li>USB-C<\/li>\n<li>Dual SIM<\/li>\n<li>USB<\/li>\n<\/ul>\n<\/li>\n<li>M\u00e9moire RAM: 12 GB RAM<\/li>\n<li>Ecran: 6,67&#8243;<\/li>\n<li>Fr\u00e9quence: 144 Hz<\/li>\n<li>Produit \u00e0 brancher: Oui<\/li>\n<li>Type: Smartphone<\/li>\n<li>Type de prise: Prise EU<\/li>\n<li>Bloc d\u2019Alimentation: r\u00e9seau \u00e9lectrique<\/li>\n<li>Indice de r\u00e9parabilit\u00e9: 7.1<\/li>\n<li>puissance: 120 W<\/li>\n<li>Cam\u00e9ra\/Appareil Photo:\n<ul>\n<li>20 mpx<\/li>\n<li>50 Mp<\/li>\n<li>Frontal<\/li>\n<li>20 Mp<\/li>\n<li>Triple<\/li>\n<\/ul>\n<\/li>\n<li>Zoom Num\u00e9rique: 20x<\/li>\n<li>Capteurs:\n<ul>\n<li>Acc\u00e9l\u00e9rom\u00e8tre<\/li>\n<li>Gyroscope<\/li>\n<\/ul>\n<\/li>\n<li>Inclut: Haut-parleur<\/li>\n<li>Fonctions:\n<ul>\n<li>ECO<\/li>\n<li>Vibration<\/li>\n<\/ul>\n<\/li>\n<li>Angle: 78\u00ba<\/li>\n<li>Rapport d&#8217;aspect: 20:9<\/li>\n<li>Ouverture: f\/1,9<\/li>\n<li>Noyaux: 8 Noyaux<\/li>\n<li>Famille de processeurs:\n<ul>\n<li>MediaTek<\/li>\n<li>MediaTek Dimensity<\/li>\n<\/ul>\n<\/li>\n<\/ul>","protected":false},"excerpt":{"rendered":"<p>Si vous \u00eates passionn\u00e9 d&#8217;informatique et d&#8217;\u00e9lectronique, si vous \u00eates \u00e0 la pointe de la technologie et qu&#8217;aucun d\u00e9tail ne vous \u00e9chappe, achetez Smartphone Xiaomi 13T 5G 6,67&#8243; 12 GB RAM 512 GB Noir au meilleur prix. Couleur: Noir Connectivit\u00e9: Bluetooth 5.4 Wi-Fi 6E ghz WI-FI 7 Wi-Fi 4G nano SIM 5G Bluetooth NFC BeiDou [&hellip;]<\/p>\n","protected":false},"featured_media":159635,"comment_status":"open","ping_status":"closed","template":"","meta":[],"product_brand":[525],"product_cat":[575,65,960],"product_tag":[213,566,106],"class_list":{"0":"post-23599","1":"product","2":"type-product","3":"status-publish","4":"has-post-thumbnail","6":"product_brand-brandp_1269","7":"product_cat-electronique-telephonie-et-tablettes","8":"product_cat-informatique-electronique","9":"product_cat-telephones-portables","10":"product_tag-tag_933","11":"product_tag-tag_547","12":"product_tag-tag_1295","14":"first","15":"instock","16":"taxable","17":"shipping-taxable","18":"purchasable","19":"product-type-simple"},"_links":{"self":[{"href":"https:\/\/bigbuy.tupique.com\/en\/wp-json\/wp\/v2\/product\/23599","targetHints":{"allow":["GET"]}}],"collection":[{"href":"https:\/\/bigbuy.tupique.com\/en\/wp-json\/wp\/v2\/product"}],"about":[{"href":"https:\/\/bigbuy.tupique.com\/en\/wp-json\/wp\/v2\/types\/product"}],"replies":[{"embeddable":true,"href":"https:\/\/bigbuy.tupique.com\/en\/wp-json\/wp\/v2\/comments?post=23599"}],"wp:featuredmedia":[{"embeddable":true,"href":"https:\/\/bigbuy.tupique.com\/en\/wp-json\/wp\/v2\/media\/159635"}],"wp:attachment":[{"href":"https:\/\/bigbuy.tupique.com\/en\/wp-json\/wp\/v2\/media?parent=23599"}],"wp:term":[{"taxonomy":"product_brand","embeddable":true,"href":"https:\/\/bigbuy.tupique.com\/en\/wp-json\/wp\/v2\/product_brand?post=23599"},{"taxonomy":"product_cat","embeddable":true,"href":"https:\/\/bigbuy.tupique.com\/en\/wp-json\/wp\/v2\/product_cat?post=23599"},{"taxonomy":"product_tag","embeddable":true,"href":"https:\/\/bigbuy.tupique.com\/en\/wp-json\/wp\/v2\/product_tag?post=23599"}],"curies":[{"name":"wp","href":"https:\/\/api.w.org\/{rel}","templated":true}]}}