{"id":23567,"date":"2026-03-29T19:41:01","date_gmt":"2026-03-29T18:41:01","guid":{"rendered":"https:\/\/bigbuy.tupique.com\/produto\/tablet-samsung-galaxy-tab-active4-pro-6-gb-ram-101-128-gb-black\/"},"modified":"2026-04-15T18:01:17","modified_gmt":"2026-04-15T17:01:17","slug":"tablet-samsung-galaxy-tab-active4-pro-6-gb-ram-101-128-gb-black","status":"publish","type":"product","link":"https:\/\/bigbuy.tupique.com\/en\/produto\/tablet-samsung-galaxy-tab-active4-pro-6-gb-ram-101-128-gb-black\/","title":{"rendered":"Tablette Samsung Galaxy Tab Active4 Pro 6 GB RAM 10,1&#8243; 128 GB Noir"},"content":{"rendered":"<p>Si vous \u00eates passionn\u00e9 d&#8217;<b>informatique et d&#8217;\u00e9lectronique<\/b>, si vous \u00eates \u00e0 la pointe de la technologie et qu&#8217;aucun d\u00e9tail ne vous \u00e9chappe, achetez <b>Tablette Samsung Galaxy Tab Active4 Pro 6 GB RAM 10,1&#8243; 128 GB Noir<\/b> au meilleur prix.<\/p>\n<ul>\n<li>Type: Tablette<\/li>\n<li>Processeur:\n<ul>\n<li>Octa Core<\/li>\n<li>Snapdragon 778G<\/li>\n<\/ul>\n<\/li>\n<li>Connectivit\u00e9:\n<ul>\n<li>NFC<\/li>\n<li>Bluetooth<\/li>\n<li>Wi-Fi 6 GHz<\/li>\n<li>Wi-Fi<\/li>\n<li>GPS<\/li>\n<li>Galileo<\/li>\n<li>5G<\/li>\n<li>Bluetooth 5.2<\/li>\n<\/ul>\n<\/li>\n<li>Technologie:\n<ul>\n<li>IPS<\/li>\n<li>TFT<\/li>\n<li>LCD<\/li>\n<li>Capacitive<\/li>\n<\/ul>\n<\/li>\n<li>Caract\u00e9ristiques:\n<ul>\n<li>Capteurs<\/li>\n<li>Webcam<\/li>\n<li>Cam\u00e9ra\/Appareil Photo<\/li>\n<li>Wi-Fi<\/li>\n<li>Amovible<\/li>\n<li>Batterie<\/li>\n<li>Ecran<\/li>\n<li>Android<\/li>\n<li>Cam\u00e9ra frontale<\/li>\n<li>Autofocus<\/li>\n<li>Pile incluse<\/li>\n<li>Lecteur de Cartes<\/li>\n<li>Lecteur d&#8217;empreintes<\/li>\n<li>Connexion au r\u00e9seau mobile<\/li>\n<li>Boussole \u00e9lectronique<\/li>\n<li>Gorilla Glass<\/li>\n<\/ul>\n<\/li>\n<li>R\u00e9solution (px):\n<ul>\n<li>2160 px<\/li>\n<li>3840 x 2160 px<\/li>\n<li>1920 x 1200 px<\/li>\n<\/ul>\n<\/li>\n<li>Syst\u00e8me d&#8217;exploitation: Android<\/li>\n<li>Ecran:\n<ul>\n<li>10,1&#8221;<\/li>\n<li>10,1&#8243;<\/li>\n<\/ul>\n<\/li>\n<li>Couleur: Noir<\/li>\n<li>Connexions:\n<ul>\n<li>USB-C<\/li>\n<li>Jack 3.5 mm<\/li>\n<li>USB-C 3.2 Gen 1 (3.1 Gen 1)<\/li>\n<\/ul>\n<\/li>\n<li>Produit \u00e0 brancher: Oui<\/li>\n<li>Type de prise: Prise EU<\/li>\n<li>M\u00e9moire RAM: 6 GB RAM<\/li>\n<li>Diagonale de l&#8217;\u00e9cran (cm): 25,7 cm<\/li>\n<li>Autonomie approx.: 16 heures<\/li>\n<li>M\u00e9moire interne: 128 GB<\/li>\n<li>Fonctions: Acc\u00e9l\u00e9rom\u00e8tre<\/li>\n<li>Bloc d\u2019Alimentation: r\u00e9seau \u00e9lectrique<\/li>\n<li>Cam\u00e9ra\/Appareil Photo:\n<ul>\n<li>8 mpx<\/li>\n<li>13 mpx<\/li>\n<li>8 MP<\/li>\n<li>13 MP<\/li>\n<li>Arri\u00e8re<\/li>\n<\/ul>\n<\/li>\n<li>Capacit\u00e9 de la batterie: 7600 mAh<\/li>\n<li>Rapport d&#8217;aspect: 16:10<\/li>\n<li>R\u00e9solution: WUXGA<\/li>\n<li>vitesse:\n<ul>\n<li>30 fps<\/li>\n<li>2.4 GHz<\/li>\n<li>1.8 GHz<\/li>\n<\/ul>\n<\/li>\n<li>Taille maximale de la carte m\u00e9moire: 1 TB<\/li>\n<li>Cartes M\u00e9moire Compatibles: MicroSD (TransFlash)<\/li>\n<li>Inclut: Crayon tactile<\/li>\n<li>Ann\u00e9e: 2022<\/li>\n<li>Noyaux: 8 Noyaux<\/li>\n<li>Famille de processeurs: Qualcomm Snapdragon<\/li>\n<\/ul>","protected":false},"excerpt":{"rendered":"<p>Si vous \u00eates passionn\u00e9 d&#8217;informatique et d&#8217;\u00e9lectronique, si vous \u00eates \u00e0 la pointe de la technologie et qu&#8217;aucun d\u00e9tail ne vous \u00e9chappe, achetez Tablette Samsung Galaxy Tab Active4 Pro 6 GB RAM 10,1&#8243; 128 GB Noir au meilleur prix. Type: Tablette Processeur: Octa Core Snapdragon 778G Connectivit\u00e9: NFC Bluetooth Wi-Fi 6 GHz Wi-Fi GPS Galileo [&hellip;]<\/p>\n","protected":false},"featured_media":72685,"comment_status":"open","ping_status":"closed","template":"","meta":[],"product_brand":[183],"product_cat":[575,65,1052],"product_tag":[566,106],"class_list":{"0":"post-23567","1":"product","2":"type-product","3":"status-publish","4":"has-post-thumbnail","6":"product_brand-brandp_576","7":"product_cat-electronique-telephonie-et-tablettes","8":"product_cat-informatique-electronique","9":"product_cat-tablettes","10":"product_tag-tag_547","11":"product_tag-tag_1295","13":"first","14":"instock","15":"taxable","16":"shipping-taxable","17":"purchasable","18":"product-type-simple"},"_links":{"self":[{"href":"https:\/\/bigbuy.tupique.com\/en\/wp-json\/wp\/v2\/product\/23567","targetHints":{"allow":["GET"]}}],"collection":[{"href":"https:\/\/bigbuy.tupique.com\/en\/wp-json\/wp\/v2\/product"}],"about":[{"href":"https:\/\/bigbuy.tupique.com\/en\/wp-json\/wp\/v2\/types\/product"}],"replies":[{"embeddable":true,"href":"https:\/\/bigbuy.tupique.com\/en\/wp-json\/wp\/v2\/comments?post=23567"}],"wp:featuredmedia":[{"embeddable":true,"href":"https:\/\/bigbuy.tupique.com\/en\/wp-json\/wp\/v2\/media\/72685"}],"wp:attachment":[{"href":"https:\/\/bigbuy.tupique.com\/en\/wp-json\/wp\/v2\/media?parent=23567"}],"wp:term":[{"taxonomy":"product_brand","embeddable":true,"href":"https:\/\/bigbuy.tupique.com\/en\/wp-json\/wp\/v2\/product_brand?post=23567"},{"taxonomy":"product_cat","embeddable":true,"href":"https:\/\/bigbuy.tupique.com\/en\/wp-json\/wp\/v2\/product_cat?post=23567"},{"taxonomy":"product_tag","embeddable":true,"href":"https:\/\/bigbuy.tupique.com\/en\/wp-json\/wp\/v2\/product_tag?post=23567"}],"curies":[{"name":"wp","href":"https:\/\/api.w.org\/{rel}","templated":true}]}}