{"id":23417,"date":"2026-03-29T19:37:07","date_gmt":"2026-03-29T18:37:07","guid":{"rendered":"https:\/\/bigbuy.tupique.com\/produto\/smartphone-apple-iphone-15-61-hexa-core-6-gb-ram-256-gb-yellow\/"},"modified":"2026-04-16T23:18:00","modified_gmt":"2026-04-16T22:18:00","slug":"smartphone-apple-iphone-15-61-hexa-core-6-gb-ram-256-gb-yellow","status":"publish","type":"product","link":"https:\/\/bigbuy.tupique.com\/en\/produto\/smartphone-apple-iphone-15-61-hexa-core-6-gb-ram-256-gb-yellow\/","title":{"rendered":"Smartphone Apple iPhone 15 6,1&#8243; Hexa Core 6 GB RAM 256 GB Jaune"},"content":{"rendered":"<p>Si vous \u00eates passionn\u00e9 d&#8217;<b>informatique et d&#8217;\u00e9lectronique<\/b>, si vous \u00eates \u00e0 la pointe de la technologie et qu&#8217;aucun d\u00e9tail ne vous \u00e9chappe, achetez <b>Smartphone Apple iPhone 15 6,1&#8243; Hexa Core 6 GB RAM 256 GB Jaune<\/b> au meilleur prix.<\/p>\n<p>L\u2019<b>iPhone 15<\/b> d\u2019Apple est un <b>smartphone<\/b> con\u00e7u pour offrir une exp\u00e9rience mobile haut de gamme, se distinguant par sa combinaison soign\u00e9e de mat\u00e9riel avanc\u00e9 et d\u2019ergonomie centr\u00e9e sur l\u2019utilisateur. Ce mod\u00e8le, pr\u00e9sent\u00e9 dans une \u00e9l\u00e9gante couleur <b>jaune<\/b>, int\u00e8gre un <b>\u00e9cran tactile de 6,1 pouces<\/b> garantissant des images nettes et des couleurs \u00e9clatantes, id\u00e9al pour profiter de contenus multim\u00e9dias ou naviguer avec clart\u00e9. Ses <b>256 Go de stockage interne<\/b> permettent de conserver de nombreuses applications, photos et vid\u00e9os sans souci d\u2019espace, tandis que ses <b>6 Go de m\u00e9moire RAM<\/b> assurent des performances fluides m\u00eame lors du multit\u00e2che ou avec des applications exigeantes. Dot\u00e9 de fonctionnalit\u00e9s essentielles telles que le <b>GPS<\/b> pour une navigation pr\u00e9cise et le <b>barom\u00e8tre<\/b> pour les applications sportives et m\u00e9t\u00e9orologiques, l\u2019appareil inclut \u00e9galement des capteurs avanc\u00e9s comme le <b>d\u00e9clencheur pour cam\u00e9ras<\/b> et le capteur de lumi\u00e8re ambiante, am\u00e9liorant l\u2019utilisation, l\u2019autonomie et l\u2019adaptation \u00e0 l\u2019environnement. L\u2019int\u00e9gration de technologies de pointe positionne cet iPhone dans la gamme premium du march\u00e9, facilitant aussi bien le travail que les loisirs au quotidien. Avec ce mod\u00e8le, Apple confirme sa r\u00e9putation dans le secteur de la mobilit\u00e9, en proposant une solution robuste, performante et conforme aux attentes actuelles en mati\u00e8re de connectivit\u00e9 et de rendement.<\/p>\n<ul>\n<li>Ecran: 6,1&#8243;<\/li>\n<li>M\u00e9moire interne: 256 GB<\/li>\n<li>Produit \u00e0 brancher: Oui<\/li>\n<li>Type:\n<ul>\n<li>Smartphone<\/li>\n<li>D\u00e9clenchement de l&#8217;appareil photo<\/li>\n<\/ul>\n<\/li>\n<li>Type de prise: Prise EU<\/li>\n<li>Diagonale de l&#8217;\u00e9cran (cm): 15,5 cm<\/li>\n<li>Bloc d\u2019Alimentation:\n<ul>\n<li>r\u00e9seau \u00e9lectrique<\/li>\n<li>USB<\/li>\n<\/ul>\n<\/li>\n<li>Indice de r\u00e9parabilit\u00e9: 7.5<\/li>\n<li>Syst\u00e8me d&#8217;exploitation: iOS<\/li>\n<li>puissance: 20 W<\/li>\n<li>Connectivit\u00e9:\n<ul>\n<li>NFC<\/li>\n<li>Bluetooth<\/li>\n<li>Wi-Fi<\/li>\n<li>BeiDou<\/li>\n<li>5G<\/li>\n<li>Positionnement de Wi-Fi<\/li>\n<li>eSIM<\/li>\n<li>Wi-Fi 6 GHz<\/li>\n<li>Bluetooth 5.3<\/li>\n<\/ul>\n<\/li>\n<li>Cam\u00e9ra\/Appareil Photo:\n<ul>\n<li>12 mpx<\/li>\n<li>48 MP<\/li>\n<li>Dual<\/li>\n<li>12 MP<\/li>\n<li>Frontal<\/li>\n<\/ul>\n<\/li>\n<li>Connexions:\n<ul>\n<li>USB-C<\/li>\n<li>USB<\/li>\n<li>Dual SIM<\/li>\n<\/ul>\n<\/li>\n<li>Processeur: Hexa Core<\/li>\n<li>M\u00e9moire RAM: 6 GB RAM<\/li>\n<li>Couleur: Jaune<\/li>\n<li>Caract\u00e9ristiques:\n<ul>\n<li>GPS<\/li>\n<li>Barom\u00e8tre<\/li>\n<li>Ecran tactile<\/li>\n<li>Capteur de lumi\u00e8re ambiante<\/li>\n<li>MMS<\/li>\n<li>Appel vid\u00e9o<\/li>\n<li>HDR<\/li>\n<li>Autofocus<\/li>\n<li>Activation vocale<\/li>\n<li>Chargement rapide et fiable<\/li>\n<li>SMS<\/li>\n<li>Chargeur sans fil<\/li>\n<li>Syst\u00e8me de reconnaissance faciale<\/li>\n<li>Stabilisateur d&#8217;image<\/li>\n<li>Capteur de proximit\u00e9<\/li>\n<li>Ceramic Shield<\/li>\n<li>\u00c9cran avec coins arrondis<\/li>\n<li>\u00c9cran plat<\/li>\n<\/ul>\n<\/li>\n<li>Fonctions:\n<ul>\n<li>D\u00e9clencheur<\/li>\n<li>ECO<\/li>\n<li>G\u00e9olocalisation<\/li>\n<li>Vibration<\/li>\n<\/ul>\n<\/li>\n<li>Zoom Num\u00e9rique: 10x<\/li>\n<li>Classification \u00e9nerg\u00e9tique: B<\/li>\n<li>Capteurs:\n<ul>\n<li>Acc\u00e9l\u00e9rom\u00e8tre<\/li>\n<li>Gyroscope<\/li>\n<\/ul>\n<\/li>\n<li>Classification IP: IP68<\/li>\n<li>Compatible: Windows<\/li>\n<li>Inclut:\n<ul>\n<li>Haut-parleur<\/li>\n<li>USB Type-C &#8211; USB Type-C<\/li>\n<\/ul>\n<\/li>\n<li>Technologie:\n<ul>\n<li>Mime<\/li>\n<li>Glonass<\/li>\n<li>OLED<\/li>\n<li>Capacitive<\/li>\n<\/ul>\n<\/li>\n<li>Brille: 1000 cd\/m\u00b2<\/li>\n<li>Non Inclus: Adaptateur AC<\/li>\n<li>Angle: 120\u00ba<\/li>\n<li>Type de batterie: Litio Ion<\/li>\n<li>Autonomie approx.: 20 heures<\/li>\n<li>Noyaux:\n<ul>\n<li>6 Noyaux<\/li>\n<li>16 Noyaux<\/li>\n<\/ul>\n<\/li>\n<li>R\u00e9solution (px):\n<ul>\n<li>3840 x 2160 px<\/li>\n<li>2160 px<\/li>\n<\/ul>\n<\/li>\n<\/ul>","protected":false},"excerpt":{"rendered":"<p>Si vous \u00eates passionn\u00e9 d&#8217;informatique et d&#8217;\u00e9lectronique, si vous \u00eates \u00e0 la pointe de la technologie et qu&#8217;aucun d\u00e9tail ne vous \u00e9chappe, achetez Smartphone Apple iPhone 15 6,1&#8243; Hexa Core 6 GB RAM 256 GB Jaune au meilleur prix. L\u2019iPhone 15 d\u2019Apple est un smartphone con\u00e7u pour offrir une exp\u00e9rience mobile haut de gamme, se [&hellip;]<\/p>\n","protected":false},"featured_media":23411,"comment_status":"open","ping_status":"closed","template":"","meta":[],"product_brand":[979],"product_cat":[575,65,960],"product_tag":[213,566,106],"class_list":{"0":"post-23417","1":"product","2":"type-product","3":"status-publish","4":"has-post-thumbnail","6":"product_brand-brandp_533","7":"product_cat-electronique-telephonie-et-tablettes","8":"product_cat-informatique-electronique","9":"product_cat-telephones-portables","10":"product_tag-tag_933","11":"product_tag-tag_547","12":"product_tag-tag_1295","14":"first","15":"instock","16":"taxable","17":"shipping-taxable","18":"purchasable","19":"product-type-simple"},"_links":{"self":[{"href":"https:\/\/bigbuy.tupique.com\/en\/wp-json\/wp\/v2\/product\/23417","targetHints":{"allow":["GET"]}}],"collection":[{"href":"https:\/\/bigbuy.tupique.com\/en\/wp-json\/wp\/v2\/product"}],"about":[{"href":"https:\/\/bigbuy.tupique.com\/en\/wp-json\/wp\/v2\/types\/product"}],"replies":[{"embeddable":true,"href":"https:\/\/bigbuy.tupique.com\/en\/wp-json\/wp\/v2\/comments?post=23417"}],"wp:featuredmedia":[{"embeddable":true,"href":"https:\/\/bigbuy.tupique.com\/en\/wp-json\/wp\/v2\/media\/23411"}],"wp:attachment":[{"href":"https:\/\/bigbuy.tupique.com\/en\/wp-json\/wp\/v2\/media?parent=23417"}],"wp:term":[{"taxonomy":"product_brand","embeddable":true,"href":"https:\/\/bigbuy.tupique.com\/en\/wp-json\/wp\/v2\/product_brand?post=23417"},{"taxonomy":"product_cat","embeddable":true,"href":"https:\/\/bigbuy.tupique.com\/en\/wp-json\/wp\/v2\/product_cat?post=23417"},{"taxonomy":"product_tag","embeddable":true,"href":"https:\/\/bigbuy.tupique.com\/en\/wp-json\/wp\/v2\/product_tag?post=23417"}],"curies":[{"name":"wp","href":"https:\/\/api.w.org\/{rel}","templated":true}]}}