{"id":23246,"date":"2026-03-29T19:23:29","date_gmt":"2026-03-29T18:23:29","guid":{"rendered":"https:\/\/bigbuy.tupique.com\/produto\/smartwatch-google-pixel-watch-ga04120-gold-12\/"},"modified":"2026-04-16T23:16:08","modified_gmt":"2026-04-16T22:16:08","slug":"smartwatch-google-pixel-watch-ga04120-gold-12","status":"publish","type":"product","link":"https:\/\/bigbuy.tupique.com\/en\/produto\/smartwatch-google-pixel-watch-ga04120-gold-12\/","title":{"rendered":"Montre intelligente Google Pixel Watch GA04120 Or 1,2&#8243;"},"content":{"rendered":"<p>Si vous \u00eates passionn\u00e9 d&#8217;<b>informatique et d&#8217;\u00e9lectronique<\/b>, si vous \u00eates \u00e0 la pointe de la technologie et qu&#8217;aucun d\u00e9tail ne vous \u00e9chappe, achetez <b>Montre intelligente Google Pixel Watch GA04120 Or 1,2&#8243;<\/b> au meilleur prix.<\/p>\n<ul>\n<li>Couleur:\n<ul>\n<li>Vert<\/li>\n<li>Hazel<\/li>\n<li>Dor\u00e9<\/li>\n<\/ul>\n<\/li>\n<li>Technologie: AMOLED<\/li>\n<li>Podom\u00e8tre: Oui<\/li>\n<li>Microphone int\u00e9gr\u00e9: Oui<\/li>\n<li>Radio FM: Non<\/li>\n<li>Imperm\u00e9able: 5 atm<\/li>\n<li>Caract\u00e9ristiques:\n<ul>\n<li>Haut-parleurs int\u00e9gr\u00e9s<\/li>\n<li>R\u00e9sistant \u00e0 l&#8217;eau<\/li>\n<li>Acc\u00e9l\u00e9rom\u00e8tre<\/li>\n<li>Ecran tactile<\/li>\n<li>Capteur de lumi\u00e8re ambiante<\/li>\n<li>Gyroscope<\/li>\n<li>Altim\u00e8tre<\/li>\n<li>Microphone int\u00e9gr\u00e9<\/li>\n<li>Capteur optique<\/li>\n<li>Moniteur de Sommeil<\/li>\n<li>Guide d&#8217;installation inclus<\/li>\n<li>SMS<\/li>\n<li>5 atm<\/li>\n<li>Notifications d\u2019appels et de messages<\/li>\n<li>Charge magn\u00e9tique<\/li>\n<li>Capteur de niveau d&#8217;oxyg\u00e8ne dans le sang<\/li>\n<li>\u00c9cran avec coins arrondis<\/li>\n<\/ul>\n<\/li>\n<li>Type de montre:\n<ul>\n<li>Bracelet d&#8217;activit\u00e9s<\/li>\n<li>Montre intelligente<\/li>\n<\/ul>\n<\/li>\n<li>Genre:\n<ul>\n<li>cualquier g\u00e9nero<\/li>\n<li>Unisexe<\/li>\n<\/ul>\n<\/li>\n<li>Fonctions:\n<ul>\n<li>Gyroscope<\/li>\n<li>Acc\u00e9l\u00e9rom\u00e8tre<\/li>\n<li>Podom\u00e8tre<\/li>\n<li>Moniteur de Sommeil<\/li>\n<li>\u00c9cran couleur<\/li>\n<li>Consommation de Calories<\/li>\n<li>Moniteur de fr\u00e9quence cardiaque<\/li>\n<\/ul>\n<\/li>\n<li>Connectivit\u00e9:\n<ul>\n<li>Wi-Fi<\/li>\n<li>Bluetooth<\/li>\n<li>Glonass<\/li>\n<li>NFC<\/li>\n<li>GPS<\/li>\n<li>Bluetooth 5.0<\/li>\n<li>BeiDou<\/li>\n<li>Galileo<\/li>\n<\/ul>\n<\/li>\n<li>M\u00e9moire interne: 32 GB<\/li>\n<li>Largeur: 4,1 cm<\/li>\n<li>Produit \u00e0 brancher: Oui<\/li>\n<li>Type de prise: Prise EU<\/li>\n<li>Autonomie approx.: 24 heures<\/li>\n<li>Bloc d\u2019Alimentation: r\u00e9seau \u00e9lectrique<\/li>\n<li>Syst\u00e8me d&#8217;exploitation: Android<\/li>\n<li>Processeur: Dual Core<\/li>\n<li>M\u00e9moire RAM: 2 GB RAM<\/li>\n<li>Ecran: 1,2&#8243;<\/li>\n<li>Mati\u00e8re: Acier inoxydable<\/li>\n<li>Connexions: USB<\/li>\n<li>Type de batterie:\n<ul>\n<li>Int\u00e9gr\u00e9e<\/li>\n<li>Litio Ion<\/li>\n<\/ul>\n<\/li>\n<li>Compatible: Google Assistant<\/li>\n<li>Forme: Rond<\/li>\n<li>Cam\u00e9ra\/Appareil Photo: Non<\/li>\n<li>Brille: 1000 cd\/m\u00b2<\/li>\n<li>Taille:\n<ul>\n<li>41 mm<\/li>\n<li>S\/L<\/li>\n<\/ul>\n<\/li>\n<li>Fonctionne \u00e0 piles: 1 Litio Ion, incluidas<\/li>\n<li>Connexion USB: Non<\/li>\n<li>Poids approx.: 300 gr<\/li>\n<li>Inclut: Chargeur<\/li>\n<li>Sangle: Amovible<\/li>\n<li>Non Inclus: Connexion au r\u00e9seau mobile<\/li>\n<\/ul>","protected":false},"excerpt":{"rendered":"<p><span class=\"unit-info\">9072.9268 &euro; \/ 1 m<\/span><\/p>","protected":false},"featured_media":23242,"comment_status":"open","ping_status":"closed","template":"","meta":[],"product_brand":[1149],"product_cat":[575,65,748],"product_tag":[103,566,106],"class_list":{"0":"post-23246","1":"product","2":"type-product","3":"status-publish","4":"has-post-thumbnail","6":"product_brand-brandp_2817","7":"product_cat-electronique-telephonie-et-tablettes","8":"product_cat-informatique-electronique","9":"product_cat-smartwatches","10":"product_tag-tag_1261","11":"product_tag-tag_547","12":"product_tag-tag_1295","14":"first","15":"instock","16":"taxable","17":"shipping-taxable","18":"purchasable","19":"product-type-simple"},"_links":{"self":[{"href":"https:\/\/bigbuy.tupique.com\/en\/wp-json\/wp\/v2\/product\/23246","targetHints":{"allow":["GET"]}}],"collection":[{"href":"https:\/\/bigbuy.tupique.com\/en\/wp-json\/wp\/v2\/product"}],"about":[{"href":"https:\/\/bigbuy.tupique.com\/en\/wp-json\/wp\/v2\/types\/product"}],"replies":[{"embeddable":true,"href":"https:\/\/bigbuy.tupique.com\/en\/wp-json\/wp\/v2\/comments?post=23246"}],"wp:featuredmedia":[{"embeddable":true,"href":"https:\/\/bigbuy.tupique.com\/en\/wp-json\/wp\/v2\/media\/23242"}],"wp:attachment":[{"href":"https:\/\/bigbuy.tupique.com\/en\/wp-json\/wp\/v2\/media?parent=23246"}],"wp:term":[{"taxonomy":"product_brand","embeddable":true,"href":"https:\/\/bigbuy.tupique.com\/en\/wp-json\/wp\/v2\/product_brand?post=23246"},{"taxonomy":"product_cat","embeddable":true,"href":"https:\/\/bigbuy.tupique.com\/en\/wp-json\/wp\/v2\/product_cat?post=23246"},{"taxonomy":"product_tag","embeddable":true,"href":"https:\/\/bigbuy.tupique.com\/en\/wp-json\/wp\/v2\/product_tag?post=23246"}],"curies":[{"name":"wp","href":"https:\/\/api.w.org\/{rel}","templated":true}]}}