{"id":23164,"date":"2026-03-29T19:21:38","date_gmt":"2026-03-29T18:21:38","guid":{"rendered":"https:\/\/bigbuy.tupique.com\/produto\/motherboard-asus-crosshair-x870e-hero-amd-amd-x870e-amd-am5\/"},"modified":"2026-04-16T15:31:16","modified_gmt":"2026-04-16T14:31:16","slug":"motherboard-asus-crosshair-x870e-hero-amd-amd-x870e-amd-am5","status":"publish","type":"product","link":"https:\/\/bigbuy.tupique.com\/en\/produto\/motherboard-asus-crosshair-x870e-hero-amd-amd-x870e-amd-am5\/","title":{"rendered":"Carte M\u00e8re Asus CROSSHAIR X870E HERO AMD AMD X870E AMD AM5"},"content":{"rendered":"<p>Si vous \u00eates passionn\u00e9 d&#8217;<b>informatique et d&#8217;\u00e9lectronique<\/b>, si vous \u00eates \u00e0 la pointe de la technologie et qu&#8217;aucun d\u00e9tail ne vous \u00e9chappe, achetez <b>Carte M\u00e8re Asus CROSSHAIR X870E HERO AMD AMD X870E AMD AM5<\/b> au meilleur prix.<\/p>\n<p>La <b>carte m\u00e8re<\/b> <b>ASUS CROSSHAIR X870E HERO<\/b> mod\u00e8le <b>90MB1IE0-M0EAY0<\/b> est une solution avanc\u00e9e con\u00e7ue pour les utilisateurs recherchant une compatibilit\u00e9 et des performances maximales avec les processeurs AMD de derni\u00e8re g\u00e9n\u00e9ration. Bas\u00e9e sur le chipset <b>AMD X870E<\/b>, cette carte m\u00e8re prend en charge le socket <b>AMD AM5<\/b>, permettant d\u2019installer les processeurs AMD r\u00e9cents \u00e0 architecture AM5, garantissant efficacit\u00e9 et stabilit\u00e9 pour les t\u00e2ches exigeantes. Son format <b>ATX<\/b> offre un \u00e9quilibre optimal entre espace pour composants et ventilation, id\u00e9al pour des configurations PC haute performance. La CROSSHAIR X870E HERO int\u00e8gre une connectivit\u00e9 native comme le <b>Bluetooth<\/b> et le <b>Wi-Fi<\/b>, facilitant la connexion sans fil sans adaptateurs externes, simplifiant la configuration et am\u00e9liorant la compatibilit\u00e9 avec les appareils actuels. Elle dispose d\u2019une m\u00e9moire vid\u00e9o int\u00e9gr\u00e9e de <b>256 Mo<\/b>, qui compl\u00e8te les capacit\u00e9s graphiques du syst\u00e8me et assure une meilleure fluidit\u00e9 dans les applications n\u00e9cessitant un traitement visuel. Produit de la marque reconnue <b>Asus<\/b>, cette carte m\u00e8re se distingue par sa robustesse, la qualit\u00e9 de ses composants et un \u00e9cosyst\u00e8me d\u00e9di\u00e9 aux utilisateurs passionn\u00e9s et professionnels, offrant un large support pour configurations personnalis\u00e9es et \u00e9volutions futures. Son design noir refl\u00e8te un style sobre et professionnel, adapt\u00e9 \u00e0 tout montage PC. Cette carte m\u00e8re est le choix id\u00e9al pour ceux qui ont besoin d\u2019une plateforme solide et moderne, capable de r\u00e9pondre aux exigences mat\u00e9rielles actuelles et futures.<\/p>\n<ul>\n<li>Chipset:\n<ul>\n<li>AMD AM5<\/li>\n<li>AMD<\/li>\n<li>AMD X870E<\/li>\n<\/ul>\n<\/li>\n<li>Type:\n<ul>\n<li>Carte M\u00e8re<\/li>\n<li>ATX<\/li>\n<li>UEFI<\/li>\n<\/ul>\n<\/li>\n<li>Couleur: Noir<\/li>\n<li>Connectivit\u00e9:\n<ul>\n<li>Bluetooth<\/li>\n<li>Wi-Fi<\/li>\n<\/ul>\n<\/li>\n<li>Facteur de forme: ATX<\/li>\n<li>M\u00e9moire: 256 MB<\/li>\n<li>Nombre d&#8217;emplacements m\u00e9moire: 4<\/li>\n<li>Ports: 1<\/li>\n<li>Haut-parleurs: 7.1<\/li>\n<li>Connexions:\n<ul>\n<li>HDMI x 1<\/li>\n<li>2 x USB 2.0<\/li>\n<li>Microphone<\/li>\n<li>Ethernet LAN<\/li>\n<li>SATA x 4<\/li>\n<li>DIMM<\/li>\n<\/ul>\n<\/li>\n<li>Compatible:\n<ul>\n<li>HDD\/SSD<\/li>\n<li>PC<\/li>\n<\/ul>\n<\/li>\n<li>2 Ports: Ethernet<\/li>\n<li>Largeur: 30,5 cm<\/li>\n<li>Inclut: SATA<\/li>\n<li>Socket: AMD AM5<\/li>\n<li>Type de m\u00e9moire: DDR5<\/li>\n<li>Famille de processeurs: AMD<\/li>\n<\/ul>","protected":false},"excerpt":{"rendered":"<p>Si vous \u00eates passionn\u00e9 d&#8217;informatique et d&#8217;\u00e9lectronique, si vous \u00eates \u00e0 la pointe de la technologie et qu&#8217;aucun d\u00e9tail ne vous \u00e9chappe, achetez Carte M\u00e8re Asus CROSSHAIR X870E HERO AMD AMD X870E AMD AM5 au meilleur prix. La carte m\u00e8re ASUS CROSSHAIR X870E HERO mod\u00e8le 90MB1IE0-M0EAY0 est une solution avanc\u00e9e con\u00e7ue pour les utilisateurs recherchant [&hellip;]<\/p>\n","protected":false},"featured_media":23159,"comment_status":"open","ping_status":"closed","template":"","meta":[],"product_brand":[798],"product_cat":[736,65,584],"product_tag":[59,106],"class_list":{"0":"post-23164","1":"product","2":"type-product","3":"status-publish","4":"has-post-thumbnail","6":"product_brand-brandp_536","7":"product_cat-cartes-meres","8":"product_cat-informatique-electronique","9":"product_cat-informatique-reseaux-et-composants","10":"product_tag-tag_1304","11":"product_tag-tag_1295","13":"first","14":"instock","15":"taxable","16":"shipping-taxable","17":"purchasable","18":"product-type-simple"},"_links":{"self":[{"href":"https:\/\/bigbuy.tupique.com\/en\/wp-json\/wp\/v2\/product\/23164","targetHints":{"allow":["GET"]}}],"collection":[{"href":"https:\/\/bigbuy.tupique.com\/en\/wp-json\/wp\/v2\/product"}],"about":[{"href":"https:\/\/bigbuy.tupique.com\/en\/wp-json\/wp\/v2\/types\/product"}],"replies":[{"embeddable":true,"href":"https:\/\/bigbuy.tupique.com\/en\/wp-json\/wp\/v2\/comments?post=23164"}],"wp:featuredmedia":[{"embeddable":true,"href":"https:\/\/bigbuy.tupique.com\/en\/wp-json\/wp\/v2\/media\/23159"}],"wp:attachment":[{"href":"https:\/\/bigbuy.tupique.com\/en\/wp-json\/wp\/v2\/media?parent=23164"}],"wp:term":[{"taxonomy":"product_brand","embeddable":true,"href":"https:\/\/bigbuy.tupique.com\/en\/wp-json\/wp\/v2\/product_brand?post=23164"},{"taxonomy":"product_cat","embeddable":true,"href":"https:\/\/bigbuy.tupique.com\/en\/wp-json\/wp\/v2\/product_cat?post=23164"},{"taxonomy":"product_tag","embeddable":true,"href":"https:\/\/bigbuy.tupique.com\/en\/wp-json\/wp\/v2\/product_tag?post=23164"}],"curies":[{"name":"wp","href":"https:\/\/api.w.org\/{rel}","templated":true}]}}