{"id":23113,"date":"2026-03-29T19:20:13","date_gmt":"2026-03-29T18:20:13","guid":{"rendered":"https:\/\/bigbuy.tupique.com\/produto\/circular-saw-bosch-gkm-18v-50-18-v\/"},"modified":"2026-04-16T16:32:27","modified_gmt":"2026-04-16T15:32:27","slug":"circular-saw-bosch-gkm-18v-50-18-v","status":"publish","type":"product","link":"https:\/\/bigbuy.tupique.com\/en\/produto\/circular-saw-bosch-gkm-18v-50-18-v\/","title":{"rendered":"Scie circulaire BOSCH GKM 18V-50 18 V"},"content":{"rendered":"<p>Si vous aimez prendre soin de chaque d\u00e9tail de votre maison et d&#8217;\u00eatre \u00e0 la derni\u00e8re mode en mati\u00e8re de produits qui vous rendront la vie plus facile, achetez <b>Scie circulaire BOSCH GKM 18V-50 18 V<\/b> au meilleur prix.<\/p>\n<p>La <b>Scie Sauteuse Bosch Professional GKM 18V-50<\/b> est un outil \u00e9lectrique portable con\u00e7u pour offrir pr\u00e9cision et polyvalence dans les d\u00e9coupes, particuli\u00e8rement adapt\u00e9 aux travaux de bricolage et professionnels n\u00e9cessitant mobilit\u00e9 et puissance sans d\u00e9pendre d\u2019une prise \u00e9lectrique. \u00c9quip\u00e9 d\u2019un syst\u00e8me de <b>batterie 18 V<\/b>, ce mod\u00e8le garantit autonomie et libert\u00e9 de mouvement, s\u2019adaptant aussi bien aux environnements int\u00e9rieurs qu\u2019ext\u00e9rieurs. Il se distingue par une vitesse allant jusqu\u2019\u00e0 <b>1900 tr\/min<\/b>, permettant des d\u00e9coupes nettes et efficaces sur divers mat\u00e9riaux gr\u00e2ce \u00e0 son moteur robuste et performant. La scie dispose d\u2019un <b>diam\u00e8tre de lame de 136 mm<\/b>, id\u00e9al pour des d\u00e9coupes courbes et droites pr\u00e9cises, adapt\u00e9e aux mat\u00e9riaux tels que le bois et les m\u00e9taux l\u00e9gers, courants en menuiserie et construction. Sa finition en <b>bleu<\/b> et ses composants en <b>m\u00e9tal<\/b> assurent durabilit\u00e9 et r\u00e9sistance \u00e0 l\u2019usure, garantissant une longue dur\u00e9e de vie de l\u2019outil. De plus, son design ergonomique facilite la prise en main sur de longues p\u00e9riodes, r\u00e9duisant la fatigue de l\u2019utilisateur et am\u00e9liorant la stabilit\u00e9 lors de la coupe. Ce mod\u00e8le est livr\u00e9 sans batterie ni chargeur, permettant aux utilisateurs d\u2019utiliser des batteries Bosch compatibles selon leurs besoins. La <b>Scie Sauteuse GKM 18V-50<\/b> est une option fiable pour ceux qui recherchent un outil sans fil professionnel alliant portabilit\u00e9, performance et pr\u00e9cision dans des d\u00e9coupes polyvalentes, adapt\u00e9 aussi bien aux professionnels qu\u2019aux amateurs avanc\u00e9s qui valorisent qualit\u00e9 et fonctionnalit\u00e9 dans leur \u00e9quipement.<\/p>\n<ul>\n<li>Dimensions approx.: 26 x 22 x 36 cm<\/li>\n<li>Couleur: Bleu<\/li>\n<li>Mati\u00e8re: M\u00e9tal<\/li>\n<li>Tension: 18 V<\/li>\n<li>Bloc d\u2019Alimentation: Batterie<\/li>\n<li>vitesse: 1900 rpm<\/li>\n<\/ul>","protected":false},"excerpt":{"rendered":"<p>Si vous aimez prendre soin de chaque d\u00e9tail de votre maison et d&#8217;\u00eatre \u00e0 la derni\u00e8re mode en mati\u00e8re de produits qui vous rendront la vie plus facile, achetez Scie circulaire BOSCH GKM 18V-50 18 V au meilleur prix. La Scie Sauteuse Bosch Professional GKM 18V-50 est un outil \u00e9lectrique portable con\u00e7u pour offrir pr\u00e9cision [&hellip;]<\/p>\n","protected":false},"featured_media":23112,"comment_status":"open","ping_status":"closed","template":"","meta":[],"product_brand":[162],"product_cat":[613,239],"product_tag":[59,210],"class_list":{"0":"post-23113","1":"product","2":"type-product","3":"status-publish","4":"has-post-thumbnail","6":"product_brand-brandp_959","7":"product_cat-bricolage-et-materiel","8":"product_cat-maison-jardin","9":"product_tag-tag_1304","10":"product_tag-tag_25","12":"first","13":"instock","14":"taxable","15":"shipping-taxable","16":"purchasable","17":"product-type-simple"},"_links":{"self":[{"href":"https:\/\/bigbuy.tupique.com\/en\/wp-json\/wp\/v2\/product\/23113","targetHints":{"allow":["GET"]}}],"collection":[{"href":"https:\/\/bigbuy.tupique.com\/en\/wp-json\/wp\/v2\/product"}],"about":[{"href":"https:\/\/bigbuy.tupique.com\/en\/wp-json\/wp\/v2\/types\/product"}],"replies":[{"embeddable":true,"href":"https:\/\/bigbuy.tupique.com\/en\/wp-json\/wp\/v2\/comments?post=23113"}],"wp:featuredmedia":[{"embeddable":true,"href":"https:\/\/bigbuy.tupique.com\/en\/wp-json\/wp\/v2\/media\/23112"}],"wp:attachment":[{"href":"https:\/\/bigbuy.tupique.com\/en\/wp-json\/wp\/v2\/media?parent=23113"}],"wp:term":[{"taxonomy":"product_brand","embeddable":true,"href":"https:\/\/bigbuy.tupique.com\/en\/wp-json\/wp\/v2\/product_brand?post=23113"},{"taxonomy":"product_cat","embeddable":true,"href":"https:\/\/bigbuy.tupique.com\/en\/wp-json\/wp\/v2\/product_cat?post=23113"},{"taxonomy":"product_tag","embeddable":true,"href":"https:\/\/bigbuy.tupique.com\/en\/wp-json\/wp\/v2\/product_tag?post=23113"}],"curies":[{"name":"wp","href":"https:\/\/api.w.org\/{rel}","templated":true}]}}