{"id":23111,"date":"2026-03-29T19:20:11","date_gmt":"2026-03-29T18:20:11","guid":{"rendered":"https:\/\/bigbuy.tupique.com\/produto\/wireless-keyboard-logitech-g915-x-black-azerty\/"},"modified":"2026-04-16T19:25:30","modified_gmt":"2026-04-16T18:25:30","slug":"wireless-keyboard-logitech-g915-x-black-azerty","status":"publish","type":"product","link":"https:\/\/bigbuy.tupique.com\/en\/produto\/wireless-keyboard-logitech-g915-x-black-azerty\/","title":{"rendered":"Clavier sans fil Logitech G915 X Noir AZERTY"},"content":{"rendered":"<p>Retournez au bureau sans rien oublier ! Achetez <b>Clavier sans fil Logitech G915 X Noir AZERTY<\/b> et faites envie \u00e0 vos coll\u00e8gues!<\/p>\n<ul>\n<li>Type:\n<ul>\n<li>Clavier sans fil<\/li>\n<li>Clavier pour jeu<\/li>\n<li>Clavier num\u00e9rique<\/li>\n<\/ul>\n<\/li>\n<li>Couleur: Noir<\/li>\n<li>Caract\u00e9ristiques:\n<ul>\n<li>Sans fil<\/li>\n<li>R\u00e9glable<\/li>\n<li>R\u00e9tro-\u00e9clair\u00e9<\/li>\n<\/ul>\n<\/li>\n<li>Clavier: AZERTY<\/li>\n<li>Connexions: USB-C<\/li>\n<li>Style: Droit<\/li>\n<li>Langue: Fran\u00e7ais<\/li>\n<li>Technologie: LED<\/li>\n<li>Longueur du c\u00e2ble: 1,8 m<\/li>\n<li>Fonctionne \u00e0 piles: 1 Pol\u00edmero de litio<\/li>\n<li>Utilisation recommand\u00e9e: Jeu<\/li>\n<li>Non inclut: Souris<\/li>\n<li>Inclut: Manuel de l&#8217;utilisateur<\/li>\n<\/ul>","protected":false},"excerpt":{"rendered":"<p>Retournez au bureau sans rien oublier ! Achetez Clavier sans fil Logitech G915 X Noir AZERTY et faites envie \u00e0 vos coll\u00e8gues! Type: Clavier sans fil Clavier pour jeu Clavier num\u00e9rique Couleur: Noir Caract\u00e9ristiques: Sans fil R\u00e9glable R\u00e9tro-\u00e9clair\u00e9 Clavier: AZERTY Connexions: USB-C Style: Droit Langue: Fran\u00e7ais Technologie: LED Longueur du c\u00e2ble: 1,8 m Fonctionne \u00e0 [&hellip;]<\/p>\n","protected":false},"featured_media":23105,"comment_status":"open","ping_status":"closed","template":"","meta":[],"product_brand":[647],"product_cat":[729,65,581],"product_tag":[213,59,106],"class_list":{"0":"post-23111","1":"product","2":"type-product","3":"status-publish","4":"has-post-thumbnail","6":"product_brand-brandp_561","7":"product_cat-claviers","8":"product_cat-informatique-electronique","9":"product_cat-informatique-peripheriques-et-consommables","10":"product_tag-tag_933","11":"product_tag-tag_1304","12":"product_tag-tag_1295","14":"first","15":"instock","16":"taxable","17":"shipping-taxable","18":"purchasable","19":"product-type-simple"},"_links":{"self":[{"href":"https:\/\/bigbuy.tupique.com\/en\/wp-json\/wp\/v2\/product\/23111","targetHints":{"allow":["GET"]}}],"collection":[{"href":"https:\/\/bigbuy.tupique.com\/en\/wp-json\/wp\/v2\/product"}],"about":[{"href":"https:\/\/bigbuy.tupique.com\/en\/wp-json\/wp\/v2\/types\/product"}],"replies":[{"embeddable":true,"href":"https:\/\/bigbuy.tupique.com\/en\/wp-json\/wp\/v2\/comments?post=23111"}],"wp:featuredmedia":[{"embeddable":true,"href":"https:\/\/bigbuy.tupique.com\/en\/wp-json\/wp\/v2\/media\/23105"}],"wp:attachment":[{"href":"https:\/\/bigbuy.tupique.com\/en\/wp-json\/wp\/v2\/media?parent=23111"}],"wp:term":[{"taxonomy":"product_brand","embeddable":true,"href":"https:\/\/bigbuy.tupique.com\/en\/wp-json\/wp\/v2\/product_brand?post=23111"},{"taxonomy":"product_cat","embeddable":true,"href":"https:\/\/bigbuy.tupique.com\/en\/wp-json\/wp\/v2\/product_cat?post=23111"},{"taxonomy":"product_tag","embeddable":true,"href":"https:\/\/bigbuy.tupique.com\/en\/wp-json\/wp\/v2\/product_tag?post=23111"}],"curies":[{"name":"wp","href":"https:\/\/api.w.org\/{rel}","templated":true}]}}