{"id":23089,"date":"2026-03-29T19:19:40","date_gmt":"2026-03-29T18:19:40","guid":{"rendered":"https:\/\/bigbuy.tupique.com\/produto\/motherboard-gigabyte-z890m-gaming-x-lga-1851\/"},"modified":"2026-05-11T20:01:11","modified_gmt":"2026-05-11T18:01:11","slug":"motherboard-gigabyte-z890m-gaming-x-lga-1851","status":"publish","type":"product","link":"https:\/\/bigbuy.tupique.com\/en\/produto\/motherboard-gigabyte-z890m-gaming-x-lga-1851\/","title":{"rendered":"Carte M\u00e8re Gigabyte Z890M GAMING X LGA 1851"},"content":{"rendered":"<p>Si vous \u00eates passionn\u00e9 d&#8217;<b>informatique et d&#8217;\u00e9lectronique<\/b>, si vous \u00eates \u00e0 la pointe de la technologie et qu&#8217;aucun d\u00e9tail ne vous \u00e9chappe, achetez <b>Carte M\u00e8re Gigabyte Z890M GAMING X LGA 1851<\/b> au meilleur prix.<\/p>\n<p>La <b>Gigabyte Z890M GAMING X<\/b> est une <b>carte m\u00e8re<\/b> con\u00e7ue pour offrir haute performance et fiabilit\u00e9 dans des configurations d\u2019ordinateur de type <b>MicroATX<\/b>. \u00c9quip\u00e9e du chipset avanc\u00e9 <b>Intel Z890<\/b>, cette carte m\u00e8re supporte le socket <b>LGA 1851<\/b>, compatible avec les processeurs Intel r\u00e9cents garantissant des performances efficaces et \u00e9volutives pour les t\u00e2ches exigeantes. Son design compact et fonctionnel est id\u00e9al pour les PC de petite taille sans sacrifier la connectivit\u00e9 ni l\u2019extension. Elle prend en charge la m\u00e9moire de derni\u00e8re g\u00e9n\u00e9ration <b>DDR5 SDRAM<\/b>, am\u00e9liorant la vitesse et la r\u00e9activit\u00e9 du syst\u00e8me, favorisant le multit\u00e2che et les charges lourdes. C\u00f4t\u00e9 connexions, la Z890M GAMING X inclut un port <b>HDMI<\/b> pour sortie vid\u00e9o int\u00e9gr\u00e9e, parfait pour configurer des syst\u00e8mes avec capacit\u00e9 graphique basique sans carte d\u00e9di\u00e9e, ainsi que <b>deux ports USB 2.0<\/b> pour p\u00e9riph\u00e9riques essentiels. Elle dispose aussi d\u2019une interface r\u00e9seau <b>Gigabit Ethernet<\/b>, assurant des communications stables et rapides en r\u00e9seau filaire. Son format MicroATX permet l\u2019installation dans une large gamme de bo\u00eetiers compatibles, tandis que la pile int\u00e9gr\u00e9e <b>CR2032<\/b> garantit la conservation correcte de la configuration BIOS. Cette carte m\u00e8re s\u2019adresse aux utilisateurs recherchant une plateforme solide et \u00e0 jour pour construire des PC \u00e0 usage g\u00e9n\u00e9ral, gaming ou productivit\u00e9, avec un bon \u00e9quilibre entre fonctionnalit\u00e9s et taille. En r\u00e9sum\u00e9, la Gigabyte Z890M GAMING X offre une base technologique robuste et polyvalente, adapt\u00e9e aux besoins actuels de performance avec support des technologies modernes et connectivit\u00e9 essentielle.<\/p>\n<ul>\n<li>Chipset: Intel Z890<\/li>\n<li>Type:\n<ul>\n<li>Carte M\u00e8re<\/li>\n<li>ATX<\/li>\n<li>UEFI<\/li>\n<\/ul>\n<\/li>\n<li>Couleur: Noir<\/li>\n<li>Plate-forme: Windows<\/li>\n<li>Facteur de forme: MicroATX<\/li>\n<li>Interface:\n<ul>\n<li>Gigabit Ethernet<\/li>\n<li>DirectX 12.0<\/li>\n<\/ul>\n<\/li>\n<li>Batterie: CR2032<\/li>\n<li>M\u00e9moire: 256 MB<\/li>\n<li>Nombre d&#8217;emplacements m\u00e9moire: 4<\/li>\n<li>Piles incluses: Oui<\/li>\n<li>Haut-parleurs: 7.1<\/li>\n<li>Connexions:\n<ul>\n<li>HDMI x 1<\/li>\n<li>DisplayPort x 2<\/li>\n<li>2 x USB 2.0<\/li>\n<li>Microphone<\/li>\n<li>Ethernet LAN<\/li>\n<li>SATA x 4<\/li>\n<li>M.2 x 3<\/li>\n<li>DIMM<\/li>\n<li>PCI Express x16 2.0<\/li>\n<li>USB 3.2 x 3<\/li>\n<li>USB 3.2 x 1<\/li>\n<li>RJ45 x 1<\/li>\n<\/ul>\n<\/li>\n<li>Compatible:\n<ul>\n<li>HDD\/SSD<\/li>\n<li>PC<\/li>\n<\/ul>\n<\/li>\n<li>Connecteurs: SATA x 4<\/li>\n<li>Non inclut: Wi-Fi<\/li>\n<li>Type de m\u00e9moire: DDR5<\/li>\n<li>Famille de processeurs:\n<ul>\n<li>Intel Core i7<\/li>\n<li>Intel<\/li>\n<\/ul>\n<\/li>\n<li>Socket: LGA 1851<\/li>\n<\/ul>","protected":false},"excerpt":{"rendered":"<p>Si vous \u00eates passionn\u00e9 d&#8217;informatique et d&#8217;\u00e9lectronique, si vous \u00eates \u00e0 la pointe de la technologie et qu&#8217;aucun d\u00e9tail ne vous \u00e9chappe, achetez Carte M\u00e8re Gigabyte Z890M GAMING X LGA 1851 au meilleur prix. La Gigabyte Z890M GAMING X est une carte m\u00e8re con\u00e7ue pour offrir haute performance et fiabilit\u00e9 dans des configurations d\u2019ordinateur de [&hellip;]<\/p>\n","protected":false},"featured_media":23085,"comment_status":"open","ping_status":"closed","template":"","meta":[],"product_brand":[1147],"product_cat":[736,65,584],"product_tag":[59,106],"class_list":{"0":"post-23089","1":"product","2":"type-product","3":"status-publish","4":"has-post-thumbnail","6":"product_brand-brandp_550","7":"product_cat-cartes-meres","8":"product_cat-informatique-electronique","9":"product_cat-informatique-reseaux-et-composants","10":"product_tag-tag_1304","11":"product_tag-tag_1295","13":"first","14":"instock","15":"taxable","16":"shipping-taxable","17":"purchasable","18":"product-type-simple"},"_links":{"self":[{"href":"https:\/\/bigbuy.tupique.com\/en\/wp-json\/wp\/v2\/product\/23089","targetHints":{"allow":["GET"]}}],"collection":[{"href":"https:\/\/bigbuy.tupique.com\/en\/wp-json\/wp\/v2\/product"}],"about":[{"href":"https:\/\/bigbuy.tupique.com\/en\/wp-json\/wp\/v2\/types\/product"}],"replies":[{"embeddable":true,"href":"https:\/\/bigbuy.tupique.com\/en\/wp-json\/wp\/v2\/comments?post=23089"}],"wp:featuredmedia":[{"embeddable":true,"href":"https:\/\/bigbuy.tupique.com\/en\/wp-json\/wp\/v2\/media\/23085"}],"wp:attachment":[{"href":"https:\/\/bigbuy.tupique.com\/en\/wp-json\/wp\/v2\/media?parent=23089"}],"wp:term":[{"taxonomy":"product_brand","embeddable":true,"href":"https:\/\/bigbuy.tupique.com\/en\/wp-json\/wp\/v2\/product_brand?post=23089"},{"taxonomy":"product_cat","embeddable":true,"href":"https:\/\/bigbuy.tupique.com\/en\/wp-json\/wp\/v2\/product_cat?post=23089"},{"taxonomy":"product_tag","embeddable":true,"href":"https:\/\/bigbuy.tupique.com\/en\/wp-json\/wp\/v2\/product_tag?post=23089"}],"curies":[{"name":"wp","href":"https:\/\/api.w.org\/{rel}","templated":true}]}}