{"id":23081,"date":"2026-03-29T19:19:30","date_gmt":"2026-03-29T18:19:30","guid":{"rendered":"https:\/\/bigbuy.tupique.com\/produto\/gaming-earpiece-with-microphone-gn-audio-engage-65-se-black\/"},"modified":"2026-04-16T09:17:22","modified_gmt":"2026-04-16T08:17:22","slug":"gaming-earpiece-with-microphone-gn-audio-engage-65-se-black","status":"publish","type":"product","link":"https:\/\/bigbuy.tupique.com\/en\/produto\/gaming-earpiece-with-microphone-gn-audio-engage-65-se-black\/","title":{"rendered":"Casque avec Microphone Gaming GN Audio Engage 65 SE Noir"},"content":{"rendered":"<p>Si vous \u00eates passionn\u00e9 d&#8217;<b>informatique et d&#8217;\u00e9lectronique<\/b>, si vous \u00eates \u00e0 la pointe de la technologie et qu&#8217;aucun d\u00e9tail ne vous \u00e9chappe, achetez <b>Casque avec Microphone Gaming GN Audio Engage 65 SE Noir<\/b> au meilleur prix.<\/p>\n<ul>\n<li>Type:\n<ul>\n<li>Casque<\/li>\n<li>Casque avec Microphone Gaming<\/li>\n<li>\u00c9couteur<\/li>\n<li>Sans fil<\/li>\n<li>Casque audio<\/li>\n<li>Casques avec Microphone<\/li>\n<\/ul>\n<\/li>\n<li>Couleur: Noir<\/li>\n<li>Caract\u00e9ristiques:\n<ul>\n<li>Batterie int\u00e9gr\u00e9e<\/li>\n<li>Sans fil<\/li>\n<\/ul>\n<\/li>\n<li>Type de batterie: Litio Ion<\/li>\n<li>Type de casque: Externe supra-aural<\/li>\n<li>Port\u00e9e: 150 m<\/li>\n<li>Autonomie approx.: 13 heures<\/li>\n<li>Utilisation recommand\u00e9e: Oficina\/Centro de llamadas<\/li>\n<li>Connexions: USB<\/li>\n<li>Temps de charge approx.: 1,5 heures<\/li>\n<li>Contr\u00f4le: Boutons<\/li>\n<li>Batterie: Oui<\/li>\n<li>Non inclut: Adaptateur AC<\/li>\n<li>Casque: Binaural<\/li>\n<li>Fr\u00e9quence: 100 &#8211; 10000 Hz<\/li>\n<\/ul>","protected":false},"excerpt":{"rendered":"<p>Si vous \u00eates passionn\u00e9 d&#8217;informatique et d&#8217;\u00e9lectronique, si vous \u00eates \u00e0 la pointe de la technologie et qu&#8217;aucun d\u00e9tail ne vous \u00e9chappe, achetez Casque avec Microphone Gaming GN Audio Engage 65 SE Noir au meilleur prix. Type: Casque Casque avec Microphone Gaming \u00c9couteur Sans fil Casque audio Casques avec Microphone Couleur: Noir Caract\u00e9ristiques: Batterie int\u00e9gr\u00e9e [&hellip;]<\/p>\n","protected":false},"featured_media":55307,"comment_status":"open","ping_status":"closed","template":"","meta":[],"product_brand":[663],"product_cat":[758,575,65],"product_tag":[572,566,106],"class_list":{"0":"post-23081","1":"product","2":"type-product","3":"status-publish","4":"has-post-thumbnail","6":"product_brand-brandp_4843","7":"product_cat-casque-avec-microphone","8":"product_cat-electronique-telephonie-et-tablettes","9":"product_cat-informatique-electronique","10":"product_tag-tag_29","11":"product_tag-tag_547","12":"product_tag-tag_1295","14":"first","15":"instock","16":"taxable","17":"shipping-taxable","18":"purchasable","19":"product-type-simple"},"_links":{"self":[{"href":"https:\/\/bigbuy.tupique.com\/en\/wp-json\/wp\/v2\/product\/23081","targetHints":{"allow":["GET"]}}],"collection":[{"href":"https:\/\/bigbuy.tupique.com\/en\/wp-json\/wp\/v2\/product"}],"about":[{"href":"https:\/\/bigbuy.tupique.com\/en\/wp-json\/wp\/v2\/types\/product"}],"replies":[{"embeddable":true,"href":"https:\/\/bigbuy.tupique.com\/en\/wp-json\/wp\/v2\/comments?post=23081"}],"wp:featuredmedia":[{"embeddable":true,"href":"https:\/\/bigbuy.tupique.com\/en\/wp-json\/wp\/v2\/media\/55307"}],"wp:attachment":[{"href":"https:\/\/bigbuy.tupique.com\/en\/wp-json\/wp\/v2\/media?parent=23081"}],"wp:term":[{"taxonomy":"product_brand","embeddable":true,"href":"https:\/\/bigbuy.tupique.com\/en\/wp-json\/wp\/v2\/product_brand?post=23081"},{"taxonomy":"product_cat","embeddable":true,"href":"https:\/\/bigbuy.tupique.com\/en\/wp-json\/wp\/v2\/product_cat?post=23081"},{"taxonomy":"product_tag","embeddable":true,"href":"https:\/\/bigbuy.tupique.com\/en\/wp-json\/wp\/v2\/product_tag?post=23081"}],"curies":[{"name":"wp","href":"https:\/\/api.w.org\/{rel}","templated":true}]}}