{"id":23075,"date":"2026-03-29T19:19:23","date_gmt":"2026-03-29T18:19:23","guid":{"rendered":"https:\/\/bigbuy.tupique.com\/produto\/headphones-poly-99t09aaac3\/"},"modified":"2026-04-16T09:05:58","modified_gmt":"2026-04-16T08:05:58","slug":"headphones-poly-99t09aaac3","status":"publish","type":"product","link":"https:\/\/bigbuy.tupique.com\/en\/produto\/headphones-poly-99t09aaac3\/","title":{"rendered":"Casque Poly 99T09AA#AC3"},"content":{"rendered":"<p>Si vous \u00eates passionn\u00e9 d&#8217;<b>informatique et d&#8217;\u00e9lectronique<\/b>, si vous \u00eates \u00e0 la pointe de la technologie et qu&#8217;aucun d\u00e9tail ne vous \u00e9chappe, achetez <b>Casque Poly 99T09AA#AC3<\/b> au meilleur prix.<\/p>\n<ul>\n<li>Type: Casque<\/li>\n<li>Couleur: Noir<\/li>\n<li>Connexions:\n<ul>\n<li>HDMI<\/li>\n<li>USB<\/li>\n<li>USB-C<\/li>\n<li>RJ45<\/li>\n<li>Ethernet LAN<\/li>\n<\/ul>\n<\/li>\n<li>Connectivit\u00e9:\n<ul>\n<li>Bluetooth<\/li>\n<li>Wi-Fi<\/li>\n<\/ul>\n<\/li>\n<\/ul>","protected":false},"excerpt":{"rendered":"<p>Si vous \u00eates passionn\u00e9 d&#8217;informatique et d&#8217;\u00e9lectronique, si vous \u00eates \u00e0 la pointe de la technologie et qu&#8217;aucun d\u00e9tail ne vous \u00e9chappe, achetez Casque Poly 99T09AA#AC3 au meilleur prix. Type: Casque Couleur: Noir Connexions: HDMI USB USB-C RJ45 Ethernet LAN Connectivit\u00e9: Bluetooth Wi-Fi<\/p>","protected":false},"featured_media":23071,"comment_status":"open","ping_status":"closed","template":"","meta":[],"product_brand":[1002],"product_cat":[65,581,594],"product_tag":[213,566,106],"class_list":{"0":"post-23075","1":"product","2":"type-product","3":"status-publish","4":"has-post-thumbnail","6":"product_brand-brandp_4768","7":"product_cat-informatique-electronique","8":"product_cat-informatique-peripheriques-et-consommables","9":"product_cat-micros-et-ecouteurs","10":"product_tag-tag_933","11":"product_tag-tag_547","12":"product_tag-tag_1295","14":"first","15":"instock","16":"taxable","17":"shipping-taxable","18":"purchasable","19":"product-type-simple"},"_links":{"self":[{"href":"https:\/\/bigbuy.tupique.com\/en\/wp-json\/wp\/v2\/product\/23075","targetHints":{"allow":["GET"]}}],"collection":[{"href":"https:\/\/bigbuy.tupique.com\/en\/wp-json\/wp\/v2\/product"}],"about":[{"href":"https:\/\/bigbuy.tupique.com\/en\/wp-json\/wp\/v2\/types\/product"}],"replies":[{"embeddable":true,"href":"https:\/\/bigbuy.tupique.com\/en\/wp-json\/wp\/v2\/comments?post=23075"}],"wp:featuredmedia":[{"embeddable":true,"href":"https:\/\/bigbuy.tupique.com\/en\/wp-json\/wp\/v2\/media\/23071"}],"wp:attachment":[{"href":"https:\/\/bigbuy.tupique.com\/en\/wp-json\/wp\/v2\/media?parent=23075"}],"wp:term":[{"taxonomy":"product_brand","embeddable":true,"href":"https:\/\/bigbuy.tupique.com\/en\/wp-json\/wp\/v2\/product_brand?post=23075"},{"taxonomy":"product_cat","embeddable":true,"href":"https:\/\/bigbuy.tupique.com\/en\/wp-json\/wp\/v2\/product_cat?post=23075"},{"taxonomy":"product_tag","embeddable":true,"href":"https:\/\/bigbuy.tupique.com\/en\/wp-json\/wp\/v2\/product_tag?post=23075"}],"curies":[{"name":"wp","href":"https:\/\/api.w.org\/{rel}","templated":true}]}}