{"id":23033,"date":"2026-03-29T19:18:38","date_gmt":"2026-03-29T18:18:38","guid":{"rendered":"https:\/\/bigbuy.tupique.com\/produto\/gps-navigator-tom-tom-1yf5-002-10\/"},"modified":"2026-04-16T22:01:18","modified_gmt":"2026-04-16T21:01:18","slug":"gps-navigator-tom-tom-1yf5-002-10","status":"publish","type":"product","link":"https:\/\/bigbuy.tupique.com\/en\/produto\/gps-navigator-tom-tom-1yf5-002-10\/","title":{"rendered":"Navigateur GPS TOM TOM 1YF5.002.10"},"content":{"rendered":"<p>\u00c9quipez votre v\u00e9hicule avec les derni\u00e8res nouveaut\u00e9s du secteur ! Achetez <b>Navigateur GPS TOM TOM 1YF5.002.10<\/b> et aucun d\u00e9tail ne vous \u00e9chappera!<\/p>\n<p>Le <b>TOM TOM GO Professional 5 EU 2\u00aa G\u00e9n\u00e9ration<\/b> est un <b>navigateur GPS<\/b> con\u00e7u pour les professionnels et conducteurs exigeant pr\u00e9cision et efficacit\u00e9 dans leurs trajets en Europe. Cet appareil se distingue par son <b>\u00e9cran tactile<\/b> intuitif facilitant l\u2019interaction et l\u2019affichage clair de cartes \u00e0 jour, avec une couverture d\u00e9taill\u00e9e des cartes europ\u00e9ennes permettant une planification pr\u00e9cise des itin\u00e9raires. Il dispose d\u2019une connectivit\u00e9 avanc\u00e9e pour acc\u00e9der \u00e0 des <b>services professionnels en temps r\u00e9el<\/b> tels que alertes trafic, conditions m\u00e9t\u00e9o et notifications d\u2019incidents, optimisant la conduite et \u00e9conomisant du temps \u00e0 chaque d\u00e9placement. Son design compact et l\u00e9ger, avec seulement <b>190 grammes<\/b>, facilite son transport et son installation dans les v\u00e9hicules, tandis que la couleur <b>noir<\/b> offre une finition \u00e9l\u00e9gante et discr\u00e8te. L\u2019appareil inclut un support pour cartes <b>MicroSD<\/b>, augmentant sa capacit\u00e9 de stockage et la mise \u00e0 jour constante des cartes et donn\u00e9es. De plus, il int\u00e8gre une <b>prise europ\u00e9enne (EU)<\/b> garantissant compatibilit\u00e9 et recharge sans souci dans les v\u00e9hicules du continent. Cette combinaison de fonctions fait du TOM TOM GO Professional 5 un outil fiable pour les professionnels recherchant une solution GPS avanc\u00e9e avec technologie moderne et exp\u00e9rience utilisateur optimis\u00e9e. Alliant l\u00e9g\u00e8ret\u00e9, mises \u00e0 jour compl\u00e8tes et facilit\u00e9s de connexion, ce mod\u00e8le est un choix solide pour ceux qui veulent pr\u00e9cision, confort et efficacit\u00e9 dans la gestion de leurs itin\u00e9raires.<\/p>\n<ul>\n<li>Produit \u00e0 brancher: Oui<\/li>\n<li>Type de prise: Prise EU<\/li>\n<li>Bloc d\u2019Alimentation: r\u00e9seau \u00e9lectrique<\/li>\n<li>Couleur:\n<ul>\n<li>Noir<\/li>\n<li>noir<\/li>\n<\/ul>\n<\/li>\n<li>Ecran: 12,7 cm<\/li>\n<\/ul>","protected":false},"excerpt":{"rendered":"<p>\u00c9quipez votre v\u00e9hicule avec les derni\u00e8res nouveaut\u00e9s du secteur ! Achetez Navigateur GPS TOM TOM 1YF5.002.10 et aucun d\u00e9tail ne vous \u00e9chappera! Le TOM TOM GO Professional 5 EU 2\u00aa G\u00e9n\u00e9ration est un navigateur GPS con\u00e7u pour les professionnels et conducteurs exigeant pr\u00e9cision et efficacit\u00e9 dans leurs trajets en Europe. Cet appareil se distingue par [&hellip;]<\/p>\n","protected":false},"featured_media":191114,"comment_status":"open","ping_status":"closed","template":"","meta":[],"product_brand":[1098],"product_cat":[623,65,624],"product_tag":[59,164],"class_list":{"0":"post-23033","1":"product","2":"type-product","3":"status-publish","4":"has-post-thumbnail","6":"product_brand-brandp_9327","7":"product_cat-electronique-gps-et-automobile","8":"product_cat-informatique-electronique","9":"product_cat-navigateurs-gps","10":"product_tag-tag_1304","11":"product_tag-tag_152","13":"first","14":"instock","15":"taxable","16":"shipping-taxable","17":"purchasable","18":"product-type-simple"},"_links":{"self":[{"href":"https:\/\/bigbuy.tupique.com\/en\/wp-json\/wp\/v2\/product\/23033","targetHints":{"allow":["GET"]}}],"collection":[{"href":"https:\/\/bigbuy.tupique.com\/en\/wp-json\/wp\/v2\/product"}],"about":[{"href":"https:\/\/bigbuy.tupique.com\/en\/wp-json\/wp\/v2\/types\/product"}],"replies":[{"embeddable":true,"href":"https:\/\/bigbuy.tupique.com\/en\/wp-json\/wp\/v2\/comments?post=23033"}],"wp:featuredmedia":[{"embeddable":true,"href":"https:\/\/bigbuy.tupique.com\/en\/wp-json\/wp\/v2\/media\/191114"}],"wp:attachment":[{"href":"https:\/\/bigbuy.tupique.com\/en\/wp-json\/wp\/v2\/media?parent=23033"}],"wp:term":[{"taxonomy":"product_brand","embeddable":true,"href":"https:\/\/bigbuy.tupique.com\/en\/wp-json\/wp\/v2\/product_brand?post=23033"},{"taxonomy":"product_cat","embeddable":true,"href":"https:\/\/bigbuy.tupique.com\/en\/wp-json\/wp\/v2\/product_cat?post=23033"},{"taxonomy":"product_tag","embeddable":true,"href":"https:\/\/bigbuy.tupique.com\/en\/wp-json\/wp\/v2\/product_tag?post=23033"}],"curies":[{"name":"wp","href":"https:\/\/api.w.org\/{rel}","templated":true}]}}