{"id":23017,"date":"2026-03-29T19:18:14","date_gmt":"2026-03-29T18:18:14","guid":{"rendered":"https:\/\/bigbuy.tupique.com\/produto\/gaming-monitor-samsung-ls32cg552eu-quad-hd-32-165-hz\/"},"modified":"2026-05-11T20:01:01","modified_gmt":"2026-05-11T18:01:01","slug":"gaming-monitor-samsung-ls32cg552eu-quad-hd-32-165-hz","status":"publish","type":"product","link":"https:\/\/bigbuy.tupique.com\/en\/produto\/gaming-monitor-samsung-ls32cg552eu-quad-hd-32-165-hz\/","title":{"rendered":"Monitor Gaming Samsung LS32CG552EU Quad HD 32&#8243; 165 Hz"},"content":{"rendered":"<p>Si vous \u00eates passionn\u00e9 d&#8217;<b>informatique et d&#8217;\u00e9lectronique<\/b>, si vous \u00eates \u00e0 la pointe de la technologie et qu&#8217;aucun d\u00e9tail ne vous \u00e9chappe, achetez <b>Monitor Gaming Samsung LS32CG552EU Quad HD 32&#8243; 165 Hz<\/b> au meilleur prix.<\/p>\n<p>Le <b>moniteur gaming 32&#8243;<\/b> Samsung LS32CG552EUXEN associe un grand \u00e9cran \u00e0 des technologies avanc\u00e9es pour offrir une exp\u00e9rience de jeu immersive et captivante. Son <b>\u00e9cran de 32 pouces<\/b> dispose de la <b>technologie LED<\/b> et d\u2019une dalle <b>VA incurv\u00e9e<\/b>, qui accentue la profondeur et \u00e9largit le champ de vision, id\u00e9al pour s\u2019immerger totalement dans les jeux d\u2019action ou de simulation. L\u2019int\u00e9gration du <b>HDR<\/b> et la compatibilit\u00e9 <b>HDR10<\/b> permettent de profiter d\u2019images plus r\u00e9alistes, avec une plage dynamique \u00e9tendue, des couleurs vives et des d\u00e9tails pr\u00e9cis dans les zones sombres comme lumineuses, am\u00e9liorant la clart\u00e9 dans toutes les sc\u00e8nes. Il int\u00e8gre aussi <b>AMD FreeSync<\/b>, une fonction essentielle pour les gamers, \u00e9liminant le tearing et les saccades pour un affichage fluide, m\u00eame lors de sessions comp\u00e9titives. Con\u00e7u en <b>noir<\/b> \u00e9l\u00e9gant avec une structure incurv\u00e9e pens\u00e9e pour le divertissement intensif, ce moniteur b\u00e9n\u00e9ficie d\u2019un profil \u00e9nerg\u00e9tique <b>ECO<\/b> favorisant l\u2019\u00e9conomie d\u2019\u00e9nergie et la durabilit\u00e9. Ainsi, le Samsung LS32CG552EUXEN s\u2019impose comme une r\u00e9f\u00e9rence des moniteurs gaming grand format, offrant une visualisation immersive, des performances techniques et un \u00e9quilibre optimal entre innovation et confort.<\/p>\n<ul>\n<li>Type:\n<ul>\n<li>Jeux<\/li>\n<li>QHD<\/li>\n<\/ul>\n<\/li>\n<li>Technologie:\n<ul>\n<li>LED<\/li>\n<li>VA<\/li>\n<li>HDR10<\/li>\n<li>AMD FreeSync<\/li>\n<li>Flicker free<\/li>\n<\/ul>\n<\/li>\n<li>Diagonale de l&#8217;\u00e9cran (cm): 81,3 cm<\/li>\n<li>Produit \u00e0 brancher: Oui<\/li>\n<li>Type de prise: Prise EU<\/li>\n<li>Ecran: 32&#8243;<\/li>\n<li>Classification \u00e9nerg\u00e9tique: G<\/li>\n<li>Bloc d\u2019Alimentation: r\u00e9seau \u00e9lectrique<\/li>\n<li>Temps de r\u00e9ponse: 1 ms<\/li>\n<li>consommation d&#8217;\u00e9nergie:\n<ul>\n<li>0,5 W<\/li>\n<li>0,3 W<\/li>\n<li>59 kWh<\/li>\n<\/ul>\n<\/li>\n<li>Compatible: PC<\/li>\n<li>Brille:\n<ul>\n<li>300 cd\/m\u00b2<\/li>\n<li>300 lm ANSI<\/li>\n<\/ul>\n<\/li>\n<li>R\u00e9solution (px): 2560 x 1440 px<\/li>\n<li>R\u00e9solution:\n<ul>\n<li>QHD<\/li>\n<li>LCD<\/li>\n<li>Quad HD<\/li>\n<\/ul>\n<\/li>\n<li>Rapport d&#8217;aspect: 16:9<\/li>\n<li>Connexions:\n<ul>\n<li>DisplayPort<\/li>\n<li>HDMI<\/li>\n<li>HDMI 2.0<\/li>\n<li>HDCP<\/li>\n<li>DisplayPort x 1<\/li>\n<\/ul>\n<\/li>\n<li>Largeur: 71 cm<\/li>\n<li>Couleur: Noir<\/li>\n<li>Fr\u00e9quence: 165 Hz<\/li>\n<li>Caract\u00e9ristiques:\n<ul>\n<li>HDR<\/li>\n<li>Montage mural<\/li>\n<li>Inclinaison r\u00e9glable<\/li>\n<\/ul>\n<\/li>\n<li>Tension:\n<ul>\n<li>240 V<\/li>\n<li>100 &#8211; 240 V<\/li>\n<\/ul>\n<\/li>\n<li>Design: Courbe<\/li>\n<li>VESA: 7,5 x 7,5 cm<\/li>\n<li>Utilisation recommand\u00e9e: Jeux<\/li>\n<li>Ethernet: Non<\/li>\n<li>Ecran tactile: Non<\/li>\n<li>Non Inclus:\n<ul>\n<li>Wi-Fi<\/li>\n<li>Bluetooth<\/li>\n<\/ul>\n<\/li>\n<li>Angle: 178\u00ba<\/li>\n<li>Montage: VESA<\/li>\n<\/ul>","protected":false},"excerpt":{"rendered":"<p>Si vous \u00eates passionn\u00e9 d&#8217;informatique et d&#8217;\u00e9lectronique, si vous \u00eates \u00e0 la pointe de la technologie et qu&#8217;aucun d\u00e9tail ne vous \u00e9chappe, achetez Monitor Gaming Samsung LS32CG552EU Quad HD 32&#8243; 165 Hz au meilleur prix. Le moniteur gaming 32&#8243; Samsung LS32CG552EUXEN associe un grand \u00e9cran \u00e0 des technologies avanc\u00e9es pour offrir une exp\u00e9rience de jeu [&hellip;]<\/p>\n","protected":false},"featured_media":194206,"comment_status":"open","ping_status":"closed","template":"","meta":[],"product_brand":[183],"product_cat":[65,581,616],"product_tag":[213,59,106],"class_list":{"0":"post-23017","1":"product","2":"type-product","3":"status-publish","4":"has-post-thumbnail","6":"product_brand-brandp_576","7":"product_cat-informatique-electronique","8":"product_cat-informatique-peripheriques-et-consommables","9":"product_cat-moniteurs","10":"product_tag-tag_933","11":"product_tag-tag_1304","12":"product_tag-tag_1295","14":"first","15":"instock","16":"taxable","17":"shipping-taxable","18":"purchasable","19":"product-type-simple"},"_links":{"self":[{"href":"https:\/\/bigbuy.tupique.com\/en\/wp-json\/wp\/v2\/product\/23017","targetHints":{"allow":["GET"]}}],"collection":[{"href":"https:\/\/bigbuy.tupique.com\/en\/wp-json\/wp\/v2\/product"}],"about":[{"href":"https:\/\/bigbuy.tupique.com\/en\/wp-json\/wp\/v2\/types\/product"}],"replies":[{"embeddable":true,"href":"https:\/\/bigbuy.tupique.com\/en\/wp-json\/wp\/v2\/comments?post=23017"}],"wp:featuredmedia":[{"embeddable":true,"href":"https:\/\/bigbuy.tupique.com\/en\/wp-json\/wp\/v2\/media\/194206"}],"wp:attachment":[{"href":"https:\/\/bigbuy.tupique.com\/en\/wp-json\/wp\/v2\/media?parent=23017"}],"wp:term":[{"taxonomy":"product_brand","embeddable":true,"href":"https:\/\/bigbuy.tupique.com\/en\/wp-json\/wp\/v2\/product_brand?post=23017"},{"taxonomy":"product_cat","embeddable":true,"href":"https:\/\/bigbuy.tupique.com\/en\/wp-json\/wp\/v2\/product_cat?post=23017"},{"taxonomy":"product_tag","embeddable":true,"href":"https:\/\/bigbuy.tupique.com\/en\/wp-json\/wp\/v2\/product_tag?post=23017"}],"curies":[{"name":"wp","href":"https:\/\/api.w.org\/{rel}","templated":true}]}}