{"id":22936,"date":"2026-03-29T19:16:31","date_gmt":"2026-03-29T18:16:31","guid":{"rendered":"https:\/\/bigbuy.tupique.com\/produto\/recycled-fuser-hp-w2004a\/"},"modified":"2026-05-11T19:58:53","modified_gmt":"2026-05-11T17:58:53","slug":"recycled-fuser-hp-w2004a","status":"publish","type":"product","link":"https:\/\/bigbuy.tupique.com\/en\/produto\/recycled-fuser-hp-w2004a\/","title":{"rendered":"Four Recycl\u00e9 HP W2004A"},"content":{"rendered":"<p>Si vous \u00eates passionn\u00e9 d&#8217;<b>informatique et d&#8217;\u00e9lectronique<\/b>, si vous \u00eates \u00e0 la pointe de la technologie et qu&#8217;aucun d\u00e9tail ne vous \u00e9chappe, achetez <b>Four Recycl\u00e9 HP W2004A<\/b> au meilleur prix.<\/p>\n<ul>\n<li>Couleur:\n<ul>\n<li>Noir<\/li>\n<li>Noir\/Cyan\/Magenta\/Jaune<\/li>\n<\/ul>\n<\/li>\n<li>Compatible:\n<ul>\n<li>COLOR LASERJET ENTERPRISE M856X<\/li>\n<li>COLOR LASERJET ENTERPRISE FLOW MFP M776ZS<\/li>\n<li>COLOR LASERJET ENTERPRISE FLOW MFP M776Z<\/li>\n<li>COLOR LASERJET ENTERPRISE M856DN<\/li>\n<li>COLOR LASERJET ENTERPRISE M776DN<\/li>\n<li>COLOR LASERJET ENTERPRISE M751N<\/li>\n<li>COLOR LASERJET ENTERPRISE M751DN<\/li>\n<li>COLOR LASERJET ENTERPRISE FLOW M776Z<\/li>\n<li>COLOR LASERJET ENTERPRISE FLOW ENTERPRISE FLOW M776ZS<\/li>\n<li>HP<\/li>\n<li>COLOR LASERJET ENTERPRISE MFP M776DN<\/li>\n<\/ul>\n<\/li>\n<li>Type:\n<ul>\n<li>Tambour d\u2019imprimante<\/li>\n<li>Four Recycl\u00e9<\/li>\n<li>Original<\/li>\n<\/ul>\n<\/li>\n<li>Technologie: Laser<\/li>\n<\/ul>","protected":false},"excerpt":{"rendered":"<p>Si vous \u00eates passionn\u00e9 d&#8217;informatique et d&#8217;\u00e9lectronique, si vous \u00eates \u00e0 la pointe de la technologie et qu&#8217;aucun d\u00e9tail ne vous \u00e9chappe, achetez Four Recycl\u00e9 HP W2004A au meilleur prix. Couleur: Noir Noir\/Cyan\/Magenta\/Jaune Compatible: COLOR LASERJET ENTERPRISE M856X COLOR LASERJET ENTERPRISE FLOW MFP M776ZS COLOR LASERJET ENTERPRISE FLOW MFP M776Z COLOR LASERJET ENTERPRISE M856DN COLOR [&hellip;]<\/p>\n","protected":false},"featured_media":22934,"comment_status":"open","ping_status":"closed","template":"","meta":[],"product_brand":[630],"product_cat":[595,65,581],"product_tag":[106],"class_list":{"0":"post-22936","1":"product","2":"type-product","3":"status-publish","4":"has-post-thumbnail","6":"product_brand-brandp_909","7":"product_cat-cartouches-d-encre-originale","8":"product_cat-informatique-electronique","9":"product_cat-informatique-peripheriques-et-consommables","10":"product_tag-tag_1295","12":"first","13":"instock","14":"taxable","15":"shipping-taxable","16":"purchasable","17":"product-type-simple"},"_links":{"self":[{"href":"https:\/\/bigbuy.tupique.com\/en\/wp-json\/wp\/v2\/product\/22936","targetHints":{"allow":["GET"]}}],"collection":[{"href":"https:\/\/bigbuy.tupique.com\/en\/wp-json\/wp\/v2\/product"}],"about":[{"href":"https:\/\/bigbuy.tupique.com\/en\/wp-json\/wp\/v2\/types\/product"}],"replies":[{"embeddable":true,"href":"https:\/\/bigbuy.tupique.com\/en\/wp-json\/wp\/v2\/comments?post=22936"}],"wp:featuredmedia":[{"embeddable":true,"href":"https:\/\/bigbuy.tupique.com\/en\/wp-json\/wp\/v2\/media\/22934"}],"wp:attachment":[{"href":"https:\/\/bigbuy.tupique.com\/en\/wp-json\/wp\/v2\/media?parent=22936"}],"wp:term":[{"taxonomy":"product_brand","embeddable":true,"href":"https:\/\/bigbuy.tupique.com\/en\/wp-json\/wp\/v2\/product_brand?post=22936"},{"taxonomy":"product_cat","embeddable":true,"href":"https:\/\/bigbuy.tupique.com\/en\/wp-json\/wp\/v2\/product_cat?post=22936"},{"taxonomy":"product_tag","embeddable":true,"href":"https:\/\/bigbuy.tupique.com\/en\/wp-json\/wp\/v2\/product_tag?post=22936"}],"curies":[{"name":"wp","href":"https:\/\/api.w.org\/{rel}","templated":true}]}}