{"id":22907,"date":"2026-03-29T19:06:08","date_gmt":"2026-03-29T18:06:08","guid":{"rendered":"https:\/\/bigbuy.tupique.com\/produto\/random-orbital-sander-metabo-sxe-450-180-w\/"},"modified":"2026-05-11T20:02:19","modified_gmt":"2026-05-11T18:02:19","slug":"random-orbital-sander-metabo-sxe-450-180-w","status":"publish","type":"product","link":"https:\/\/bigbuy.tupique.com\/en\/produto\/random-orbital-sander-metabo-sxe-450-180-w\/","title":{"rendered":"Ponceuse excentrique Metabo SXE 450 180 W"},"content":{"rendered":"<p>Si vous aimez prendre soin de chaque d\u00e9tail de votre maison et d&#8217;\u00eatre \u00e0 la derni\u00e8re mode en mati\u00e8re de produits qui vous rendront la vie plus facile, achetez <b>Ponceuse excentrique Metabo SXE 450 180 W<\/b> au meilleur prix.<\/p>\n<p>La <b>ponceuse excentrique SXE 450<\/b> de <b>Metabo<\/b> est un outil \u00e9lectrique con\u00e7u pour offrir une finition professionnelle lors des travaux de pon\u00e7age, id\u00e9al aussi bien pour les amateurs que pour les professionnels du bricolage et de la menuiserie. Avec une puissance de <b>180 W<\/b>, cette ponceuse garantit une performance efficace et constante, permettant de travailler sur des mat\u00e9riaux tels que le bois, la peinture ou le m\u00e9tal avec un contr\u00f4le adapt\u00e9 et des r\u00e9sultats lisses. Son design excentrique combine un mouvement rotatif avec une l\u00e9g\u00e8re oscillation, ce qui r\u00e9duit les marques et rayures visibles sur la surface trait\u00e9e, am\u00e9liorant l\u2019uniformit\u00e9 et la qualit\u00e9 de la finition. De plus, elle est \u00e9quip\u00e9e d\u2019un syst\u00e8me d\u2019alimentation par <b>batterie<\/b>, offrant une libert\u00e9 de mouvement et \u00e9vitant les contraintes des outils filaires, favorisant confort et polyvalence dans diff\u00e9rents environnements de travail. Le mod\u00e8le SXE 450 dispose d\u2019une prise EU pour sa recharge, assurant compatibilit\u00e9 et facilit\u00e9 d\u2019utilisation sur les march\u00e9s europ\u00e9ens. Metabo, fabricant reconnu d\u2019outils \u00e9lectriques, int\u00e8gre dans cette ponceuse des \u00e9l\u00e9ments de durabilit\u00e9 et de pr\u00e9cision refl\u00e9t\u00e9s dans son design \u00e9quilibr\u00e9 et la fiabilit\u00e9 de son moteur, r\u00e9pondant aux exigences des travaux intensifs. Son format compact et le syst\u00e8me excentrique contribuent \u00e9galement \u00e0 r\u00e9duire la fatigue de l\u2019utilisateur lors d\u2019utilisations prolong\u00e9es. Dans l\u2019ensemble, la ponceuse excentrique Metabo SXE 450 offre une solution technique avanc\u00e9e et pratique pour ceux qui recherchent une finition de qualit\u00e9 professionnelle avec le confort suppl\u00e9mentaire de son fonctionnement sans fil.<\/p>\n<ul>\n<li>Produit \u00e0 brancher: Oui<\/li>\n<li>Type de prise: Prise EU<\/li>\n<li>Bloc d\u2019Alimentation: r\u00e9seau \u00e9lectrique<\/li>\n<li>Dimensions approx.: 30 x 22 x 40 cm<\/li>\n<li>puissance: 180 W<\/li>\n<\/ul>","protected":false},"excerpt":{"rendered":"<p>Si vous aimez prendre soin de chaque d\u00e9tail de votre maison et d&#8217;\u00eatre \u00e0 la derni\u00e8re mode en mati\u00e8re de produits qui vous rendront la vie plus facile, achetez Ponceuse excentrique Metabo SXE 450 180 W au meilleur prix. La ponceuse excentrique SXE 450 de Metabo est un outil \u00e9lectrique con\u00e7u pour offrir une finition [&hellip;]<\/p>\n","protected":false},"featured_media":22906,"comment_status":"open","ping_status":"closed","template":"","meta":[],"product_brand":[1003],"product_cat":[613,239],"product_tag":[59,210],"class_list":{"0":"post-22907","1":"product","2":"type-product","3":"status-publish","4":"has-post-thumbnail","6":"product_brand-brandp_6129","7":"product_cat-bricolage-et-materiel","8":"product_cat-maison-jardin","9":"product_tag-tag_1304","10":"product_tag-tag_25","12":"first","13":"instock","14":"taxable","15":"shipping-taxable","16":"purchasable","17":"product-type-simple"},"_links":{"self":[{"href":"https:\/\/bigbuy.tupique.com\/en\/wp-json\/wp\/v2\/product\/22907","targetHints":{"allow":["GET"]}}],"collection":[{"href":"https:\/\/bigbuy.tupique.com\/en\/wp-json\/wp\/v2\/product"}],"about":[{"href":"https:\/\/bigbuy.tupique.com\/en\/wp-json\/wp\/v2\/types\/product"}],"replies":[{"embeddable":true,"href":"https:\/\/bigbuy.tupique.com\/en\/wp-json\/wp\/v2\/comments?post=22907"}],"wp:featuredmedia":[{"embeddable":true,"href":"https:\/\/bigbuy.tupique.com\/en\/wp-json\/wp\/v2\/media\/22906"}],"wp:attachment":[{"href":"https:\/\/bigbuy.tupique.com\/en\/wp-json\/wp\/v2\/media?parent=22907"}],"wp:term":[{"taxonomy":"product_brand","embeddable":true,"href":"https:\/\/bigbuy.tupique.com\/en\/wp-json\/wp\/v2\/product_brand?post=22907"},{"taxonomy":"product_cat","embeddable":true,"href":"https:\/\/bigbuy.tupique.com\/en\/wp-json\/wp\/v2\/product_cat?post=22907"},{"taxonomy":"product_tag","embeddable":true,"href":"https:\/\/bigbuy.tupique.com\/en\/wp-json\/wp\/v2\/product_tag?post=22907"}],"curies":[{"name":"wp","href":"https:\/\/api.w.org\/{rel}","templated":true}]}}