{"id":22717,"date":"2026-03-29T19:03:04","date_gmt":"2026-03-29T18:03:04","guid":{"rendered":"https:\/\/bigbuy.tupique.com\/produto\/hairdryer-loreal-professionnel-paris-airlight-pro\/"},"modified":"2026-04-16T19:56:45","modified_gmt":"2026-04-16T18:56:45","slug":"hairdryer-loreal-professionnel-paris-airlight-pro","status":"publish","type":"product","link":"https:\/\/bigbuy.tupique.com\/en\/produto\/hairdryer-loreal-professionnel-paris-airlight-pro\/","title":{"rendered":"S\u00e8che-cheveux L&#8217;Oreal Professionnel Paris AIRLIGHT PRO"},"content":{"rendered":"<p>Si vous recherchez des \u00e9lectrom\u00e9nagers pour votre maison aux meilleurs prix, ne manquez pas <b>S\u00e8che-cheveux L&#8217;Oreal Professionnel Paris AIRLIGHT PRO<\/b> et une large s\u00e9lection de petits \u00e9lectrom\u00e9nagers de qualit\u00e9 !<\/p>\n<p>Le <b>s\u00e9choir AIRLIGHT PRO<\/b> de <b>L&#8217;Or\u00e9al Professionnel Paris<\/b> est un appareil professionnel con\u00e7u pour offrir un s\u00e9chage efficace tout en prenant soin des cheveux. Ce s\u00e8che-cheveux dispose d\u2019une <b>puissance de 240 W<\/b>, assurant un flux d\u2019air constant et adapt\u00e9 pour coiffer rapidement sans ab\u00eemer la chevelure. Sa technologie \u00e0 <b>lumi\u00e8re infrarouge<\/b> aide \u00e0 s\u00e9cher les cheveux de l\u2019int\u00e9rieur vers l\u2019ext\u00e9rieur, pr\u00e9servant l\u2019hydratation naturelle et r\u00e9duisant l\u2019impact de la chaleur excessive. \u00c9quip\u00e9 d\u2019un <b>c\u00e2ble \u00e9lectrique de haute qualit\u00e9<\/b> et d\u2019une <b>prise EU<\/b>, il garantit une connexion s\u00fbre et stable dans la plupart des foyers europ\u00e9ens. Le design de l\u2019AIRLIGHT PRO allie l\u00e9g\u00e8ret\u00e9 et ergonomie, offrant une prise en main confortable pour un usage professionnel ou domestique. Sa fonctionnalit\u00e9 convient parfaitement \u00e0 ceux qui recherchent un s\u00e8che-cheveux combinant performances techniques avanc\u00e9es et la fiabilit\u00e9 d\u2019une marque reconnue dans la beaut\u00e9 professionnelle. En r\u00e9sum\u00e9, ce mod\u00e8le propose un \u00e9quilibre optimal entre efficacit\u00e9 et soin du cheveu, id\u00e9al pour les utilisateurs soucieux de performance et protection dans leur routine capillaire quotidienne.<\/p>\n<ul>\n<li>puissance: 240 W<\/li>\n<li>Produit \u00e0 brancher: Oui<\/li>\n<li>Type de prise: Prise EU<\/li>\n<li>Type: S\u00e8che-cheveux<\/li>\n<li>Bloc d\u2019Alimentation:\n<ul>\n<li>r\u00e9seau \u00e9lectrique<\/li>\n<li>C\u00e2ble \u00e9lectrique<\/li>\n<\/ul>\n<\/li>\n<li>Couleur:\n<ul>\n<li>Noir<\/li>\n<li>noir<\/li>\n<\/ul>\n<\/li>\n<li>Technologie: LCD<\/li>\n<li>Vitesse: 3<\/li>\n<li>Longueur du c\u00e2ble: 3,5 m<\/li>\n<\/ul>","protected":false},"excerpt":{"rendered":"<p>Si vous recherchez des \u00e9lectrom\u00e9nagers pour votre maison aux meilleurs prix, ne manquez pas S\u00e8che-cheveux L&#8217;Oreal Professionnel Paris AIRLIGHT PRO et une large s\u00e9lection de petits \u00e9lectrom\u00e9nagers de qualit\u00e9 ! Le s\u00e9choir AIRLIGHT PRO de L&#8217;Or\u00e9al Professionnel Paris est un appareil professionnel con\u00e7u pour offrir un s\u00e9chage efficace tout en prenant soin des cheveux. Ce [&hellip;]<\/p>\n","protected":false},"featured_media":56013,"comment_status":"open","ping_status":"closed","template":"","meta":[],"product_brand":[811],"product_cat":[753,752,1065],"product_tag":[722,59,56],"class_list":{"0":"post-22717","1":"product","2":"type-product","3":"status-publish","4":"has-post-thumbnail","6":"product_brand-brandp_413","7":"product_cat-coiffure","8":"product_cat-sante-beaute","9":"product_cat-seche-cheveux","10":"product_tag-tag_923","11":"product_tag-tag_1304","12":"product_tag-tag_930","14":"first","15":"instock","16":"taxable","17":"shipping-taxable","18":"purchasable","19":"product-type-simple"},"_links":{"self":[{"href":"https:\/\/bigbuy.tupique.com\/en\/wp-json\/wp\/v2\/product\/22717","targetHints":{"allow":["GET"]}}],"collection":[{"href":"https:\/\/bigbuy.tupique.com\/en\/wp-json\/wp\/v2\/product"}],"about":[{"href":"https:\/\/bigbuy.tupique.com\/en\/wp-json\/wp\/v2\/types\/product"}],"replies":[{"embeddable":true,"href":"https:\/\/bigbuy.tupique.com\/en\/wp-json\/wp\/v2\/comments?post=22717"}],"wp:featuredmedia":[{"embeddable":true,"href":"https:\/\/bigbuy.tupique.com\/en\/wp-json\/wp\/v2\/media\/56013"}],"wp:attachment":[{"href":"https:\/\/bigbuy.tupique.com\/en\/wp-json\/wp\/v2\/media?parent=22717"}],"wp:term":[{"taxonomy":"product_brand","embeddable":true,"href":"https:\/\/bigbuy.tupique.com\/en\/wp-json\/wp\/v2\/product_brand?post=22717"},{"taxonomy":"product_cat","embeddable":true,"href":"https:\/\/bigbuy.tupique.com\/en\/wp-json\/wp\/v2\/product_cat?post=22717"},{"taxonomy":"product_tag","embeddable":true,"href":"https:\/\/bigbuy.tupique.com\/en\/wp-json\/wp\/v2\/product_tag?post=22717"}],"curies":[{"name":"wp","href":"https:\/\/api.w.org\/{rel}","templated":true}]}}