{"id":22694,"date":"2026-03-29T19:02:30","date_gmt":"2026-03-29T18:02:30","guid":{"rendered":"https:\/\/bigbuy.tupique.com\/produto\/gps-navigator-tomtom-1yd7-002-30-7\/"},"modified":"2026-05-11T19:59:49","modified_gmt":"2026-05-11T17:59:49","slug":"gps-navigator-tomtom-1yd7-002-30-7","status":"publish","type":"product","link":"https:\/\/bigbuy.tupique.com\/en\/produto\/gps-navigator-tomtom-1yd7-002-30-7\/","title":{"rendered":"Navigateur GPS TomTom 1YD7.002.30 7&#8243;"},"content":{"rendered":"<p>Si vous \u00eates passionn\u00e9 d&#8217;<b>informatique et d&#8217;\u00e9lectronique<\/b>, si vous \u00eates \u00e0 la pointe de la technologie et qu&#8217;aucun d\u00e9tail ne vous \u00e9chappe, achetez <b>Navigateur GPS TomTom 1YD7.002.30 7&#8243;<\/b> au meilleur prix.<\/p>\n<p>Le <b>GO Camper Max<\/b> de TOM TOM est un <b>navigateur GPS<\/b> sp\u00e9cialement con\u00e7u pour les conducteurs de camping-cars et de v\u00e9hicules de grande taille n\u00e9cessitant des itin\u00e9raires personnalis\u00e9s et fiables lors de leurs d\u00e9placements. \u00c9quip\u00e9 d\u2019un <b>\u00e9cran tactile de 7 pouces (17,8 cm de diagonale)<\/b>, il offre une visualisation large et claire facilitant la consultation des cartes et options, m\u00eame en conduisant. Son design en <b>noir<\/b> int\u00e8gre des haut-parleurs qui diffusent des instructions vocales avec une grande clart\u00e9, am\u00e9liorant la s\u00e9curit\u00e9 routi\u00e8re. Il dispose de <b>connectivit\u00e9 Bluetooth et Wi-Fi<\/b>, permettant la mise \u00e0 jour rapide des cartes et du logiciel, ainsi que la synchronisation avec d\u2019autres appareils pour une exp\u00e9rience compl\u00e8te. Parmi ses fonctions, la commande vocale offre une utilisation mains libres essentielle pour rester concentr\u00e9 au volant. Ce mod\u00e8le inclut la carte mondiale pr\u00e9install\u00e9e, facilitant la planification d\u2019itin\u00e9raires dans plusieurs pays sans connexion suppl\u00e9mentaire. Gr\u00e2ce \u00e0 son port USB, il peut se connecter \u00e0 diverses sources d\u2019alimentation ou p\u00e9riph\u00e9riques, augmentant sa polyvalence. Le GO Camper Max int\u00e8gre des technologies avanc\u00e9es qui adaptent les trajets aux dimensions et caract\u00e9ristiques du v\u00e9hicule, \u00e9vitant obstacles tels que routes \u00e9troites ou ponts bas, crucial pour les camping-cars. En r\u00e9sum\u00e9, ce navigateur allie fonctionnalit\u00e9, connectivit\u00e9 et simplicit\u00e9 d\u2019usage dans un appareil robuste et accessible, con\u00e7u pour un soutien fiable lors de longs trajets et en environnements vari\u00e9s.<\/p>\n<ul>\n<li>Type: Navigateur GPS<\/li>\n<li>Produit \u00e0 brancher: Oui<\/li>\n<li>Type de prise: Prise EU<\/li>\n<li>Bloc d\u2019Alimentation:\n<ul>\n<li>r\u00e9seau \u00e9lectrique<\/li>\n<li>Batterie<\/li>\n<\/ul>\n<\/li>\n<li>Couleur: Noir<\/li>\n<li>Caract\u00e9ristiques:\n<ul>\n<li>Ecran tactile<\/li>\n<li>Haut-parleurs int\u00e9gr\u00e9s<\/li>\n<li>Contr\u00f4le vocal<\/li>\n<\/ul>\n<\/li>\n<li>Connectivit\u00e9:\n<ul>\n<li>Bluetooth<\/li>\n<li>Wi-Fi<\/li>\n<\/ul>\n<\/li>\n<li>Ecran:\n<ul>\n<li>7&#8221;<\/li>\n<li>7&#8243;<\/li>\n<\/ul>\n<\/li>\n<li>Connexions: USB<\/li>\n<li>M\u00e9moire interne: 32 GB<\/li>\n<li>Piles incluses: Oui<\/li>\n<li>R\u00e9solution: LCD<\/li>\n<li>Diagonale de l&#8217;\u00e9cran (cm): 17,8 cm<\/li>\n<li>R\u00e9solution (px): 1024 X 600 PX<\/li>\n<\/ul>","protected":false},"excerpt":{"rendered":"<p>Si vous \u00eates passionn\u00e9 d&#8217;informatique et d&#8217;\u00e9lectronique, si vous \u00eates \u00e0 la pointe de la technologie et qu&#8217;aucun d\u00e9tail ne vous \u00e9chappe, achetez Navigateur GPS TomTom 1YD7.002.30 7&#8243; au meilleur prix. Le GO Camper Max de TOM TOM est un navigateur GPS sp\u00e9cialement con\u00e7u pour les conducteurs de camping-cars et de v\u00e9hicules de grande taille [&hellip;]<\/p>\n","protected":false},"featured_media":22693,"comment_status":"open","ping_status":"closed","template":"","meta":[],"product_brand":[671],"product_cat":[623,65,624],"product_tag":[164],"class_list":{"0":"post-22694","1":"product","2":"type-product","3":"status-publish","4":"has-post-thumbnail","6":"product_brand-brandp_582","7":"product_cat-electronique-gps-et-automobile","8":"product_cat-informatique-electronique","9":"product_cat-navigateurs-gps","10":"product_tag-tag_152","12":"first","13":"instock","14":"taxable","15":"shipping-taxable","16":"purchasable","17":"product-type-simple"},"_links":{"self":[{"href":"https:\/\/bigbuy.tupique.com\/en\/wp-json\/wp\/v2\/product\/22694","targetHints":{"allow":["GET"]}}],"collection":[{"href":"https:\/\/bigbuy.tupique.com\/en\/wp-json\/wp\/v2\/product"}],"about":[{"href":"https:\/\/bigbuy.tupique.com\/en\/wp-json\/wp\/v2\/types\/product"}],"replies":[{"embeddable":true,"href":"https:\/\/bigbuy.tupique.com\/en\/wp-json\/wp\/v2\/comments?post=22694"}],"wp:featuredmedia":[{"embeddable":true,"href":"https:\/\/bigbuy.tupique.com\/en\/wp-json\/wp\/v2\/media\/22693"}],"wp:attachment":[{"href":"https:\/\/bigbuy.tupique.com\/en\/wp-json\/wp\/v2\/media?parent=22694"}],"wp:term":[{"taxonomy":"product_brand","embeddable":true,"href":"https:\/\/bigbuy.tupique.com\/en\/wp-json\/wp\/v2\/product_brand?post=22694"},{"taxonomy":"product_cat","embeddable":true,"href":"https:\/\/bigbuy.tupique.com\/en\/wp-json\/wp\/v2\/product_cat?post=22694"},{"taxonomy":"product_tag","embeddable":true,"href":"https:\/\/bigbuy.tupique.com\/en\/wp-json\/wp\/v2\/product_tag?post=22694"}],"curies":[{"name":"wp","href":"https:\/\/api.w.org\/{rel}","templated":true}]}}