{"id":22649,"date":"2026-03-29T19:01:19","date_gmt":"2026-03-29T18:01:19","guid":{"rendered":"https:\/\/bigbuy.tupique.com\/produto\/monitor-benq-rd240q-24-wqxga\/"},"modified":"2026-05-11T19:59:47","modified_gmt":"2026-05-11T17:59:47","slug":"monitor-benq-rd240q-24-wqxga","status":"publish","type":"product","link":"https:\/\/bigbuy.tupique.com\/en\/produto\/monitor-benq-rd240q-24-wqxga\/","title":{"rendered":"\u00c9cran BenQ RD240Q 24&#8243; WQXGA"},"content":{"rendered":"<p>Si vous \u00eates passionn\u00e9 d&#8217;<b>informatique et d&#8217;\u00e9lectronique<\/b>, si vous \u00eates \u00e0 la pointe de la technologie et qu&#8217;aucun d\u00e9tail ne vous \u00e9chappe, achetez <b>\u00c9cran BenQ RD240Q 24&#8243; WQXGA<\/b> au meilleur prix.<\/p>\n<p>Le <b>BenQ RD240Q<\/b> est un <b>moniteur<\/b> de 24,1 pouces con\u00e7u pour offrir une exp\u00e9rience visuelle nette et pr\u00e9cise aussi bien en environnement professionnel que domestique. Il int\u00e8gre un <b>panneau IPS<\/b> avanc\u00e9 avec technologie <b>LED<\/b> et compatibilit\u00e9 <b>HDR10<\/b>, permettant d\u2019afficher des couleurs vives, des contrastes r\u00e9alistes et de larges angles de vision, id\u00e9als pour l\u2019\u00e9dition graphique, le travail multit\u00e2che ou le divertissement multim\u00e9dia. Avec une luminosit\u00e9 de <b>300 cd\/m\u00b2<\/b>, il assure une bonne visibilit\u00e9 m\u00eame dans des pi\u00e8ces bien \u00e9clair\u00e9es. La structure du moniteur associe des <b>mat\u00e9riaux plastiques \u00e0 finition mate noire<\/b>, offrant une esth\u00e9tique moderne et r\u00e9duisant les reflets ind\u00e9sirables \u00e0 l\u2019\u00e9cran. Le design ergonomique avec <b>axe ajustable et support HAS (Height Adjustable Stand)<\/b> permet d\u2019incliner, de pivoter, de faire tourner et de r\u00e9gler facilement la hauteur pour adapter la position \u00e0 chaque utilisateur, favorisant une posture confortable lors de longues sessions. C\u00f4t\u00e9 connectivit\u00e9, ce moniteur propose des <b>ports HDMI, DisplayPort, trois USB et USB-C<\/b>, facilitant la connexion d\u2019ordinateurs, d\u2019ordinateurs portables, de p\u00e9riph\u00e9riques et d\u2019appareils mobiles r\u00e9cents. Le mod\u00e8le dispose \u00e9galement d\u2019une sortie audio via <b>mini-jack<\/b> pour casque ou enceintes externes, renfor\u00e7ant sa polyvalence dans diff\u00e9rents contextes de travail ou de loisirs. Dans l\u2019ensemble, le BenQ RD240Q est un choix efficace et polyvalent qui associe qualit\u00e9 d\u2019image, ergonomie et connectivit\u00e9 \u00e9tendue pour ceux qui recherchent un partenaire fiable pour la productivit\u00e9 quotidienne et le divertissement num\u00e9rique.<\/p>\n<ul>\n<li>Temps de r\u00e9ponse: 5 ms<\/li>\n<li>Produit \u00e0 brancher: Oui<\/li>\n<li>DisplayPort: Oui<\/li>\n<li>Technologie:\n<ul>\n<li>IPS<\/li>\n<li>LED<\/li>\n<li>HDR10<\/li>\n<li>LCD<\/li>\n<li>Flicker free<\/li>\n<\/ul>\n<\/li>\n<li>Ecran:\n<ul>\n<li>24&#8243;<\/li>\n<li>24,1&#8243;<\/li>\n<\/ul>\n<\/li>\n<li>Rapport d&#8217;aspect:\n<ul>\n<li>16:9<\/li>\n<li>16:10<\/li>\n<\/ul>\n<\/li>\n<li>Connexions:\n<ul>\n<li>HDMI<\/li>\n<li>USB<\/li>\n<li>USB-C<\/li>\n<li>HDMI 2.0<\/li>\n<li>HDCP<\/li>\n<li>USB A x 3<\/li>\n<li>DisplayPort 1.4<\/li>\n<li>DisplayPort x 1<\/li>\n<\/ul>\n<\/li>\n<li>Couleur: Noir<\/li>\n<li>Type de prise: Prise EU<\/li>\n<li>Diagonale de l&#8217;\u00e9cran (cm):\n<ul>\n<li>61 cm<\/li>\n<li>61,2 cm<\/li>\n<\/ul>\n<\/li>\n<li>Type:\n<ul>\n<li>\u00c9cran<\/li>\n<li>Axe<\/li>\n<\/ul>\n<\/li>\n<li>Classification \u00e9nerg\u00e9tique: F<\/li>\n<li>Bloc d\u2019Alimentation: r\u00e9seau \u00e9lectrique<\/li>\n<li>Mati\u00e8re: Plastique<\/li>\n<li>Caract\u00e9ristiques:\n<ul>\n<li>Mat<\/li>\n<li>R\u00e9glable<\/li>\n<li>Plaque Tournante<\/li>\n<li>HDR<\/li>\n<li>Montage mural<\/li>\n<li>Inclinaison r\u00e9glable<\/li>\n<li>Guide d&#8217;installation inclus<\/li>\n<li>Haut-parleurs int\u00e9gr\u00e9s<\/li>\n<li>\u00c9cran plat<\/li>\n<\/ul>\n<\/li>\n<li>Tension:\n<ul>\n<li>240 V<\/li>\n<li>100 &#8211; 240 V<\/li>\n<\/ul>\n<\/li>\n<li>Rapport de contraste: 1000:1<\/li>\n<li>VESA: 10 x 10 cm<\/li>\n<li>R\u00e9solution: WQXGA<\/li>\n<li>puissance: 4 W<\/li>\n<li>Brille: 300 lm ANSI<\/li>\n<li>Ecran tactile: Non<\/li>\n<li>Inclut: Sortie d&#8217;\u00e9couteurs<\/li>\n<li>Fr\u00e9quence: 60 Hz<\/li>\n<li>Angle: 178\u00ba<\/li>\n<li>Inclinaison: -5\u00ba \/ 20\u00ba<\/li>\n<li>Montage: VESA<\/li>\n<li>Utilisation recommand\u00e9e: Entreprise et commerce<\/li>\n<li>Rotation: -15\u00ba \/ 15\u00b0<\/li>\n<li>Type de batterie: Litio Ion<\/li>\n<li>R\u00e9solution (px): 2560 x 1600 px<\/li>\n<\/ul>","protected":false},"excerpt":{"rendered":"<p>Si vous \u00eates passionn\u00e9 d&#8217;informatique et d&#8217;\u00e9lectronique, si vous \u00eates \u00e0 la pointe de la technologie et qu&#8217;aucun d\u00e9tail ne vous \u00e9chappe, achetez \u00c9cran BenQ RD240Q 24&#8243; WQXGA au meilleur prix. Le BenQ RD240Q est un moniteur de 24,1 pouces con\u00e7u pour offrir une exp\u00e9rience visuelle nette et pr\u00e9cise aussi bien en environnement professionnel que [&hellip;]<\/p>\n","protected":false},"featured_media":22645,"comment_status":"open","ping_status":"closed","template":"","meta":[],"product_brand":[664],"product_cat":[65,581,616],"product_tag":[213,106],"class_list":{"0":"post-22649","1":"product","2":"type-product","3":"status-publish","4":"has-post-thumbnail","6":"product_brand-brandp_537","7":"product_cat-informatique-electronique","8":"product_cat-informatique-peripheriques-et-consommables","9":"product_cat-moniteurs","10":"product_tag-tag_933","11":"product_tag-tag_1295","13":"first","14":"instock","15":"taxable","16":"shipping-taxable","17":"purchasable","18":"product-type-simple"},"_links":{"self":[{"href":"https:\/\/bigbuy.tupique.com\/en\/wp-json\/wp\/v2\/product\/22649","targetHints":{"allow":["GET"]}}],"collection":[{"href":"https:\/\/bigbuy.tupique.com\/en\/wp-json\/wp\/v2\/product"}],"about":[{"href":"https:\/\/bigbuy.tupique.com\/en\/wp-json\/wp\/v2\/types\/product"}],"replies":[{"embeddable":true,"href":"https:\/\/bigbuy.tupique.com\/en\/wp-json\/wp\/v2\/comments?post=22649"}],"wp:featuredmedia":[{"embeddable":true,"href":"https:\/\/bigbuy.tupique.com\/en\/wp-json\/wp\/v2\/media\/22645"}],"wp:attachment":[{"href":"https:\/\/bigbuy.tupique.com\/en\/wp-json\/wp\/v2\/media?parent=22649"}],"wp:term":[{"taxonomy":"product_brand","embeddable":true,"href":"https:\/\/bigbuy.tupique.com\/en\/wp-json\/wp\/v2\/product_brand?post=22649"},{"taxonomy":"product_cat","embeddable":true,"href":"https:\/\/bigbuy.tupique.com\/en\/wp-json\/wp\/v2\/product_cat?post=22649"},{"taxonomy":"product_tag","embeddable":true,"href":"https:\/\/bigbuy.tupique.com\/en\/wp-json\/wp\/v2\/product_tag?post=22649"}],"curies":[{"name":"wp","href":"https:\/\/api.w.org\/{rel}","templated":true}]}}