{"id":22578,"date":"2026-03-29T18:59:26","date_gmt":"2026-03-29T17:59:26","guid":{"rendered":"https:\/\/bigbuy.tupique.com\/produto\/ceiling-mount-for-projectors-poly-875l2aa\/"},"modified":"2026-04-16T09:11:55","modified_gmt":"2026-04-16T08:11:55","slug":"ceiling-mount-for-projectors-poly-875l2aa","status":"publish","type":"product","link":"https:\/\/bigbuy.tupique.com\/en\/produto\/ceiling-mount-for-projectors-poly-875l2aa\/","title":{"rendered":"Support de Toit pour Projecteur Poly 875L2AA"},"content":{"rendered":"<p>Retournez au bureau sans rien oublier ! Achetez <b>Support de Toit pour Projecteur Poly 875L2AA<\/b> et faites envie \u00e0 vos coll\u00e8gues!<\/p>\n<ul>\n<li>Mat\u00e9riel: M\u00e9tal<\/li>\n<li>Type: Support de Toit pour Projecteur<\/li>\n<\/ul>","protected":false},"excerpt":{"rendered":"<p>Retournez au bureau sans rien oublier ! Achetez Support de Toit pour Projecteur Poly 875L2AA et faites envie \u00e0 vos coll\u00e8gues! Mat\u00e9riel: M\u00e9tal Type: Support de Toit pour Projecteur<\/p>","protected":false},"featured_media":22577,"comment_status":"open","ping_status":"closed","template":"","meta":[],"product_brand":[1002],"product_cat":[65,581,583],"product_tag":[213],"class_list":{"0":"post-22578","1":"product","2":"type-product","3":"status-publish","4":"has-post-thumbnail","6":"product_brand-brandp_4768","7":"product_cat-informatique-electronique","8":"product_cat-informatique-peripheriques-et-consommables","9":"product_cat-projecteurs","10":"product_tag-tag_933","12":"first","13":"instock","14":"taxable","15":"shipping-taxable","16":"purchasable","17":"product-type-simple"},"_links":{"self":[{"href":"https:\/\/bigbuy.tupique.com\/en\/wp-json\/wp\/v2\/product\/22578","targetHints":{"allow":["GET"]}}],"collection":[{"href":"https:\/\/bigbuy.tupique.com\/en\/wp-json\/wp\/v2\/product"}],"about":[{"href":"https:\/\/bigbuy.tupique.com\/en\/wp-json\/wp\/v2\/types\/product"}],"replies":[{"embeddable":true,"href":"https:\/\/bigbuy.tupique.com\/en\/wp-json\/wp\/v2\/comments?post=22578"}],"wp:featuredmedia":[{"embeddable":true,"href":"https:\/\/bigbuy.tupique.com\/en\/wp-json\/wp\/v2\/media\/22577"}],"wp:attachment":[{"href":"https:\/\/bigbuy.tupique.com\/en\/wp-json\/wp\/v2\/media?parent=22578"}],"wp:term":[{"taxonomy":"product_brand","embeddable":true,"href":"https:\/\/bigbuy.tupique.com\/en\/wp-json\/wp\/v2\/product_brand?post=22578"},{"taxonomy":"product_cat","embeddable":true,"href":"https:\/\/bigbuy.tupique.com\/en\/wp-json\/wp\/v2\/product_cat?post=22578"},{"taxonomy":"product_tag","embeddable":true,"href":"https:\/\/bigbuy.tupique.com\/en\/wp-json\/wp\/v2\/product_tag?post=22578"}],"curies":[{"name":"wp","href":"https:\/\/api.w.org\/{rel}","templated":true}]}}