{"id":22530,"date":"2026-03-29T18:49:22","date_gmt":"2026-03-29T17:49:22","guid":{"rendered":"https:\/\/bigbuy.tupique.com\/produto\/multifunction-printer-brother-mfc-l2827dwxl\/"},"modified":"2026-04-15T02:56:48","modified_gmt":"2026-04-15T01:56:48","slug":"multifunction-printer-brother-mfc-l2827dwxl","status":"publish","type":"product","link":"https:\/\/bigbuy.tupique.com\/en\/produto\/multifunction-printer-brother-mfc-l2827dwxl\/","title":{"rendered":"Imprimante Multifonction Brother MFC-L2827DWXL"},"content":{"rendered":"<p>Si vous \u00eates passionn\u00e9 d&#8217;<b>informatique et d&#8217;\u00e9lectronique<\/b>, si vous \u00eates \u00e0 la pointe de la technologie et qu&#8217;aucun d\u00e9tail ne vous \u00e9chappe, achetez <b>Imprimante Multifonction Brother MFC-L2827DWXL<\/b> au meilleur prix.<\/p>\n<p>La <b>Brother MFC-L2827DWXL<\/b> est une solution multifonction id\u00e9ale pour les environnements professionnels exigeant efficacit\u00e9 et qualit\u00e9 en noir et blanc. Con\u00e7ue pour offrir une <b>vitesse d\u2019impression monochrome allant jusqu\u2019\u00e0 32 pages par minute<\/b> et une <b>impression recto verso automatique \u00e0 16 ppm<\/b>, elle optimise le temps et la consommation de papier. Sa technologie laser garantit une r\u00e9solution d\u2019impression jusqu\u2019\u00e0 <b>1200 x 1200 ppp<\/b>, produisant des textes nets et pr\u00e9cis, tandis que le temps d\u2019impression de la premi\u00e8re page est inf\u00e9rieur \u00e0 8,5 secondes, facilitant les travaux urgents. Elle int\u00e8gre \u00e9galement des fonctions de copie et de num\u00e9risation, avec une vitesse de copie monochrome de <b>32 copies par minute<\/b> et un scanner CIS capable de num\u00e9riser en <b>1200 x 1200 ppp<\/b> en noir et blanc comme en couleur, avec un d\u00e9bit de <b>22,5 pages par minute en noir et blanc<\/b> et <b>7,5 en couleur<\/b>. Sa connectivit\u00e9 est polyvalente, offrant <b>Wi-Fi, r\u00e9seau filaire et connexion USB 2.0 haute vitesse<\/b>, facilitant son int\u00e9gration dans des bureaux aux configurations r\u00e9seau vari\u00e9es. Pour les communications int\u00e9gr\u00e9es, elle dispose d\u2019un modem fax \u00e0 <b>33,6 kbps<\/b>, dans un appareil compact mesurant <b>410 x 399 x 319 mm<\/b> et pesant <b>12,7 kg<\/b>. C\u00f4t\u00e9 gestion du papier, elle comprend un bac standard de <b>250 feuilles A4<\/b>, un chargeur manuel et un chargeur automatique de documents (ADF) de <b>50 feuilles<\/b>, supportant divers formats et grammages, y compris enveloppes et \u00e9tiquettes, assurant une grande polyvalence. L\u2019appareil est \u00e9quip\u00e9 d\u2019un <b>\u00e9cran LCD 2 lignes avec touches<\/b> facilitant son utilisation et sa configuration sans ordinateur. En mati\u00e8re de s\u00e9curit\u00e9, il int\u00e8gre des fonctions avanc\u00e9es telles que <b>authentification 802.1x, d\u00e9tection d\u2019intrusion, firmware sign\u00e9 num\u00e9riquement, contr\u00f4le d\u2019acc\u00e8s r\u00e9seau et gestion s\u00e9curis\u00e9e des cl\u00e9s<\/b>, prot\u00e9geant les donn\u00e9es d\u2019entreprise. Sa m\u00e9moire interne de <b>128 Mo<\/b> assure une gestion stable des t\u00e2ches, et c\u00f4t\u00e9 consommables, il propose un toner haute capacit\u00e9 pouvant imprimer jusqu\u2019\u00e0 <b>3000 pages (mod\u00e8le XL)<\/b> ainsi qu\u2019un tambour d\u2019une dur\u00e9e d\u2019environ <b>15 000 pages<\/b>. Sa consommation \u00e9nerg\u00e9tique est optimis\u00e9e, avec un mode veille r\u00e9duisant la consommation \u00e0 <b>4,1W<\/b> et une fonction hibernation \u00e0 seulement <b>0,6W<\/b>. Le Brother MFC-L2827DWXL r\u00e9unit les fonctions essentielles d\u2019impression, copie, num\u00e9risation et fax dans un appareil robuste et fiable, adapt\u00e9 aux bureaux recherchant un \u00e9quilibre entre vitesse, qualit\u00e9 et connectivit\u00e9.<\/p>\n<ul>\n<li>Type:\n<ul>\n<li>Multifonction<\/li>\n<li>Imprimante Multifonction<\/li>\n<li>Noir et blanc<\/li>\n<\/ul>\n<\/li>\n<li>Taille: A4<\/li>\n<li>Connectivit\u00e9:\n<ul>\n<li>Wi-Fi<\/li>\n<li>Ethernet LAN<\/li>\n<\/ul>\n<\/li>\n<li>vitesse:\n<ul>\n<li>32 ppm<\/li>\n<li>16 ppm<\/li>\n<\/ul>\n<\/li>\n<li>Carte R\u00e9seau: Oui<\/li>\n<li>Produit \u00e0 brancher: Oui<\/li>\n<li>Type de prise: Prise EU<\/li>\n<li>Bloc d\u2019Alimentation: r\u00e9seau \u00e9lectrique<\/li>\n<li>Technologie:\n<ul>\n<li>LCD<\/li>\n<li>Laser<\/li>\n<\/ul>\n<\/li>\n<li>Profondeur: 399 mm<\/li>\n<li>R\u00e9solution d&#8217;image maximale:\n<ul>\n<li>600 x 600 dpi<\/li>\n<li>1200 x 1200 dpi<\/li>\n<\/ul>\n<\/li>\n<li>Connexions:\n<ul>\n<li>USB<\/li>\n<li>USB 2.0<\/li>\n<li>Ethernet LAN<\/li>\n<\/ul>\n<\/li>\n<li>Caract\u00e9ristiques:\n<ul>\n<li>\u00c9cran integr\u00e9<\/li>\n<li>\u00c9cran LCD<\/li>\n<li>Impression recto verso<\/li>\n<\/ul>\n<\/li>\n<li>Largeur:\n<ul>\n<li>410 mm<\/li>\n<li>41 cm<\/li>\n<\/ul>\n<\/li>\n<li>Couleur:\n<ul>\n<li>Noir<\/li>\n<li>Gris<\/li>\n<\/ul>\n<\/li>\n<li>Capacit\u00e9:\n<ul>\n<li>250 Volets<\/li>\n<li>120 Volets<\/li>\n<\/ul>\n<\/li>\n<li>M\u00e9moire interne: 128 MB<\/li>\n<li>Impression couleur: Non<\/li>\n<li>Scanner: 600 x 600 dpi<\/li>\n<li>Papier:\n<ul>\n<li>A4<\/li>\n<li>B5<\/li>\n<\/ul>\n<\/li>\n<li>Impression recto verso: Automatique<\/li>\n<li>Plateau: 1<\/li>\n<li>Type de commande: Boutons<\/li>\n<li>M\u00e9t\u00e9o: 8 s<\/li>\n<li>Fonctions: Imprimer<\/li>\n<li>Inclut: Cartouche<\/li>\n<\/ul>","protected":false},"excerpt":{"rendered":"<p>Si vous \u00eates passionn\u00e9 d&#8217;informatique et d&#8217;\u00e9lectronique, si vous \u00eates \u00e0 la pointe de la technologie et qu&#8217;aucun d\u00e9tail ne vous \u00e9chappe, achetez Imprimante Multifonction Brother MFC-L2827DWXL au meilleur prix. La Brother MFC-L2827DWXL est une solution multifonction id\u00e9ale pour les environnements professionnels exigeant efficacit\u00e9 et qualit\u00e9 en noir et blanc. Con\u00e7ue pour offrir une vitesse [&hellip;]<\/p>\n","protected":false},"featured_media":22525,"comment_status":"open","ping_status":"closed","template":"","meta":[],"product_brand":[669],"product_cat":[592,65,581],"product_tag":[213,106],"class_list":{"0":"post-22530","1":"product","2":"type-product","3":"status-publish","4":"has-post-thumbnail","6":"product_brand-brandp_538","7":"product_cat-imprimantes","8":"product_cat-informatique-electronique","9":"product_cat-informatique-peripheriques-et-consommables","10":"product_tag-tag_933","11":"product_tag-tag_1295","13":"first","14":"instock","15":"taxable","16":"shipping-taxable","17":"purchasable","18":"product-type-simple"},"_links":{"self":[{"href":"https:\/\/bigbuy.tupique.com\/en\/wp-json\/wp\/v2\/product\/22530","targetHints":{"allow":["GET"]}}],"collection":[{"href":"https:\/\/bigbuy.tupique.com\/en\/wp-json\/wp\/v2\/product"}],"about":[{"href":"https:\/\/bigbuy.tupique.com\/en\/wp-json\/wp\/v2\/types\/product"}],"replies":[{"embeddable":true,"href":"https:\/\/bigbuy.tupique.com\/en\/wp-json\/wp\/v2\/comments?post=22530"}],"wp:featuredmedia":[{"embeddable":true,"href":"https:\/\/bigbuy.tupique.com\/en\/wp-json\/wp\/v2\/media\/22525"}],"wp:attachment":[{"href":"https:\/\/bigbuy.tupique.com\/en\/wp-json\/wp\/v2\/media?parent=22530"}],"wp:term":[{"taxonomy":"product_brand","embeddable":true,"href":"https:\/\/bigbuy.tupique.com\/en\/wp-json\/wp\/v2\/product_brand?post=22530"},{"taxonomy":"product_cat","embeddable":true,"href":"https:\/\/bigbuy.tupique.com\/en\/wp-json\/wp\/v2\/product_cat?post=22530"},{"taxonomy":"product_tag","embeddable":true,"href":"https:\/\/bigbuy.tupique.com\/en\/wp-json\/wp\/v2\/product_tag?post=22530"}],"curies":[{"name":"wp","href":"https:\/\/api.w.org\/{rel}","templated":true}]}}