{"id":22448,"date":"2026-03-29T18:47:28","date_gmt":"2026-03-29T17:47:28","guid":{"rendered":"https:\/\/bigbuy.tupique.com\/produto\/tablet-microsoft-surface-pro-11-copilot-13-16-gb-ram-512-gb\/"},"modified":"2026-04-15T02:56:39","modified_gmt":"2026-04-15T01:56:39","slug":"tablet-microsoft-surface-pro-11-copilot-13-16-gb-ram-512-gb","status":"publish","type":"product","link":"https:\/\/bigbuy.tupique.com\/en\/produto\/tablet-microsoft-surface-pro-11-copilot-13-16-gb-ram-512-gb\/","title":{"rendered":"Tablette Microsoft Surface Pro 11 Copilot+ 13&#8243; 16 GB RAM 512 GB"},"content":{"rendered":"<p>Si vous \u00eates passionn\u00e9 d&#8217;<b>informatique et d&#8217;\u00e9lectronique<\/b>, si vous \u00eates \u00e0 la pointe de la technologie et qu&#8217;aucun d\u00e9tail ne vous \u00e9chappe, achetez <b>Tablette Microsoft Surface Pro 11 Copilot+ 13&#8243; 16 GB RAM 512 GB<\/b> au meilleur prix.<\/p>\n<ul>\n<li>Diagonale de l&#8217;\u00e9cran (cm): 33 cm<\/li>\n<li>Produit \u00e0 brancher: Oui<\/li>\n<li>Type de prise: Prise EU<\/li>\n<li>Type:\n<ul>\n<li>Tablette<\/li>\n<li>SSD<\/li>\n<\/ul>\n<\/li>\n<li>Bloc d\u2019Alimentation: r\u00e9seau \u00e9lectrique<\/li>\n<li>Gyroscope: Oui<\/li>\n<li>Mati\u00e8re: Aluminium<\/li>\n<li>Capacit\u00e9 de la batterie: 53 Wh<\/li>\n<li>Acc\u00e9l\u00e9rom\u00e8tre: Oui<\/li>\n<li>Syst\u00e8me d&#8217;exploitation:\n<ul>\n<li>Windows 11 Pro<\/li>\n<li>Windows<\/li>\n<\/ul>\n<\/li>\n<li>Plate-forme: Windows<\/li>\n<li>Connectivit\u00e9:\n<ul>\n<li>Bluetooth<\/li>\n<li>Wi-Fi<\/li>\n<\/ul>\n<\/li>\n<li>Connexions:\n<ul>\n<li>USB<\/li>\n<li>Thunderbolt<\/li>\n<\/ul>\n<\/li>\n<li>Ecran: 13&#8243;<\/li>\n<li>Processeur:\n<ul>\n<li>Qualcomm Snapdragon<\/li>\n<li>Snapdragon X Elite (X1E)<\/li>\n<\/ul>\n<\/li>\n<li>M\u00e9moire RAM: 16 GB RAM<\/li>\n<li>M\u00e9moire interne: 512 GB<\/li>\n<li>Couleur:\n<ul>\n<li>Noir<\/li>\n<li>Platine<\/li>\n<\/ul>\n<\/li>\n<li>Caract\u00e9ristiques:\n<ul>\n<li>Cam\u00e9ra frontale<\/li>\n<li>Ecran tactile<\/li>\n<li>Microphone int\u00e9gr\u00e9<\/li>\n<li>Autofocus<\/li>\n<li>2 Haut-parleurs<\/li>\n<li>Gorilla Glass<\/li>\n<\/ul>\n<\/li>\n<li>Tension de sortie: 15 V<\/li>\n<li>Autonomie approx.: 14 heures<\/li>\n<li>Fr\u00e9quence: 50 &#8211; 60 Hz<\/li>\n<li>Fonctions: Acc\u00e9l\u00e9rom\u00e8tre<\/li>\n<li>Exigences: 64 bits<\/li>\n<li>Technologie:\n<ul>\n<li>Dolby Atmos<\/li>\n<li>OLED<\/li>\n<\/ul>\n<\/li>\n<li>Non Inclus:\n<ul>\n<li>Adaptateur AC<\/li>\n<li>Connexion au r\u00e9seau mobile<\/li>\n<\/ul>\n<\/li>\n<li>R\u00e9solution: 2880 x 1920 px<\/li>\n<li>Cam\u00e9ra\/Appareil Photo: Arri\u00e8re<\/li>\n<li>Rapport d&#8217;aspect: 3:2<\/li>\n<li>Type de stockage: SSD<\/li>\n<li>Type de batterie: Litio Ion<\/li>\n<li>Noyaux: 12 Noyaux<\/li>\n<li>Famille de processeurs: Qualcomm Snapdragon<\/li>\n<li>Type de m\u00e9moire: LPDDR5X<\/li>\n<\/ul>","protected":false},"excerpt":{"rendered":"<p>Si vous \u00eates passionn\u00e9 d&#8217;informatique et d&#8217;\u00e9lectronique, si vous \u00eates \u00e0 la pointe de la technologie et qu&#8217;aucun d\u00e9tail ne vous \u00e9chappe, achetez Tablette Microsoft Surface Pro 11 Copilot+ 13&#8243; 16 GB RAM 512 GB au meilleur prix. Diagonale de l&#8217;\u00e9cran (cm): 33 cm Produit \u00e0 brancher: Oui Type de prise: Prise EU Type: Tablette [&hellip;]<\/p>\n","protected":false},"featured_media":22446,"comment_status":"open","ping_status":"closed","template":"","meta":[],"product_brand":[852],"product_cat":[575,65,1052],"product_tag":[566,106],"class_list":{"0":"post-22448","1":"product","2":"type-product","3":"status-publish","4":"has-post-thumbnail","6":"product_brand-brandp_564","7":"product_cat-electronique-telephonie-et-tablettes","8":"product_cat-informatique-electronique","9":"product_cat-tablettes","10":"product_tag-tag_547","11":"product_tag-tag_1295","13":"first","14":"instock","15":"taxable","16":"shipping-taxable","17":"purchasable","18":"product-type-simple"},"_links":{"self":[{"href":"https:\/\/bigbuy.tupique.com\/en\/wp-json\/wp\/v2\/product\/22448","targetHints":{"allow":["GET"]}}],"collection":[{"href":"https:\/\/bigbuy.tupique.com\/en\/wp-json\/wp\/v2\/product"}],"about":[{"href":"https:\/\/bigbuy.tupique.com\/en\/wp-json\/wp\/v2\/types\/product"}],"replies":[{"embeddable":true,"href":"https:\/\/bigbuy.tupique.com\/en\/wp-json\/wp\/v2\/comments?post=22448"}],"wp:featuredmedia":[{"embeddable":true,"href":"https:\/\/bigbuy.tupique.com\/en\/wp-json\/wp\/v2\/media\/22446"}],"wp:attachment":[{"href":"https:\/\/bigbuy.tupique.com\/en\/wp-json\/wp\/v2\/media?parent=22448"}],"wp:term":[{"taxonomy":"product_brand","embeddable":true,"href":"https:\/\/bigbuy.tupique.com\/en\/wp-json\/wp\/v2\/product_brand?post=22448"},{"taxonomy":"product_cat","embeddable":true,"href":"https:\/\/bigbuy.tupique.com\/en\/wp-json\/wp\/v2\/product_cat?post=22448"},{"taxonomy":"product_tag","embeddable":true,"href":"https:\/\/bigbuy.tupique.com\/en\/wp-json\/wp\/v2\/product_tag?post=22448"}],"curies":[{"name":"wp","href":"https:\/\/api.w.org\/{rel}","templated":true}]}}