{"id":22400,"date":"2026-03-29T18:46:24","date_gmt":"2026-03-29T17:46:24","guid":{"rendered":"https:\/\/bigbuy.tupique.com\/produto\/scanner-hp-scanjet-enterprise-flow-5000-s5\/"},"modified":"2026-05-11T19:58:54","modified_gmt":"2026-05-11T17:58:54","slug":"scanner-hp-scanjet-enterprise-flow-5000-s5","status":"publish","type":"product","link":"https:\/\/bigbuy.tupique.com\/en\/produto\/scanner-hp-scanjet-enterprise-flow-5000-s5\/","title":{"rendered":"Scanner HP Scanjet Enterprise Flow 5000 s5"},"content":{"rendered":"<p>Si vous \u00eates passionn\u00e9 d&#8217;<b>informatique et d&#8217;\u00e9lectronique<\/b>, si vous \u00eates \u00e0 la pointe de la technologie et qu&#8217;aucun d\u00e9tail ne vous \u00e9chappe, achetez <b>Scanner HP Scanjet Enterprise Flow 5000 s5<\/b> au meilleur prix.<\/p>\n<p>Le <b>HP Scanjet Enterprise Flow 5000 s5<\/b> est un <b>scanner<\/b> professionnel qui allie polyvalence et haute efficacit\u00e9 pour les environnements de travail exigeants en mati\u00e8re de num\u00e9risation. Cet appareil pr\u00e9sente un <b>design compact blanc<\/b> et est \u00e9quip\u00e9 d\u2019un <b>chargeur automatique de documents d\u2019une capacit\u00e9 de 80 feuilles<\/b>, facilitant la num\u00e9risation continue sans interruption. Sa technologie avanc\u00e9e int\u00e8gre un <b>capteur CMOS CIS<\/b> garantissant une r\u00e9solution optique allant jusqu\u2019\u00e0 <b>600 x 600 DPI<\/b>, offrant des images d\u00e9taill\u00e9es et nettes au format A4 et pour des formats papier jusqu\u2019\u00e0 216 x 3100 mm, permettant de num\u00e9riser des documents standards comme des formats longs ou sp\u00e9ciaux. La connectivit\u00e9 est flexible gr\u00e2ce aux options <b>Bluetooth et USB<\/b>, assurant la compatibilit\u00e9 avec plusieurs syst\u00e8mes d\u2019exploitation dont <b>Windows 10, Linux et Mac OS<\/b>, ce qui facilite son int\u00e9gration dans divers environnements informatiques. Sa m\u00e9moire interne de <b>512 Mo<\/b> supporte un flux de travail continu, tandis que le cycle de travail quotidien, avec une capacit\u00e9 maximale de <b>7500 pages<\/b>, fait du Scanjet Enterprise Flow 5000 s5 un outil robuste pour bureaux et d\u00e9partements \u00e0 fort volume de num\u00e9risation. De plus, le niveau sonore lors de la num\u00e9risation, plafonnant \u00e0 <b>65 dB<\/b>, permet un environnement de travail relativement silencieux. Ce scanner professionnel, fabriqu\u00e9 en Chine, est con\u00e7u pour offrir une performance constante, une qualit\u00e9 de reproduction des couleurs et une facilit\u00e9 d\u2019utilisation, convenant aux utilisateurs n\u00e9cessitant un flux de travail fiable et efficace en gestion documentaire num\u00e9rique. En r\u00e9sum\u00e9, le HP Scanjet Enterprise Flow 5000 s5 se positionne comme une solution optimale pour num\u00e9riser de grands volumes avec pr\u00e9cision, flexibilit\u00e9 et connectivit\u00e9 avanc\u00e9e.<\/p>\n<ul>\n<li>Produit \u00e0 brancher: Oui<\/li>\n<li>Type de prise: Prise EU<\/li>\n<li>Compatible:\n<ul>\n<li>Windows 10<\/li>\n<li>Linux<\/li>\n<li>Mac OS<\/li>\n<\/ul>\n<\/li>\n<li>Type: Scanner<\/li>\n<li>Bloc d\u2019Alimentation:\n<ul>\n<li>r\u00e9seau \u00e9lectrique<\/li>\n<li>CA<\/li>\n<\/ul>\n<\/li>\n<li>Couleur: Blanc<\/li>\n<li>Taille: A4<\/li>\n<li>M\u00e9moire interne: 512 MB<\/li>\n<li>R\u00e9solution d&#8217;image maximale: 600 x 600 dpi<\/li>\n<li>\u00c9cran integr\u00e9: Non<\/li>\n<li>Connexions: USB<\/li>\n<li>Connectivit\u00e9: Bluetooth<\/li>\n<li>Scanner: 600 x 600 dpi<\/li>\n<li>Capacit\u00e9: 80 Volets<\/li>\n<li>Fr\u00e9quence: 50 &#8211; 60 Hz<\/li>\n<li>Papier: A4<\/li>\n<li>Caract\u00e9ristiques: Scanner Double Face<\/li>\n<li>puissance: 3600 W<\/li>\n<\/ul>","protected":false},"excerpt":{"rendered":"<p>Si vous \u00eates passionn\u00e9 d&#8217;informatique et d&#8217;\u00e9lectronique, si vous \u00eates \u00e0 la pointe de la technologie et qu&#8217;aucun d\u00e9tail ne vous \u00e9chappe, achetez Scanner HP Scanjet Enterprise Flow 5000 s5 au meilleur prix. Le HP Scanjet Enterprise Flow 5000 s5 est un scanner professionnel qui allie polyvalence et haute efficacit\u00e9 pour les environnements de travail [&hellip;]<\/p>\n","protected":false},"featured_media":22397,"comment_status":"open","ping_status":"closed","template":"","meta":[],"product_brand":[630],"product_cat":[65,581,587],"product_tag":[213,104,106],"class_list":{"0":"post-22400","1":"product","2":"type-product","3":"status-publish","4":"has-post-thumbnail","6":"product_brand-brandp_909","7":"product_cat-informatique-electronique","8":"product_cat-informatique-peripheriques-et-consommables","9":"product_cat-scanners","10":"product_tag-tag_933","11":"product_tag-tag_1279","12":"product_tag-tag_1295","14":"first","15":"instock","16":"taxable","17":"shipping-taxable","18":"purchasable","19":"product-type-simple"},"_links":{"self":[{"href":"https:\/\/bigbuy.tupique.com\/en\/wp-json\/wp\/v2\/product\/22400","targetHints":{"allow":["GET"]}}],"collection":[{"href":"https:\/\/bigbuy.tupique.com\/en\/wp-json\/wp\/v2\/product"}],"about":[{"href":"https:\/\/bigbuy.tupique.com\/en\/wp-json\/wp\/v2\/types\/product"}],"replies":[{"embeddable":true,"href":"https:\/\/bigbuy.tupique.com\/en\/wp-json\/wp\/v2\/comments?post=22400"}],"wp:featuredmedia":[{"embeddable":true,"href":"https:\/\/bigbuy.tupique.com\/en\/wp-json\/wp\/v2\/media\/22397"}],"wp:attachment":[{"href":"https:\/\/bigbuy.tupique.com\/en\/wp-json\/wp\/v2\/media?parent=22400"}],"wp:term":[{"taxonomy":"product_brand","embeddable":true,"href":"https:\/\/bigbuy.tupique.com\/en\/wp-json\/wp\/v2\/product_brand?post=22400"},{"taxonomy":"product_cat","embeddable":true,"href":"https:\/\/bigbuy.tupique.com\/en\/wp-json\/wp\/v2\/product_cat?post=22400"},{"taxonomy":"product_tag","embeddable":true,"href":"https:\/\/bigbuy.tupique.com\/en\/wp-json\/wp\/v2\/product_tag?post=22400"}],"curies":[{"name":"wp","href":"https:\/\/api.w.org\/{rel}","templated":true}]}}