{"id":22265,"date":"2026-03-29T18:43:36","date_gmt":"2026-03-29T17:43:36","guid":{"rendered":"https:\/\/bigbuy.tupique.com\/produto\/perforating-hammer-metabo-khe-2660-850-w\/"},"modified":"2026-04-16T20:01:14","modified_gmt":"2026-04-16T19:01:14","slug":"perforating-hammer-metabo-khe-2660-850-w","status":"publish","type":"product","link":"https:\/\/bigbuy.tupique.com\/en\/produto\/perforating-hammer-metabo-khe-2660-850-w\/","title":{"rendered":"Marteau perforateur Metabo KHE 2660 850 W"},"content":{"rendered":"<p>Si vous aimez prendre soin de chaque d\u00e9tail de votre maison et d&#8217;\u00eatre \u00e0 la derni\u00e8re mode en mati\u00e8re de produits qui vous rendront la vie plus facile, achetez <b>Marteau perforateur Metabo KHE 2660 850 W<\/b> au meilleur prix.<\/p>\n<p>Le <b>Marteau perforateur KHE 2660<\/b> de <b>Metabo<\/b> est un outil \u00e9lectrique professionnel con\u00e7u pour les travaux de per\u00e7age et de percussion dans des mat\u00e9riaux durs tels que le b\u00e9ton et la pierre. Cette machine puissante est \u00e9quip\u00e9e d\u2019un moteur de <b>850 W<\/b> qui fournit une force constante et efficace pour un usage intensif, garantissant une exp\u00e9rience de travail fiable et durable. Il dispose d\u2019un syst\u00e8me de fixation de m\u00e8ches <b>SDS Plus<\/b> et d\u2019un <b>mandrin \u00e0 changement rapide<\/b>, facilitant ainsi le remplacement rapide et confortable des m\u00e8ches sans outils suppl\u00e9mentaires, ce qui optimise la productivit\u00e9. Le marteau offre une \u00e9nergie d\u2019impact de <b>3 joules<\/b>, \u00e9quilibrant puissance et contr\u00f4le pour des per\u00e7ages pr\u00e9cis avec un moindre effort physique de l\u2019utilisateur. Son alimentation se fait par <b>c\u00e2ble \u00e9lectrique<\/b> avec prise europ\u00e9enne (EU), assurant une alimentation continue sans interruption, id\u00e9al pour les projets n\u00e9cessitant une utilisation prolong\u00e9e. De plus, l\u2019ergonomie et le design, combin\u00e9s \u00e0 la r\u00e9putation de <b>Metabo<\/b> pour ses outils robustes, font du KHE 2660 un choix adapt\u00e9 aux professionnels du b\u00e2timent exigeant fiabilit\u00e9 et performance pour le per\u00e7age de mat\u00e9riaux r\u00e9sistants. Ce mod\u00e8le repr\u00e9sente une solution technique avanc\u00e9e et efficace dans sa cat\u00e9gorie, offrant un \u00e9quilibre optimal entre puissance, confort et facilit\u00e9 d\u2019utilisation pour des applications exigeantes.<\/p>\n<ul>\n<li>Produit \u00e0 brancher: Oui<\/li>\n<li>Type de prise: Prise EU<\/li>\n<li>Bloc d\u2019Alimentation:\n<ul>\n<li>r\u00e9seau \u00e9lectrique<\/li>\n<li>C\u00e2ble \u00e9lectrique<\/li>\n<\/ul>\n<\/li>\n<li>Couleur: Vert<\/li>\n<li>puissance: 850 W<\/li>\n<li>Tension: 230 V<\/li>\n<li>Longueur du c\u00e2ble: 4 m<\/li>\n<li>Inclut: Mandrin de perceuse<\/li>\n<li>Poids approx.: 3 Kg<\/li>\n<li>Type d&#8217;ancrage: SDS Plus<\/li>\n<li>Dimensions approx.:\n<ul>\n<li>26 mm<\/li>\n<li>20 x 8 x 36 cm<\/li>\n<li>32 X 12 X 50 cm<\/li>\n<\/ul>\n<\/li>\n<\/ul>","protected":false},"excerpt":{"rendered":"<p>Si vous aimez prendre soin de chaque d\u00e9tail de votre maison et d&#8217;\u00eatre \u00e0 la derni\u00e8re mode en mati\u00e8re de produits qui vous rendront la vie plus facile, achetez Marteau perforateur Metabo KHE 2660 850 W au meilleur prix. Le Marteau perforateur KHE 2660 de Metabo est un outil \u00e9lectrique professionnel con\u00e7u pour les travaux [&hellip;]<\/p>\n","protected":false},"featured_media":22259,"comment_status":"open","ping_status":"closed","template":"","meta":[],"product_brand":[1003],"product_cat":[613,239],"product_tag":[59,210],"class_list":{"0":"post-22265","1":"product","2":"type-product","3":"status-publish","4":"has-post-thumbnail","6":"product_brand-brandp_6129","7":"product_cat-bricolage-et-materiel","8":"product_cat-maison-jardin","9":"product_tag-tag_1304","10":"product_tag-tag_25","12":"first","13":"instock","14":"taxable","15":"shipping-taxable","16":"purchasable","17":"product-type-simple"},"_links":{"self":[{"href":"https:\/\/bigbuy.tupique.com\/en\/wp-json\/wp\/v2\/product\/22265","targetHints":{"allow":["GET"]}}],"collection":[{"href":"https:\/\/bigbuy.tupique.com\/en\/wp-json\/wp\/v2\/product"}],"about":[{"href":"https:\/\/bigbuy.tupique.com\/en\/wp-json\/wp\/v2\/types\/product"}],"replies":[{"embeddable":true,"href":"https:\/\/bigbuy.tupique.com\/en\/wp-json\/wp\/v2\/comments?post=22265"}],"wp:featuredmedia":[{"embeddable":true,"href":"https:\/\/bigbuy.tupique.com\/en\/wp-json\/wp\/v2\/media\/22259"}],"wp:attachment":[{"href":"https:\/\/bigbuy.tupique.com\/en\/wp-json\/wp\/v2\/media?parent=22265"}],"wp:term":[{"taxonomy":"product_brand","embeddable":true,"href":"https:\/\/bigbuy.tupique.com\/en\/wp-json\/wp\/v2\/product_brand?post=22265"},{"taxonomy":"product_cat","embeddable":true,"href":"https:\/\/bigbuy.tupique.com\/en\/wp-json\/wp\/v2\/product_cat?post=22265"},{"taxonomy":"product_tag","embeddable":true,"href":"https:\/\/bigbuy.tupique.com\/en\/wp-json\/wp\/v2\/product_tag?post=22265"}],"curies":[{"name":"wp","href":"https:\/\/api.w.org\/{rel}","templated":true}]}}