{"id":22145,"date":"2026-03-29T18:30:22","date_gmt":"2026-03-29T17:30:22","guid":{"rendered":"https:\/\/bigbuy.tupique.com\/produto\/perforating-hammer-bosch-gbh18v-28cf-2x8ah-gde18v-16\/"},"modified":"2026-04-16T16:32:30","modified_gmt":"2026-04-16T15:32:30","slug":"perforating-hammer-bosch-gbh18v-28cf-2x8ah-gde18v-16","status":"publish","type":"product","link":"https:\/\/bigbuy.tupique.com\/en\/produto\/perforating-hammer-bosch-gbh18v-28cf-2x8ah-gde18v-16\/","title":{"rendered":"Marteau perforateur BOSCH GBH18V-28CF 2X8AH + GDE18V-16"},"content":{"rendered":"<p>Si vous aimez prendre soin de chaque d\u00e9tail de votre maison et d&#8217;\u00eatre \u00e0 la derni\u00e8re mode en mati\u00e8re de produits qui vous rendront la vie plus facile, achetez <b>Marteau perforateur BOSCH GBH18V-28CF 2X8AH + GDE18V-16<\/b> au meilleur prix.<\/p>\n<p>Le <b>marteau perforateur Bosch Professional GBH18V-28CF<\/b> est un outil puissant et avanc\u00e9 con\u00e7u pour les travaux professionnels n\u00e9cessitant pr\u00e9cision et haute performance. Il fonctionne avec une <b>tension de 18 V<\/b> et utilise une <b>alimentation par batterie<\/b>, garantissant mobilit\u00e9 et confort sans c\u00e2ble sur tout chantier. Son <b>moteur sans balais<\/b> am\u00e9liore l\u2019efficacit\u00e9 \u00e9nerg\u00e9tique et la durabilit\u00e9, offrant une plus grande autonomie et moins d\u2019entretien compar\u00e9 aux moteurs traditionnels. Ce mod\u00e8le se distingue \u00e9galement par sa <b>double poign\u00e9e<\/b>, qui assure un meilleur contr\u00f4le et confort lors de l\u2019utilisation, notamment pour les travaux d\u2019impact o\u00f9 stabilit\u00e9 et ma\u00eetrise sont essentielles. Il int\u00e8gre un syst\u00e8me d\u2019\u00e9clairage <b>LED<\/b> facilitant le travail en zones peu \u00e9clair\u00e9es, augmentant pr\u00e9cision et s\u00e9curit\u00e9. Le kit comprend deux batteries ProCore haute capacit\u00e9 <b>8,0 Ah<\/b>, un chargeur rapide et un aspirateur mod\u00e8le <b>GDE18V-16<\/b> pour maintenir la zone de travail propre, contribuant \u00e0 un environnement plus sain. Le tout est prot\u00e9g\u00e9 et organis\u00e9 dans un syst\u00e8me de transport robuste <b>L-BOXX<\/b>, id\u00e9al pour stocker et transporter l\u2019\u00e9quipement en toute s\u00e9curit\u00e9 et simplicit\u00e9. L\u2019association de technologie avanc\u00e9e, robustesse et accessoires compl\u00e9mentaires fait de ce marteau perforateur une solution performante pour les professionnels exigeant fiabilit\u00e9 et efficacit\u00e9 dans les per\u00e7ages et travaux d\u2019impact sur divers mat\u00e9riaux. Cet outil repr\u00e9sente un \u00e9quilibre entre puissance, autonomie et ergonomie, pens\u00e9 pour les t\u00e2ches professionnelles les plus exigeantes.<\/p>\n<ul>\n<li>Produit \u00e0 brancher: Oui<\/li>\n<li>Type de prise: Prise EU<\/li>\n<li>Bloc d\u2019Alimentation:\n<ul>\n<li>r\u00e9seau \u00e9lectrique<\/li>\n<li>Batterie<\/li>\n<\/ul>\n<\/li>\n<li>Couleur: Bleu<\/li>\n<li>Tension: 18 V<\/li>\n<li>Poids approx.: 3 Kg<\/li>\n<li>Type d&#8217;ancrage: SDS Plus<\/li>\n<li>Caract\u00e9ristiques:\n<ul>\n<li>Lumi\u00e8re LED<\/li>\n<li>Double poign\u00e9e<\/li>\n<\/ul>\n<\/li>\n<li>Moteur: Sans brosse<\/li>\n<li>Inclut:\n<ul>\n<li>Batterie<\/li>\n<li>Batterie au lithium rechargeable<\/li>\n<li>Chargeur de batterie<\/li>\n<li>Housse de transport<\/li>\n<\/ul>\n<\/li>\n<li>Piles incluses: Oui<\/li>\n<li>Type de batterie: Litio Ion<\/li>\n<\/ul>","protected":false},"excerpt":{"rendered":"<p>Si vous aimez prendre soin de chaque d\u00e9tail de votre maison et d&#8217;\u00eatre \u00e0 la derni\u00e8re mode en mati\u00e8re de produits qui vous rendront la vie plus facile, achetez Marteau perforateur BOSCH GBH18V-28CF 2X8AH + GDE18V-16 au meilleur prix. Le marteau perforateur Bosch Professional GBH18V-28CF est un outil puissant et avanc\u00e9 con\u00e7u pour les travaux [&hellip;]<\/p>\n","protected":false},"featured_media":177049,"comment_status":"open","ping_status":"closed","template":"","meta":[],"product_brand":[162],"product_cat":[613,239],"product_tag":[59,210],"class_list":{"0":"post-22145","1":"product","2":"type-product","3":"status-publish","4":"has-post-thumbnail","6":"product_brand-brandp_959","7":"product_cat-bricolage-et-materiel","8":"product_cat-maison-jardin","9":"product_tag-tag_1304","10":"product_tag-tag_25","12":"first","13":"instock","14":"taxable","15":"shipping-taxable","16":"purchasable","17":"product-type-simple"},"_links":{"self":[{"href":"https:\/\/bigbuy.tupique.com\/en\/wp-json\/wp\/v2\/product\/22145","targetHints":{"allow":["GET"]}}],"collection":[{"href":"https:\/\/bigbuy.tupique.com\/en\/wp-json\/wp\/v2\/product"}],"about":[{"href":"https:\/\/bigbuy.tupique.com\/en\/wp-json\/wp\/v2\/types\/product"}],"replies":[{"embeddable":true,"href":"https:\/\/bigbuy.tupique.com\/en\/wp-json\/wp\/v2\/comments?post=22145"}],"wp:featuredmedia":[{"embeddable":true,"href":"https:\/\/bigbuy.tupique.com\/en\/wp-json\/wp\/v2\/media\/177049"}],"wp:attachment":[{"href":"https:\/\/bigbuy.tupique.com\/en\/wp-json\/wp\/v2\/media?parent=22145"}],"wp:term":[{"taxonomy":"product_brand","embeddable":true,"href":"https:\/\/bigbuy.tupique.com\/en\/wp-json\/wp\/v2\/product_brand?post=22145"},{"taxonomy":"product_cat","embeddable":true,"href":"https:\/\/bigbuy.tupique.com\/en\/wp-json\/wp\/v2\/product_cat?post=22145"},{"taxonomy":"product_tag","embeddable":true,"href":"https:\/\/bigbuy.tupique.com\/en\/wp-json\/wp\/v2\/product_tag?post=22145"}],"curies":[{"name":"wp","href":"https:\/\/api.w.org\/{rel}","templated":true}]}}