{"id":22137,"date":"2026-03-29T18:30:10","date_gmt":"2026-03-29T17:30:10","guid":{"rendered":"https:\/\/bigbuy.tupique.com\/produto\/shower-column-grohe-vitalio-comfort-black-abs-11-x-114-x-37-cm\/"},"modified":"2026-05-11T20:00:54","modified_gmt":"2026-05-11T18:00:54","slug":"shower-column-grohe-vitalio-comfort-black-abs-11-x-114-x-37-cm","status":"publish","type":"product","link":"https:\/\/bigbuy.tupique.com\/en\/produto\/shower-column-grohe-vitalio-comfort-black-abs-11-x-114-x-37-cm\/","title":{"rendered":"Colonne de douche Grohe Vitalio Comfort Noir ABS 11 X 114 X 37 CM"},"content":{"rendered":"<p>Si vous aimez prendre soin de chaque d\u00e9tail de votre maison et d&#8217;\u00eatre \u00e0 la derni\u00e8re mode en mati\u00e8re de produits qui vous rendront la vie plus facile, achetez <b>Colonne de douche Grohe Vitalio Comfort Noir ABS 11 X 114 X 37 CM<\/b> au meilleur prix.<\/p>\n<p>La <b>colonne de douche<\/b> <b>Grohe Vitalio Comfort<\/b> est une solution moderne et efficace pour la salle de bains, con\u00e7ue pour allier confort, fonctionnalit\u00e9 et esth\u00e9tique en un seul ensemble. Fabriqu\u00e9e en <b>ABS haute r\u00e9sistance<\/b>, cette colonne se distingue par sa finition <b>noir mat<\/b>, apportant une touche contemporaine et \u00e9l\u00e9gante qui s\u2019int\u00e8gre facilement dans les salles de bains actuelles. Son <b>installation murale<\/b> permet une pose s\u00fbre et stable, s\u2019adaptant \u00e0 diff\u00e9rentes configurations sans difficult\u00e9. Les dimensions de <b>11 x 114 x 37 cm<\/b> optimisent l\u2019espace vertical, convenant aussi bien aux petites salles de bains qu\u2019aux espaces de douche plus grands. La colonne int\u00e8gre un <b>mitigeur thermostatique<\/b> assurant un contr\u00f4le pr\u00e9cis de la temp\u00e9rature et \u00e9vitant les variations inattendues, pour plus de s\u00e9curit\u00e9 et de confort. Le syst\u00e8me favorise <b>l\u2019\u00e9conomie d\u2019eau<\/b>, offrant ainsi une solution efficace et durable sans compromettre l\u2019exp\u00e9rience de douche intense et enveloppante propre aux produits Grohe. L\u2019utilisation de mat\u00e9riaux durables comme l\u2019ABS garantit une longue dur\u00e9e de vie et une r\u00e9sistance optimale \u00e0 l\u2019humidit\u00e9 et aux variations de temp\u00e9rature. Dans l\u2019ensemble, la Grohe Vitalio Comfort s\u2019impose comme une alternative fiable et moderne, id\u00e9ale pour ceux qui appr\u00e9cient le design, l\u2019efficacit\u00e9 et la facilit\u00e9 d\u2019utilisation dans leur routine quotidienne d\u2019hygi\u00e8ne.<\/p>\n<ul>\n<li>Couleur:\n<ul>\n<li>Noir<\/li>\n<li>Noir mat<\/li>\n<\/ul>\n<\/li>\n<li>Mati\u00e8re: ABS<\/li>\n<li>Dimensions approx.: 11 X 114 X 37 CM<\/li>\n<li>Type d&#8217;installation: Montage mural<\/li>\n<\/ul>","protected":false},"excerpt":{"rendered":"<p>Si vous aimez prendre soin de chaque d\u00e9tail de votre maison et d&#8217;\u00eatre \u00e0 la derni\u00e8re mode en mati\u00e8re de produits qui vous rendront la vie plus facile, achetez Colonne de douche Grohe Vitalio Comfort Noir ABS 11 X 114 X 37 CM au meilleur prix. La colonne de douche Grohe Vitalio Comfort est une [&hellip;]<\/p>\n","protected":false},"featured_media":22134,"comment_status":"open","ping_status":"closed","template":"","meta":[],"product_brand":[848],"product_cat":[781,239,780],"product_tag":[59,210],"class_list":{"0":"post-22137","1":"product","2":"type-product","3":"status-publish","4":"has-post-thumbnail","6":"product_brand-brandp_3107","7":"product_cat-accessoires-et-robinets","8":"product_cat-maison-jardin","9":"product_cat-salle-de-bain","10":"product_tag-tag_1304","11":"product_tag-tag_25","13":"first","14":"instock","15":"taxable","16":"shipping-taxable","17":"purchasable","18":"product-type-simple"},"_links":{"self":[{"href":"https:\/\/bigbuy.tupique.com\/en\/wp-json\/wp\/v2\/product\/22137","targetHints":{"allow":["GET"]}}],"collection":[{"href":"https:\/\/bigbuy.tupique.com\/en\/wp-json\/wp\/v2\/product"}],"about":[{"href":"https:\/\/bigbuy.tupique.com\/en\/wp-json\/wp\/v2\/types\/product"}],"replies":[{"embeddable":true,"href":"https:\/\/bigbuy.tupique.com\/en\/wp-json\/wp\/v2\/comments?post=22137"}],"wp:featuredmedia":[{"embeddable":true,"href":"https:\/\/bigbuy.tupique.com\/en\/wp-json\/wp\/v2\/media\/22134"}],"wp:attachment":[{"href":"https:\/\/bigbuy.tupique.com\/en\/wp-json\/wp\/v2\/media?parent=22137"}],"wp:term":[{"taxonomy":"product_brand","embeddable":true,"href":"https:\/\/bigbuy.tupique.com\/en\/wp-json\/wp\/v2\/product_brand?post=22137"},{"taxonomy":"product_cat","embeddable":true,"href":"https:\/\/bigbuy.tupique.com\/en\/wp-json\/wp\/v2\/product_cat?post=22137"},{"taxonomy":"product_tag","embeddable":true,"href":"https:\/\/bigbuy.tupique.com\/en\/wp-json\/wp\/v2\/product_tag?post=22137"}],"curies":[{"name":"wp","href":"https:\/\/api.w.org\/{rel}","templated":true}]}}