{"id":22077,"date":"2026-03-29T18:28:37","date_gmt":"2026-03-29T17:28:37","guid":{"rendered":"https:\/\/bigbuy.tupique.com\/produto\/hdmi-cable-philips-27e1n1900ae-00-black\/"},"modified":"2026-05-11T19:59:51","modified_gmt":"2026-05-11T17:59:51","slug":"hdmi-cable-philips-27e1n1900ae-00-black","status":"publish","type":"product","link":"https:\/\/bigbuy.tupique.com\/en\/produto\/hdmi-cable-philips-27e1n1900ae-00-black\/","title":{"rendered":"C\u00e2ble HDMI Philips 27E1N1900AE\/00 Noir"},"content":{"rendered":"<p>Si vous \u00eates passionn\u00e9 d&#8217;<b>informatique et d&#8217;\u00e9lectronique<\/b>, si vous \u00eates \u00e0 la pointe de la technologie et qu&#8217;aucun d\u00e9tail ne vous \u00e9chappe, achetez <b>C\u00e2ble HDMI Philips 27E1N1900AE\/00 Noir<\/b> au meilleur prix.<\/p>\n<ul>\n<li>Diagonale de l&#8217;\u00e9cran (cm): 68,6 cm<\/li>\n<li>Produit \u00e0 brancher: Oui<\/li>\n<li>Ecran: 27&#8243;<\/li>\n<li>Type de prise: Prise EU<\/li>\n<li>Bloc d\u2019Alimentation: r\u00e9seau \u00e9lectrique<\/li>\n<li>Couleur: Noir<\/li>\n<li>Temps de r\u00e9ponse: 4 ms<\/li>\n<li>VESA: 10 x 10 cm<\/li>\n<li>Brille:\n<ul>\n<li>350 cd\/m\u00b2<\/li>\n<li>350 lm ANSI<\/li>\n<\/ul>\n<\/li>\n<li>Tension:\n<ul>\n<li>100-240 V<\/li>\n<li>100 &#8211; 240 V<\/li>\n<\/ul>\n<\/li>\n<li>puissance: 4 W<\/li>\n<li>Classification \u00e9nerg\u00e9tique: F<\/li>\n<li>R\u00e9solution: 4K Ultra HD<\/li>\n<li>Rapport d&#8217;aspect: 16:9<\/li>\n<li>Connexions:\n<ul>\n<li>HDMI<\/li>\n<li>HDMI 2.0<\/li>\n<li>2<\/li>\n<li>HDMI x 2<\/li>\n<li>USB<\/li>\n<li>USB-C<\/li>\n<li>USB 2.0<\/li>\n<li>HDCP<\/li>\n<li>USB A x 2<\/li>\n<\/ul>\n<\/li>\n<li>R\u00e9solution (px): 3840 x 2160 px<\/li>\n<li>Technologie:\n<ul>\n<li>IPS<\/li>\n<li>LCD<\/li>\n<li>LED<\/li>\n<li>HDR10<\/li>\n<li>Flicker free<\/li>\n<\/ul>\n<\/li>\n<li>Fr\u00e9quence:\n<ul>\n<li>50 &#8211; 60 Hz<\/li>\n<li>60 Hz<\/li>\n<\/ul>\n<\/li>\n<li>Caract\u00e9ristiques:\n<ul>\n<li>Mat<\/li>\n<li>R\u00e9glable<\/li>\n<li>HDR<\/li>\n<li>Avec stand<\/li>\n<li>Inclinaison r\u00e9glable<\/li>\n<li>Plug &amp; Play<\/li>\n<li>Chargement rapide et fiable<\/li>\n<li>Haut-parleurs int\u00e9gr\u00e9s<\/li>\n<li>\u00c9cran plat<\/li>\n<\/ul>\n<\/li>\n<li>Rapport de contraste: 1000:1<\/li>\n<li>Ports: Sortie audio<\/li>\n<li>Fr\u00e9quence d&#8217;entr\u00e9e AC: 50-60 Hz<\/li>\n<li>Ecran tactile: Non<\/li>\n<li>Emballage respectueux de l\u2019environnement: 100 % recyclable<\/li>\n<li>Angle: 178\u00ba<\/li>\n<li>Pr\u00e9cision (humidit\u00e9 relative): 20 % &#8211; 80 %<\/li>\n<li>Connecteurs: Kensington<\/li>\n<li>Inclinaison: -5\u00ba \/ 20\u00ba<\/li>\n<li>Montage: VESA<\/li>\n<li>Utilisation recommand\u00e9e: Maison<\/li>\n<li>Inclut: Manuel de l&#8217;utilisateur<\/li>\n<\/ul>","protected":false},"excerpt":{"rendered":"<p>Si vous \u00eates passionn\u00e9 d&#8217;informatique et d&#8217;\u00e9lectronique, si vous \u00eates \u00e0 la pointe de la technologie et qu&#8217;aucun d\u00e9tail ne vous \u00e9chappe, achetez C\u00e2ble HDMI Philips 27E1N1900AE\/00 Noir au meilleur prix. Diagonale de l&#8217;\u00e9cran (cm): 68,6 cm Produit \u00e0 brancher: Oui Ecran: 27&#8243; Type de prise: Prise EU Bloc d\u2019Alimentation: r\u00e9seau \u00e9lectrique Couleur: Noir Temps [&hellip;]<\/p>\n","protected":false},"featured_media":193451,"comment_status":"open","ping_status":"closed","template":"","meta":[],"product_brand":[315],"product_cat":[65,581,616],"product_tag":[213,106],"class_list":{"0":"post-22077","1":"product","2":"type-product","3":"status-publish","4":"has-post-thumbnail","6":"product_brand-brandp_571","7":"product_cat-informatique-electronique","8":"product_cat-informatique-peripheriques-et-consommables","9":"product_cat-moniteurs","10":"product_tag-tag_933","11":"product_tag-tag_1295","13":"first","14":"instock","15":"taxable","16":"shipping-taxable","17":"purchasable","18":"product-type-simple"},"_links":{"self":[{"href":"https:\/\/bigbuy.tupique.com\/en\/wp-json\/wp\/v2\/product\/22077","targetHints":{"allow":["GET"]}}],"collection":[{"href":"https:\/\/bigbuy.tupique.com\/en\/wp-json\/wp\/v2\/product"}],"about":[{"href":"https:\/\/bigbuy.tupique.com\/en\/wp-json\/wp\/v2\/types\/product"}],"replies":[{"embeddable":true,"href":"https:\/\/bigbuy.tupique.com\/en\/wp-json\/wp\/v2\/comments?post=22077"}],"wp:featuredmedia":[{"embeddable":true,"href":"https:\/\/bigbuy.tupique.com\/en\/wp-json\/wp\/v2\/media\/193451"}],"wp:attachment":[{"href":"https:\/\/bigbuy.tupique.com\/en\/wp-json\/wp\/v2\/media?parent=22077"}],"wp:term":[{"taxonomy":"product_brand","embeddable":true,"href":"https:\/\/bigbuy.tupique.com\/en\/wp-json\/wp\/v2\/product_brand?post=22077"},{"taxonomy":"product_cat","embeddable":true,"href":"https:\/\/bigbuy.tupique.com\/en\/wp-json\/wp\/v2\/product_cat?post=22077"},{"taxonomy":"product_tag","embeddable":true,"href":"https:\/\/bigbuy.tupique.com\/en\/wp-json\/wp\/v2\/product_tag?post=22077"}],"curies":[{"name":"wp","href":"https:\/\/api.w.org\/{rel}","templated":true}]}}