{"id":22067,"date":"2026-03-29T18:28:21","date_gmt":"2026-03-29T17:28:21","guid":{"rendered":"https:\/\/bigbuy.tupique.com\/produto\/toilet-seat-sfa-white-plastic\/"},"modified":"2026-04-16T21:00:16","modified_gmt":"2026-04-16T20:00:16","slug":"toilet-seat-sfa-white-plastic","status":"publish","type":"product","link":"https:\/\/bigbuy.tupique.com\/en\/produto\/toilet-seat-sfa-white-plastic\/","title":{"rendered":"Abattant WC SFA Blanc Plastique"},"content":{"rendered":"<p>Si vous aimez prendre soin de chaque d\u00e9tail de votre maison et d&#8217;\u00eatre \u00e0 la derni\u00e8re mode en mati\u00e8re de produits qui vous rendront la vie plus facile, achetez <b>Abattant WC SFA Blanc Plastique<\/b> au meilleur prix.<\/p>\n<p>Le <b>si\u00e8ge de toilette<\/b> <b>Saniseat WC<\/b> de la marque <b>SFA<\/b> est un accessoire con\u00e7u pour offrir fonctionnalit\u00e9 et confort sup\u00e9rieur dans les installations sanitaires \u00e9quip\u00e9es de cuvettes standard, comme le mod\u00e8le SFA3308815085838. Fabriqu\u00e9 en <b>plastique r\u00e9sistant<\/b> de couleur <b>blanche<\/b>, ce si\u00e8ge allie durabilit\u00e9 et facilit\u00e9 d\u2019entretien, facilitant son nettoyage et garantissant une hygi\u00e8ne optimale. Son design int\u00e8gre des fonctions avanc\u00e9es de lavage et de s\u00e9chage, apportant un niveau suppl\u00e9mentaire de confort et de modernit\u00e9 \u00e0 l\u2019usage quotidien des toilettes, ce qui le distingue des si\u00e8ges classiques. La compatibilit\u00e9 avec les cuvettes standard assure une installation simple et ajust\u00e9e, sans compromettre la stabilit\u00e9 ni la s\u00e9curit\u00e9 de l\u2019utilisateur. Sa structure robuste et ergonomique permet une utilisation prolong\u00e9e et confortable, tandis que le mat\u00e9riau plastique garantit r\u00e9sistance \u00e0 l\u2019usure et \u00e0 l\u2019humidit\u00e9, des facteurs cl\u00e9s dans les environnements de salle de bain. Ce produit se distingue par sa valeur fonctionnelle ajout\u00e9e \u00e0 l\u2019exp\u00e9rience sanitaire, int\u00e9grant la technologie de lavage et de s\u00e9chage dans un format pratique et accessible. Dans l\u2019ensemble, le <b>Saniseat WC<\/b> de <b>SFA<\/b> repr\u00e9sente une solution efficace et adapt\u00e9e aux besoins modernes d\u2019hygi\u00e8ne personnelle, facilitant une utilisation confortable et performante dans les salles de bains r\u00e9sidentielles ou commerciales.<\/p>\n<ul>\n<li>Couleur: Blanc<\/li>\n<li>Mat\u00e9riel: Plastique<\/li>\n<\/ul>","protected":false},"excerpt":{"rendered":"<p>Si vous aimez prendre soin de chaque d\u00e9tail de votre maison et d&#8217;\u00eatre \u00e0 la derni\u00e8re mode en mati\u00e8re de produits qui vous rendront la vie plus facile, achetez Abattant WC SFA Blanc Plastique au meilleur prix. Le si\u00e8ge de toilette Saniseat WC de la marque SFA est un accessoire con\u00e7u pour offrir fonctionnalit\u00e9 et [&hellip;]<\/p>\n","protected":false},"featured_media":22065,"comment_status":"open","ping_status":"closed","template":"","meta":[],"product_brand":[405],"product_cat":[781,239,780],"product_tag":[59],"class_list":{"0":"post-22067","1":"product","2":"type-product","3":"status-publish","4":"has-post-thumbnail","6":"product_brand-brandp_8511","7":"product_cat-accessoires-et-robinets","8":"product_cat-maison-jardin","9":"product_cat-salle-de-bain","10":"product_tag-tag_1304","12":"first","13":"instock","14":"taxable","15":"shipping-taxable","16":"purchasable","17":"product-type-simple"},"_links":{"self":[{"href":"https:\/\/bigbuy.tupique.com\/en\/wp-json\/wp\/v2\/product\/22067","targetHints":{"allow":["GET"]}}],"collection":[{"href":"https:\/\/bigbuy.tupique.com\/en\/wp-json\/wp\/v2\/product"}],"about":[{"href":"https:\/\/bigbuy.tupique.com\/en\/wp-json\/wp\/v2\/types\/product"}],"replies":[{"embeddable":true,"href":"https:\/\/bigbuy.tupique.com\/en\/wp-json\/wp\/v2\/comments?post=22067"}],"wp:featuredmedia":[{"embeddable":true,"href":"https:\/\/bigbuy.tupique.com\/en\/wp-json\/wp\/v2\/media\/22065"}],"wp:attachment":[{"href":"https:\/\/bigbuy.tupique.com\/en\/wp-json\/wp\/v2\/media?parent=22067"}],"wp:term":[{"taxonomy":"product_brand","embeddable":true,"href":"https:\/\/bigbuy.tupique.com\/en\/wp-json\/wp\/v2\/product_brand?post=22067"},{"taxonomy":"product_cat","embeddable":true,"href":"https:\/\/bigbuy.tupique.com\/en\/wp-json\/wp\/v2\/product_cat?post=22067"},{"taxonomy":"product_tag","embeddable":true,"href":"https:\/\/bigbuy.tupique.com\/en\/wp-json\/wp\/v2\/product_tag?post=22067"}],"curies":[{"name":"wp","href":"https:\/\/api.w.org\/{rel}","templated":true}]}}