{"id":21853,"date":"2026-03-29T18:23:30","date_gmt":"2026-03-29T17:23:30","guid":{"rendered":"https:\/\/bigbuy.tupique.com\/produto\/keyboard-logitech-hrh42f-a-black-qwerty-us\/"},"modified":"2026-04-16T19:25:32","modified_gmt":"2026-04-16T18:25:32","slug":"keyboard-logitech-hrh42f-a-black-qwerty-us","status":"publish","type":"product","link":"https:\/\/bigbuy.tupique.com\/en\/produto\/keyboard-logitech-hrh42f-a-black-qwerty-us\/","title":{"rendered":"Clavier Logitech HRH42F\/A Noir Qwerty US"},"content":{"rendered":"<p>Si vous \u00eates passionn\u00e9 d&#8217;<b>informatique et d&#8217;\u00e9lectronique<\/b>, si vous \u00eates \u00e0 la pointe de la technologie et qu&#8217;aucun d\u00e9tail ne vous \u00e9chappe, achetez <b>Clavier Logitech HRH42F\/A Noir Qwerty US<\/b> au meilleur prix.<\/p>\n<p>Le <b>clavier<\/b> Logitech HRH42F\/A est con\u00e7u pour offrir une exp\u00e9rience de frappe pr\u00e9cise et confortable, alliant fonctionnalit\u00e9 avanc\u00e9e et esth\u00e9tique \u00e9l\u00e9gante en <b>noir, gris et graphite<\/b>. Ce mod\u00e8le s\u2019adapte \u00e0 diff\u00e9rentes pr\u00e9f\u00e9rences gr\u00e2ce \u00e0 ses dispositions <b>clavier azerty fran\u00e7ais et qwerty US<\/b>, facilitant son utilisation aussi bien en milieu professionnel qu\u2019\u00e0 la maison. Il se distingue par son <b>r\u00e9tro\u00e9clairage<\/b>, permettant de travailler efficacement dans des environnements faiblement \u00e9clair\u00e9s, et sa <b>connexion filaire<\/b> assure une transmission de donn\u00e9es stable et sans interf\u00e9rences, un atout essentiel pour les t\u00e2ches n\u00e9cessitant fiabilit\u00e9 et r\u00e9activit\u00e9. Il int\u00e8gre \u00e9galement un <b>pav\u00e9 num\u00e9rique<\/b>, offrant plus de dynamisme pour la saisie fr\u00e9quente de chiffres, les feuilles de calcul ou les logiciels de comptabilit\u00e9. Logitech, reconnue pour son innovation et la robustesse de ses p\u00e9riph\u00e9riques informatiques, garantit pour ce clavier des mat\u00e9riaux r\u00e9sistants et une sensation de frappe optimis\u00e9e, contribuant \u00e0 une utilisation silencieuse et durable. Cet appareil constitue une option polyvalente et fiable pour les utilisateurs recherchant pr\u00e9cision, ergonomie et compatibilit\u00e9 avec diff\u00e9rentes configurations linguistiques.<\/p>\n<ul>\n<li>Type:\n<ul>\n<li>Clavier avec pav\u00e9 tactile<\/li>\n<li>Clavier<\/li>\n<\/ul>\n<\/li>\n<li>Clavier:\n<ul>\n<li>Azerty Fran\u00e7ais<\/li>\n<li>Qwerty US<\/li>\n<\/ul>\n<\/li>\n<li>Couleur:\n<ul>\n<li>Graphite<\/li>\n<li>Noir<\/li>\n<li>Gris<\/li>\n<\/ul>\n<\/li>\n<li>Caract\u00e9ristiques:\n<ul>\n<li>R\u00e9tro-\u00e9clair\u00e9<\/li>\n<li>Touches multim\u00e9dia<\/li>\n<\/ul>\n<\/li>\n<li>Bloc d\u2019Alimentation: Avec fil<\/li>\n<li>Non Inclus: Clavier num\u00e9rique<\/li>\n<\/ul>","protected":false},"excerpt":{"rendered":"<p>Si vous \u00eates passionn\u00e9 d&#8217;informatique et d&#8217;\u00e9lectronique, si vous \u00eates \u00e0 la pointe de la technologie et qu&#8217;aucun d\u00e9tail ne vous \u00e9chappe, achetez Clavier Logitech HRH42F\/A Noir Qwerty US au meilleur prix. Le clavier Logitech HRH42F\/A est con\u00e7u pour offrir une exp\u00e9rience de frappe pr\u00e9cise et confortable, alliant fonctionnalit\u00e9 avanc\u00e9e et esth\u00e9tique \u00e9l\u00e9gante en noir, [&hellip;]<\/p>\n","protected":false},"featured_media":168971,"comment_status":"open","ping_status":"closed","template":"","meta":[],"product_brand":[647],"product_cat":[729,65,581],"product_tag":[213,59,106],"class_list":{"0":"post-21853","1":"product","2":"type-product","3":"status-publish","4":"has-post-thumbnail","6":"product_brand-brandp_561","7":"product_cat-claviers","8":"product_cat-informatique-electronique","9":"product_cat-informatique-peripheriques-et-consommables","10":"product_tag-tag_933","11":"product_tag-tag_1304","12":"product_tag-tag_1295","14":"first","15":"instock","16":"taxable","17":"shipping-taxable","18":"purchasable","19":"product-type-simple"},"_links":{"self":[{"href":"https:\/\/bigbuy.tupique.com\/en\/wp-json\/wp\/v2\/product\/21853","targetHints":{"allow":["GET"]}}],"collection":[{"href":"https:\/\/bigbuy.tupique.com\/en\/wp-json\/wp\/v2\/product"}],"about":[{"href":"https:\/\/bigbuy.tupique.com\/en\/wp-json\/wp\/v2\/types\/product"}],"replies":[{"embeddable":true,"href":"https:\/\/bigbuy.tupique.com\/en\/wp-json\/wp\/v2\/comments?post=21853"}],"wp:featuredmedia":[{"embeddable":true,"href":"https:\/\/bigbuy.tupique.com\/en\/wp-json\/wp\/v2\/media\/168971"}],"wp:attachment":[{"href":"https:\/\/bigbuy.tupique.com\/en\/wp-json\/wp\/v2\/media?parent=21853"}],"wp:term":[{"taxonomy":"product_brand","embeddable":true,"href":"https:\/\/bigbuy.tupique.com\/en\/wp-json\/wp\/v2\/product_brand?post=21853"},{"taxonomy":"product_cat","embeddable":true,"href":"https:\/\/bigbuy.tupique.com\/en\/wp-json\/wp\/v2\/product_cat?post=21853"},{"taxonomy":"product_tag","embeddable":true,"href":"https:\/\/bigbuy.tupique.com\/en\/wp-json\/wp\/v2\/product_tag?post=21853"}],"curies":[{"name":"wp","href":"https:\/\/api.w.org\/{rel}","templated":true}]}}