{"id":21741,"date":"2026-03-29T18:09:22","date_gmt":"2026-03-29T17:09:22","guid":{"rendered":"https:\/\/bigbuy.tupique.com\/produto\/robot-vacuum-cleaner-eziclean-all-in-one-z10-plus\/"},"modified":"2026-04-16T17:40:12","modified_gmt":"2026-04-16T16:40:12","slug":"robot-vacuum-cleaner-eziclean-all-in-one-z10-plus","status":"publish","type":"product","link":"https:\/\/bigbuy.tupique.com\/en\/produto\/robot-vacuum-cleaner-eziclean-all-in-one-z10-plus\/","title":{"rendered":"Aspirateur robot EZIclean All in one Z10 Plus"},"content":{"rendered":"<p>Si vous aimez prendre soin de chaque d\u00e9tail de votre maison et d&#8217;\u00eatre \u00e0 la derni\u00e8re mode en mati\u00e8re de produits qui vous rendront la vie plus facile, achetez <b>Aspirateur robot EZIclean All in one Z10 Plus<\/b> au meilleur prix.<\/p>\n<p>Le <b>All in one Z10 Plus<\/b> de <b>EZIclean<\/b> est un <b>robot aspirateur<\/b> avanc\u00e9 con\u00e7u pour offrir un nettoyage automatique et efficace. Cet appareil multifonction combine aspiration et lavage, fournissant une solution compl\u00e8te pour l\u2019entretien de la maison avec une autonomie remarquable allant jusqu\u2019\u00e0 <b>240 minutes<\/b>. Sa puissante aspiration de <b>6000Pa<\/b> assure l\u2019\u00e9limination efficace de la poussi\u00e8re et des salet\u00e9s sur diverses surfaces, couvrant jusqu\u2019\u00e0 <b>180 m\u00b2<\/b> en une seule charge. \u00c9quip\u00e9 d\u2019une batterie de <b>5200 mAh<\/b>, il offre un bon \u00e9quilibre entre dur\u00e9e et performance. Sa base de vidage automatique, \u00e9l\u00e9ment cl\u00e9 de la station tout-en-un, permet au robot de se nettoyer et se vider sans intervention manuelle apr\u00e8s chaque cycle, r\u00e9duisant nettement l\u2019entretien n\u00e9cessaire. Avec un r\u00e9servoir \u00e0 poussi\u00e8re de <b>1,5 litre<\/b> et un design compact de <b>35 cm<\/b> de large en couleur <b>noir<\/b>, il s\u2019adapte facilement aux grands espaces comme aux zones difficiles d\u2019acc\u00e8s. Il inclut \u00e9galement une prise standard de type <b>EU<\/b> pour la recharge. L\u2019association aspiration et serpilli\u00e8re am\u00e9liore le nettoyage en profondeur, tandis que la connectivit\u00e9 permet de programmer et contr\u00f4ler les sessions via la base intelligente, optimisant son usage quotidien. Ce robot est con\u00e7u pour faciliter la vie quotidienne, en maintenant la maison propre avec une supervision minimale et une grande efficacit\u00e9. En r\u00e9sum\u00e9, le <b>All in one Z10 Plus<\/b> repr\u00e9sente une solution technologique compl\u00e8te et pratique pour ceux qui souhaitent automatiser le nettoyage avec un appareil fiable et robuste.<\/p>\n<ul>\n<li>Produit \u00e0 brancher: Oui<\/li>\n<li>Type de prise: Prise EU<\/li>\n<li>Bloc d\u2019Alimentation: r\u00e9seau \u00e9lectrique<\/li>\n<li>Couleur:\n<ul>\n<li>Noir<\/li>\n<li>noir<\/li>\n<\/ul>\n<\/li>\n<li>Capacit\u00e9 de la batterie: 5200 mAh<\/li>\n<li>Autonomie approx.: 240 MIN<\/li>\n<li>Indice de r\u00e9parabilit\u00e9: 8.1<\/li>\n<li>Capacit\u00e9:\n<ul>\n<li>1,5 L<\/li>\n<li>2,5 L<\/li>\n<\/ul>\n<\/li>\n<li>Dimensions approx.:\n<ul>\n<li>35 cm<\/li>\n<li>36 cm<\/li>\n<li>9,5 cm<\/li>\n<\/ul>\n<\/li>\n<\/ul>","protected":false},"excerpt":{"rendered":"<p>Si vous aimez prendre soin de chaque d\u00e9tail de votre maison et d&#8217;\u00eatre \u00e0 la derni\u00e8re mode en mati\u00e8re de produits qui vous rendront la vie plus facile, achetez Aspirateur robot EZIclean All in one Z10 Plus au meilleur prix. Le All in one Z10 Plus de EZIclean est un robot aspirateur avanc\u00e9 con\u00e7u pour [&hellip;]<\/p>\n","protected":false},"featured_media":21735,"comment_status":"open","ping_status":"closed","template":"","meta":[],"product_brand":[1085],"product_cat":[762,239,240],"product_tag":[59,56],"class_list":{"0":"post-21741","1":"product","2":"type-product","3":"status-publish","4":"has-post-thumbnail","6":"product_brand-brandp_6031","7":"product_cat-aspirateurs-et-robots","8":"product_cat-maison-jardin","9":"product_cat-nettoyage-aspirateur-et-repassage","10":"product_tag-tag_1304","11":"product_tag-tag_930","13":"first","14":"instock","15":"taxable","16":"shipping-taxable","17":"purchasable","18":"product-type-simple"},"_links":{"self":[{"href":"https:\/\/bigbuy.tupique.com\/en\/wp-json\/wp\/v2\/product\/21741","targetHints":{"allow":["GET"]}}],"collection":[{"href":"https:\/\/bigbuy.tupique.com\/en\/wp-json\/wp\/v2\/product"}],"about":[{"href":"https:\/\/bigbuy.tupique.com\/en\/wp-json\/wp\/v2\/types\/product"}],"replies":[{"embeddable":true,"href":"https:\/\/bigbuy.tupique.com\/en\/wp-json\/wp\/v2\/comments?post=21741"}],"wp:featuredmedia":[{"embeddable":true,"href":"https:\/\/bigbuy.tupique.com\/en\/wp-json\/wp\/v2\/media\/21735"}],"wp:attachment":[{"href":"https:\/\/bigbuy.tupique.com\/en\/wp-json\/wp\/v2\/media?parent=21741"}],"wp:term":[{"taxonomy":"product_brand","embeddable":true,"href":"https:\/\/bigbuy.tupique.com\/en\/wp-json\/wp\/v2\/product_brand?post=21741"},{"taxonomy":"product_cat","embeddable":true,"href":"https:\/\/bigbuy.tupique.com\/en\/wp-json\/wp\/v2\/product_cat?post=21741"},{"taxonomy":"product_tag","embeddable":true,"href":"https:\/\/bigbuy.tupique.com\/en\/wp-json\/wp\/v2\/product_tag?post=21741"}],"curies":[{"name":"wp","href":"https:\/\/api.w.org\/{rel}","templated":true}]}}