{"id":21692,"date":"2026-03-29T18:08:09","date_gmt":"2026-03-29T17:08:09","guid":{"rendered":"https:\/\/bigbuy.tupique.com\/produto\/laser-level-bosch-grl-400-h-professional\/"},"modified":"2026-04-16T16:37:21","modified_gmt":"2026-04-16T15:37:21","slug":"laser-level-bosch-grl-400-h-professional","status":"publish","type":"product","link":"https:\/\/bigbuy.tupique.com\/en\/produto\/laser-level-bosch-grl-400-h-professional\/","title":{"rendered":"Niveau laser BOSCH GRL 400 H Professional"},"content":{"rendered":"<p>Si vous aimez prendre soin de chaque d\u00e9tail de votre maison et d&#8217;\u00eatre \u00e0 la derni\u00e8re mode en mati\u00e8re de produits qui vous rendront la vie plus facile, achetez <b>Niveau laser BOSCH GRL 400 H Professional<\/b> au meilleur prix.<\/p>\n<ul>\n<li>Tension: 1,5 V<\/li>\n<li>Couleur:\n<ul>\n<li>Bleu<\/li>\n<li>Noir\/Bleu<\/li>\n<\/ul>\n<\/li>\n<li>Caract\u00e9ristiques: Avec \u00e9tui<\/li>\n<li>Poids: 2 Kg<\/li>\n<li>Bloc d\u2019Alimentation: Batterie<\/li>\n<li>Composition: NiMh<\/li>\n<li>Classification IP: IP56<\/li>\n<li>Fonctionne \u00e0 piles: Oui<\/li>\n<li>Inclut: Batterie<\/li>\n<li>Piles incluses: Oui<\/li>\n<li>Type de batterie: Piles Alcalines<\/li>\n<li>Produit fragile: Oui<\/li>\n<\/ul>","protected":false},"excerpt":{"rendered":"<p>Si vous aimez prendre soin de chaque d\u00e9tail de votre maison et d&#8217;\u00eatre \u00e0 la derni\u00e8re mode en mati\u00e8re de produits qui vous rendront la vie plus facile, achetez Niveau laser BOSCH GRL 400 H Professional au meilleur prix. Tension: 1,5 V Couleur: Bleu Noir\/Bleu Caract\u00e9ristiques: Avec \u00e9tui Poids: 2 Kg Bloc d\u2019Alimentation: Batterie Composition: [&hellip;]<\/p>\n","protected":false},"featured_media":21691,"comment_status":"open","ping_status":"closed","template":"","meta":[],"product_brand":[162],"product_cat":[613,239],"product_tag":[59,210],"class_list":{"0":"post-21692","1":"product","2":"type-product","3":"status-publish","4":"has-post-thumbnail","6":"product_brand-brandp_959","7":"product_cat-bricolage-et-materiel","8":"product_cat-maison-jardin","9":"product_tag-tag_1304","10":"product_tag-tag_25","12":"first","13":"instock","14":"taxable","15":"shipping-taxable","16":"purchasable","17":"product-type-simple"},"_links":{"self":[{"href":"https:\/\/bigbuy.tupique.com\/en\/wp-json\/wp\/v2\/product\/21692","targetHints":{"allow":["GET"]}}],"collection":[{"href":"https:\/\/bigbuy.tupique.com\/en\/wp-json\/wp\/v2\/product"}],"about":[{"href":"https:\/\/bigbuy.tupique.com\/en\/wp-json\/wp\/v2\/types\/product"}],"replies":[{"embeddable":true,"href":"https:\/\/bigbuy.tupique.com\/en\/wp-json\/wp\/v2\/comments?post=21692"}],"wp:featuredmedia":[{"embeddable":true,"href":"https:\/\/bigbuy.tupique.com\/en\/wp-json\/wp\/v2\/media\/21691"}],"wp:attachment":[{"href":"https:\/\/bigbuy.tupique.com\/en\/wp-json\/wp\/v2\/media?parent=21692"}],"wp:term":[{"taxonomy":"product_brand","embeddable":true,"href":"https:\/\/bigbuy.tupique.com\/en\/wp-json\/wp\/v2\/product_brand?post=21692"},{"taxonomy":"product_cat","embeddable":true,"href":"https:\/\/bigbuy.tupique.com\/en\/wp-json\/wp\/v2\/product_cat?post=21692"},{"taxonomy":"product_tag","embeddable":true,"href":"https:\/\/bigbuy.tupique.com\/en\/wp-json\/wp\/v2\/product_tag?post=21692"}],"curies":[{"name":"wp","href":"https:\/\/api.w.org\/{rel}","templated":true}]}}