{"id":21679,"date":"2026-03-29T18:07:49","date_gmt":"2026-03-29T17:07:49","guid":{"rendered":"https:\/\/bigbuy.tupique.com\/produto\/thermal-camera-bosch-gtc-400-2\/"},"modified":"2026-05-11T20:02:38","modified_gmt":"2026-05-11T18:02:38","slug":"thermal-camera-bosch-gtc-400-2","status":"publish","type":"product","link":"https:\/\/bigbuy.tupique.com\/en\/produto\/thermal-camera-bosch-gtc-400-2\/","title":{"rendered":"Cam\u00e9ra thermique BOSCH GTC 400"},"content":{"rendered":"<p>Si vous aimez prendre soin de chaque d\u00e9tail de votre maison et d&#8217;\u00eatre \u00e0 la derni\u00e8re mode en mati\u00e8re de produits qui vous rendront la vie plus facile, achetez <b>Cam\u00e9ra thermique BOSCH GTC 400<\/b> au meilleur prix.<\/p>\n<ul>\n<li>Couleur: Bleu<\/li>\n<li>Bloc d\u2019Alimentation: Batterie<\/li>\n<li>Fonctionne \u00e0 piles:\n<ul>\n<li>Oui<\/li>\n<li>1 Litio Ion<\/li>\n<\/ul>\n<\/li>\n<li>Piles incluses: Oui<\/li>\n<li>Type de batterie: Litio Ion<\/li>\n<\/ul>","protected":false},"excerpt":{"rendered":"<p>Si vous aimez prendre soin de chaque d\u00e9tail de votre maison et d&#8217;\u00eatre \u00e0 la derni\u00e8re mode en mati\u00e8re de produits qui vous rendront la vie plus facile, achetez Cam\u00e9ra thermique BOSCH GTC 400 au meilleur prix. Couleur: Bleu Bloc d\u2019Alimentation: Batterie Fonctionne \u00e0 piles: Oui 1 Litio Ion Piles incluses: Oui Type de batterie: [&hellip;]<\/p>\n","protected":false},"featured_media":21678,"comment_status":"open","ping_status":"closed","template":"","meta":[],"product_brand":[162],"product_cat":[613,239],"product_tag":[59,210],"class_list":{"0":"post-21679","1":"product","2":"type-product","3":"status-publish","4":"has-post-thumbnail","6":"product_brand-brandp_959","7":"product_cat-bricolage-et-materiel","8":"product_cat-maison-jardin","9":"product_tag-tag_1304","10":"product_tag-tag_25","12":"first","13":"instock","14":"taxable","15":"shipping-taxable","16":"purchasable","17":"product-type-simple"},"_links":{"self":[{"href":"https:\/\/bigbuy.tupique.com\/en\/wp-json\/wp\/v2\/product\/21679","targetHints":{"allow":["GET"]}}],"collection":[{"href":"https:\/\/bigbuy.tupique.com\/en\/wp-json\/wp\/v2\/product"}],"about":[{"href":"https:\/\/bigbuy.tupique.com\/en\/wp-json\/wp\/v2\/types\/product"}],"replies":[{"embeddable":true,"href":"https:\/\/bigbuy.tupique.com\/en\/wp-json\/wp\/v2\/comments?post=21679"}],"wp:featuredmedia":[{"embeddable":true,"href":"https:\/\/bigbuy.tupique.com\/en\/wp-json\/wp\/v2\/media\/21678"}],"wp:attachment":[{"href":"https:\/\/bigbuy.tupique.com\/en\/wp-json\/wp\/v2\/media?parent=21679"}],"wp:term":[{"taxonomy":"product_brand","embeddable":true,"href":"https:\/\/bigbuy.tupique.com\/en\/wp-json\/wp\/v2\/product_brand?post=21679"},{"taxonomy":"product_cat","embeddable":true,"href":"https:\/\/bigbuy.tupique.com\/en\/wp-json\/wp\/v2\/product_cat?post=21679"},{"taxonomy":"product_tag","embeddable":true,"href":"https:\/\/bigbuy.tupique.com\/en\/wp-json\/wp\/v2\/product_tag?post=21679"}],"curies":[{"name":"wp","href":"https:\/\/api.w.org\/{rel}","templated":true}]}}