{"id":21654,"date":"2026-03-29T18:07:15","date_gmt":"2026-03-29T17:07:15","guid":{"rendered":"https:\/\/bigbuy.tupique.com\/produto\/smart-video-porter-scs-sentinel-pvf0054-white\/"},"modified":"2026-04-16T21:43:34","modified_gmt":"2026-04-16T20:43:34","slug":"smart-video-porter-scs-sentinel-pvf0054-white","status":"publish","type":"product","link":"https:\/\/bigbuy.tupique.com\/en\/produto\/smart-video-porter-scs-sentinel-pvf0054-white\/","title":{"rendered":"Interphone Vid\u00e9o Intelligent SCS SENTINEL PVF0054 Blanc"},"content":{"rendered":"<p>Si vous aimez prendre soin de chaque d\u00e9tail de votre maison et d&#8217;\u00eatre \u00e0 la derni\u00e8re mode en mati\u00e8re de produits qui vous rendront la vie plus facile, achetez <b>Interphone Vid\u00e9o Intelligent SCS SENTINEL PVF0054 Blanc<\/b> au meilleur prix.<\/p>\n<p>Le <b>visiophone intelligent PVF0054<\/b> de <b>SCS SENTINEL<\/b> est un appareil avanc\u00e9 con\u00e7u pour am\u00e9liorer la s\u00e9curit\u00e9 et la communication \u00e0 l\u2019entr\u00e9e de votre domicile ou entreprise. Ce <b>visiophone<\/b> connect\u00e9 dispose d\u2019un <b>panneau blanc<\/b> et d\u2019une taille compacte de <b>15 cm<\/b>, s\u2019int\u00e9grant discr\u00e8tement dans toute installation. Son \u00e9cran tactile de <b>7 pouces (18 cm)<\/b> offre une image claire et pr\u00e9cise, permettant de g\u00e9rer les appels et l\u2019ouverture des portes facilement. Il fonctionne en Wi-Fi compatible avec les normes <b>802.11b\/g\/n<\/b> sur la bande de fr\u00e9quence de <b>2412 MHz \u00e0 2472 MHz<\/b>, garantissant une communication stable et une port\u00e9e effective jusqu\u2019\u00e0 <b>100 m\u00e8tres<\/b> en utilisant seulement deux c\u00e2bles pour l\u2019alimentation \u00e9lectrique, ce qui simplifie grandement l\u2019installation. Le syst\u00e8me inclut un <b>clavier cod\u00e9<\/b> pour renforcer la s\u00e9curit\u00e9, autorisant l\u2019acc\u00e8s par codes personnalis\u00e9s, ainsi que l\u2019option d\u2019activer manuellement un portillon ou une barri\u00e8re. Parmi ses fonctionnalit\u00e9s, on trouve la possibilit\u00e9 de choisir entre <b>six m\u00e9lodies diff\u00e9rentes<\/b>, l\u2019affichage de la date et de l\u2019heure, et une m\u00e9moire interne de <b>90 Mo<\/b> pour stocker des photos. Il offre aussi la possibilit\u00e9 d\u2019\u00e9tendre le stockage via une carte micro SD compatible de <b>4 Go \u00e0 256 Go<\/b> (non incluse), permettant l\u2019enregistrement vid\u00e9o pour une surveillance accrue. La cam\u00e9ra propose un <b>large angle de vue de 110\u00b0<\/b>, int\u00e9gr\u00e9e avec vision nocturne facilitant l\u2019identification des visiteurs m\u00eame en faible luminosit\u00e9. L\u2019appareil est aliment\u00e9 par une source de <b>24V DC 1A<\/b> et b\u00e9n\u00e9ficie d\u2019une protection contre les intemp\u00e9ries avec un indice <b>IP65<\/b>, assurant sa r\u00e9sistance \u00e0 la poussi\u00e8re et \u00e0 l\u2019eau, adapt\u00e9 \u00e0 un usage ext\u00e9rieur. Le tout est couvert par une garantie de <b>3 ans<\/b>, gage de durabilit\u00e9 et fiabilit\u00e9. Ce visiophone offre une solution technique moderne et fiable pour le contr\u00f4le d\u2019acc\u00e8s, combinant fonctions intelligentes, installation pratique et interface intuitive.<\/p>\n<ul>\n<li>Couleur: Blanc<\/li>\n<\/ul>","protected":false},"excerpt":{"rendered":"<p>Si vous aimez prendre soin de chaque d\u00e9tail de votre maison et d&#8217;\u00eatre \u00e0 la derni\u00e8re mode en mati\u00e8re de produits qui vous rendront la vie plus facile, achetez Interphone Vid\u00e9o Intelligent SCS SENTINEL PVF0054 Blanc au meilleur prix. Le visiophone intelligent PVF0054 de SCS SENTINEL est un appareil avanc\u00e9 con\u00e7u pour am\u00e9liorer la s\u00e9curit\u00e9 [&hellip;]<\/p>\n","protected":false},"featured_media":21648,"comment_status":"open","ping_status":"closed","template":"","meta":[],"product_brand":[869],"product_cat":[613,239],"product_tag":[59,210],"class_list":{"0":"post-21654","1":"product","2":"type-product","3":"status-publish","4":"has-post-thumbnail","6":"product_brand-brandp_7585","7":"product_cat-bricolage-et-materiel","8":"product_cat-maison-jardin","9":"product_tag-tag_1304","10":"product_tag-tag_25","12":"first","13":"instock","14":"taxable","15":"shipping-taxable","16":"purchasable","17":"product-type-simple"},"_links":{"self":[{"href":"https:\/\/bigbuy.tupique.com\/en\/wp-json\/wp\/v2\/product\/21654","targetHints":{"allow":["GET"]}}],"collection":[{"href":"https:\/\/bigbuy.tupique.com\/en\/wp-json\/wp\/v2\/product"}],"about":[{"href":"https:\/\/bigbuy.tupique.com\/en\/wp-json\/wp\/v2\/types\/product"}],"replies":[{"embeddable":true,"href":"https:\/\/bigbuy.tupique.com\/en\/wp-json\/wp\/v2\/comments?post=21654"}],"wp:featuredmedia":[{"embeddable":true,"href":"https:\/\/bigbuy.tupique.com\/en\/wp-json\/wp\/v2\/media\/21648"}],"wp:attachment":[{"href":"https:\/\/bigbuy.tupique.com\/en\/wp-json\/wp\/v2\/media?parent=21654"}],"wp:term":[{"taxonomy":"product_brand","embeddable":true,"href":"https:\/\/bigbuy.tupique.com\/en\/wp-json\/wp\/v2\/product_brand?post=21654"},{"taxonomy":"product_cat","embeddable":true,"href":"https:\/\/bigbuy.tupique.com\/en\/wp-json\/wp\/v2\/product_cat?post=21654"},{"taxonomy":"product_tag","embeddable":true,"href":"https:\/\/bigbuy.tupique.com\/en\/wp-json\/wp\/v2\/product_tag?post=21654"}],"curies":[{"name":"wp","href":"https:\/\/api.w.org\/{rel}","templated":true}]}}