{"id":21625,"date":"2026-03-29T18:06:34","date_gmt":"2026-03-29T17:06:34","guid":{"rendered":"https:\/\/bigbuy.tupique.com\/produto\/access-point-hpe-s1u81a-white\/"},"modified":"2026-04-15T02:19:58","modified_gmt":"2026-04-15T01:19:58","slug":"access-point-hpe-s1u81a-white","status":"publish","type":"product","link":"https:\/\/bigbuy.tupique.com\/en\/produto\/access-point-hpe-s1u81a-white\/","title":{"rendered":"Point d&#8217;Acc\u00e8s HPE S1U81A Blanc"},"content":{"rendered":"<p>Si vous \u00eates passionn\u00e9 d&#8217;<b>informatique et d&#8217;\u00e9lectronique<\/b>, si vous \u00eates \u00e0 la pointe de la technologie et qu&#8217;aucun d\u00e9tail ne vous \u00e9chappe, achetez <b>Point d&#8217;Acc\u00e8s HPE S1U81A Blanc<\/b> au meilleur prix.<\/p>\n<p>Le <b>point d\u2019acc\u00e8s<\/b> <b>HPE S1U81A<\/b> du mod\u00e8le <b>Instant On AP22D<\/b> se distingue par sa connectivit\u00e9 sans fil et filaire avanc\u00e9e, sp\u00e9cialement con\u00e7u pour les petites et moyennes entreprises n\u00e9cessitant des performances fiables et efficaces. Il dispose de la <b>certification Wi-Fi 6 (802.11ax)<\/b>, garantissant une vitesse accrue et la capacit\u00e9 de g\u00e9rer plus de 75 appareils simultan\u00e9ment, avec un <b>d\u00e9bit sans fil total allant jusqu\u2019\u00e0 1,7 Gbps<\/b>. Son design compact de couleur <b>blanche<\/b> facilite son int\u00e9gration esth\u00e9tique dans tout environnement professionnel, qu\u2019il soit mont\u00e9 au mur ou pos\u00e9 sur un bureau, gr\u00e2ce au kit de montage inclus. C\u00f4t\u00e9 connectivit\u00e9 physique, il offre un port de liaison montante <b>2,5 GbE<\/b>, fournissant plus du double de bande passante par rapport aux ports classiques 1 GbE, permettant d\u2019exploiter les infrastructures existantes sans changer le c\u00e2blage. Il int\u00e8gre \u00e9galement <b>quatre ports de liaison descendante 1 GbE avec support PoE<\/b> (alimentation via c\u00e2ble r\u00e9seau) d\u00e9livrant jusqu\u2019\u00e0 2 \u00d7 15 W (norme 802.3af), facilitant l\u2019alimentation directe d\u2019appareils suppl\u00e9mentaires comme t\u00e9l\u00e9phones IP ou imprimantes, r\u00e9duisant ainsi l\u2019encombrement et simplifiant l\u2019installation. L\u2019appareil prend en charge des algorithmes de s\u00e9curit\u00e9 avanc\u00e9s tels que <b>OWE, WPA2 et WPA3<\/b>, assurant des connexions s\u00e9curis\u00e9es pour utilisateurs et r\u00e9seaux invit\u00e9s. Sa gestion est simple et accessible via l\u2019application mobile Instant On ou le portail web, permettant de configurer des r\u00e9seaux personnalis\u00e9s, des listes de contr\u00f4le d\u2019acc\u00e8s et de programmer l\u2019usage de l\u2019alimentation PoE pour optimiser la consommation, qui ne d\u00e9passe pas <b>51 W<\/b> au total. Son poids l\u00e9ger de <b>360 grammes<\/b> et la compatibilit\u00e9 avec les prises EU en font une solution pratique et polyvalente pour les espaces restreints ou en \u00e9volution technologique. En r\u00e9sum\u00e9, le HPE Instant On AP22D est un point d\u2019acc\u00e8s professionnel combinant technologie Wi-Fi 6 avanc\u00e9e, options d\u2019alimentation simplifi\u00e9es et gestion intuitive, id\u00e9al pour les entreprises souhaitant am\u00e9liorer leur infrastructure sans fil avec un produit robuste et performant.<\/p>\n<ul>\n<li>Produit \u00e0 brancher: Oui<\/li>\n<li>Type: Point d&#8217;Acc\u00e8s<\/li>\n<li>Type de prise: Prise EU<\/li>\n<li>Bloc d\u2019Alimentation: r\u00e9seau \u00e9lectrique<\/li>\n<li>Couleur: Blanc<\/li>\n<li>Connexions: PoE x 1<\/li>\n<li>vitesse: 1200 Mbit\/s<\/li>\n<\/ul>","protected":false},"excerpt":{"rendered":"<p>Si vous \u00eates passionn\u00e9 d&#8217;informatique et d&#8217;\u00e9lectronique, si vous \u00eates \u00e0 la pointe de la technologie et qu&#8217;aucun d\u00e9tail ne vous \u00e9chappe, achetez Point d&#8217;Acc\u00e8s HPE S1U81A Blanc au meilleur prix. Le point d\u2019acc\u00e8s HPE S1U81A du mod\u00e8le Instant On AP22D se distingue par sa connectivit\u00e9 sans fil et filaire avanc\u00e9e, sp\u00e9cialement con\u00e7u pour les [&hellip;]<\/p>\n","protected":false},"featured_media":21620,"comment_status":"open","ping_status":"closed","template":"","meta":[],"product_brand":[644],"product_cat":[65,584,591],"product_tag":[106],"class_list":{"0":"post-21625","1":"product","2":"type-product","3":"status-publish","4":"has-post-thumbnail","6":"product_brand-brandp_662","7":"product_cat-informatique-electronique","8":"product_cat-informatique-reseaux-et-composants","9":"product_cat-points-d-acces","10":"product_tag-tag_1295","12":"first","13":"instock","14":"taxable","15":"shipping-taxable","16":"purchasable","17":"product-type-simple"},"_links":{"self":[{"href":"https:\/\/bigbuy.tupique.com\/en\/wp-json\/wp\/v2\/product\/21625","targetHints":{"allow":["GET"]}}],"collection":[{"href":"https:\/\/bigbuy.tupique.com\/en\/wp-json\/wp\/v2\/product"}],"about":[{"href":"https:\/\/bigbuy.tupique.com\/en\/wp-json\/wp\/v2\/types\/product"}],"replies":[{"embeddable":true,"href":"https:\/\/bigbuy.tupique.com\/en\/wp-json\/wp\/v2\/comments?post=21625"}],"wp:featuredmedia":[{"embeddable":true,"href":"https:\/\/bigbuy.tupique.com\/en\/wp-json\/wp\/v2\/media\/21620"}],"wp:attachment":[{"href":"https:\/\/bigbuy.tupique.com\/en\/wp-json\/wp\/v2\/media?parent=21625"}],"wp:term":[{"taxonomy":"product_brand","embeddable":true,"href":"https:\/\/bigbuy.tupique.com\/en\/wp-json\/wp\/v2\/product_brand?post=21625"},{"taxonomy":"product_cat","embeddable":true,"href":"https:\/\/bigbuy.tupique.com\/en\/wp-json\/wp\/v2\/product_cat?post=21625"},{"taxonomy":"product_tag","embeddable":true,"href":"https:\/\/bigbuy.tupique.com\/en\/wp-json\/wp\/v2\/product_tag?post=21625"}],"curies":[{"name":"wp","href":"https:\/\/api.w.org\/{rel}","templated":true}]}}