{"id":21619,"date":"2026-03-29T18:06:24","date_gmt":"2026-03-29T17:06:24","guid":{"rendered":"https:\/\/bigbuy.tupique.com\/produto\/access-point-hpe-s1t32a-white\/"},"modified":"2026-05-11T19:59:40","modified_gmt":"2026-05-11T17:59:40","slug":"access-point-hpe-s1t32a-white","status":"publish","type":"product","link":"https:\/\/bigbuy.tupique.com\/en\/produto\/access-point-hpe-s1t32a-white\/","title":{"rendered":"Point d&#8217;Acc\u00e8s HPE S1T32A Blanc"},"content":{"rendered":"<p>Si vous \u00eates passionn\u00e9 d&#8217;<b>informatique et d&#8217;\u00e9lectronique<\/b>, si vous \u00eates \u00e0 la pointe de la technologie et qu&#8217;aucun d\u00e9tail ne vous \u00e9chappe, achetez <b>Point d&#8217;Acc\u00e8s HPE S1T32A Blanc<\/b> au meilleur prix.<\/p>\n<p>Le <b>point d\u2019acc\u00e8s S1T32A<\/b> de <b>HPE<\/b> est un appareil avanc\u00e9 con\u00e7u pour offrir une connectivit\u00e9 sans fil de derni\u00e8re g\u00e9n\u00e9ration aux petites et moyennes entreprises, compatible avec la technologie <b>Wi-Fi CERTIFIED 6E\u2122<\/b>. Ce mod\u00e8le prend en charge simultan\u00e9ment les bandes de fr\u00e9quence <b>2,4 GHz, 5 GHz et 6 GHz<\/b>, permettant une transmission efficace et sans interf\u00e9rences, sp\u00e9cialement d\u00e9di\u00e9e aux appareils compatibles Wi-Fi 6E, avec un d\u00e9bit sans fil total allant jusqu\u2019\u00e0 <b>2,8 Gbps<\/b>. Il est \u00e9quip\u00e9 d\u2019une matrice d\u2019antennes <b>2&#215;2<\/b> supportant deux flux spatiaux, garantissant une couverture robuste pour jusqu\u2019\u00e0 <b>75 appareils connect\u00e9s<\/b>. Son port Ethernet uplink offre un d\u00e9bit de <b>2,5 GbE<\/b> et prend en charge le <b>PoE (Power over Ethernet)<\/b>, facilitant alimentation et connectivit\u00e9 via un seul c\u00e2ble, simplifiant l\u2019installation. Avec un design minimaliste en <b>blanc<\/b>, il int\u00e8gre une prise europ\u00e9enne et un connecteur <b>RJ45<\/b>, s\u2019adaptant esth\u00e9tiquement \u00e0 tout environnement professionnel. Sa consommation maximale est de <b>12,9 W<\/b>, optimisant l\u2019efficacit\u00e9 \u00e9nerg\u00e9tique. De plus, le point d\u2019acc\u00e8s prend en charge les algorithmes de s\u00e9curit\u00e9 modernes <b>WPA2 et WPA3<\/b>, offrant une protection avanc\u00e9e pour le r\u00e9seau d\u2019entreprise. La gestion s\u2019effectue via l\u2019application mobile ou le portail web <b>HPE Networking Instant On<\/b>, qui propose une gestion centralis\u00e9e et un d\u00e9pannage cloud depuis n\u2019importe o\u00f9, facilitant le contr\u00f4le et la maintenance de l\u2019infrastructure Wi-Fi. Il inclut \u00e9galement un mode silencieux permettant de d\u00e9sactiver les voyants pour minimiser les distractions dans les environnements sensibles. En r\u00e9sum\u00e9, le HPE S1T32A est une solution professionnelle alliant innovation en connectivit\u00e9, performance et s\u00e9curit\u00e9, adapt\u00e9e aux besoins actuels des r\u00e9seaux sans fil d\u2019entreprise.<\/p>\n<ul>\n<li>Produit \u00e0 brancher: Oui<\/li>\n<li>Type: Point d&#8217;Acc\u00e8s<\/li>\n<li>Type de prise: Prise EU<\/li>\n<li>Bloc d\u2019Alimentation:\n<ul>\n<li>r\u00e9seau \u00e9lectrique<\/li>\n<li>CC<\/li>\n<\/ul>\n<\/li>\n<li>Couleur: Blanc<\/li>\n<li>Connexions:\n<ul>\n<li>RJ45<\/li>\n<li>PoE x 1<\/li>\n<\/ul>\n<\/li>\n<li>vitesse:\n<ul>\n<li>1200 Mbit\/s<\/li>\n<li>2400 MB\/s<\/li>\n<\/ul>\n<\/li>\n<li>Fr\u00e9quence:\n<ul>\n<li>5 GHz<\/li>\n<li>2,4 GHz<\/li>\n<\/ul>\n<\/li>\n<li>consommation d&#8217;\u00e9nergie: 11 kWh<\/li>\n<li>Connecteurs: Kensington<\/li>\n<\/ul>","protected":false},"excerpt":{"rendered":"<p>Si vous \u00eates passionn\u00e9 d&#8217;informatique et d&#8217;\u00e9lectronique, si vous \u00eates \u00e0 la pointe de la technologie et qu&#8217;aucun d\u00e9tail ne vous \u00e9chappe, achetez Point d&#8217;Acc\u00e8s HPE S1T32A Blanc au meilleur prix. Le point d\u2019acc\u00e8s S1T32A de HPE est un appareil avanc\u00e9 con\u00e7u pour offrir une connectivit\u00e9 sans fil de derni\u00e8re g\u00e9n\u00e9ration aux petites et moyennes [&hellip;]<\/p>\n","protected":false},"featured_media":21613,"comment_status":"open","ping_status":"closed","template":"","meta":[],"product_brand":[644],"product_cat":[65,584,591],"product_tag":[106],"class_list":{"0":"post-21619","1":"product","2":"type-product","3":"status-publish","4":"has-post-thumbnail","6":"product_brand-brandp_662","7":"product_cat-informatique-electronique","8":"product_cat-informatique-reseaux-et-composants","9":"product_cat-points-d-acces","10":"product_tag-tag_1295","12":"first","13":"instock","14":"taxable","15":"shipping-taxable","16":"purchasable","17":"product-type-simple"},"_links":{"self":[{"href":"https:\/\/bigbuy.tupique.com\/en\/wp-json\/wp\/v2\/product\/21619","targetHints":{"allow":["GET"]}}],"collection":[{"href":"https:\/\/bigbuy.tupique.com\/en\/wp-json\/wp\/v2\/product"}],"about":[{"href":"https:\/\/bigbuy.tupique.com\/en\/wp-json\/wp\/v2\/types\/product"}],"replies":[{"embeddable":true,"href":"https:\/\/bigbuy.tupique.com\/en\/wp-json\/wp\/v2\/comments?post=21619"}],"wp:featuredmedia":[{"embeddable":true,"href":"https:\/\/bigbuy.tupique.com\/en\/wp-json\/wp\/v2\/media\/21613"}],"wp:attachment":[{"href":"https:\/\/bigbuy.tupique.com\/en\/wp-json\/wp\/v2\/media?parent=21619"}],"wp:term":[{"taxonomy":"product_brand","embeddable":true,"href":"https:\/\/bigbuy.tupique.com\/en\/wp-json\/wp\/v2\/product_brand?post=21619"},{"taxonomy":"product_cat","embeddable":true,"href":"https:\/\/bigbuy.tupique.com\/en\/wp-json\/wp\/v2\/product_cat?post=21619"},{"taxonomy":"product_tag","embeddable":true,"href":"https:\/\/bigbuy.tupique.com\/en\/wp-json\/wp\/v2\/product_tag?post=21619"}],"curies":[{"name":"wp","href":"https:\/\/api.w.org\/{rel}","templated":true}]}}