{"id":21612,"date":"2026-03-29T18:06:13","date_gmt":"2026-03-29T17:06:13","guid":{"rendered":"https:\/\/bigbuy.tupique.com\/produto\/screen-table-support-neomounts-ds65s-950wh2-34\/"},"modified":"2026-05-11T19:59:46","modified_gmt":"2026-05-11T17:59:46","slug":"screen-table-support-neomounts-ds65s-950wh2-34","status":"publish","type":"product","link":"https:\/\/bigbuy.tupique.com\/en\/produto\/screen-table-support-neomounts-ds65s-950wh2-34\/","title":{"rendered":"Support de table d&#8217;\u00e9cran Neomounts DS65S-950WH2 34&#8243;"},"content":{"rendered":"<p>Retournez au bureau sans rien oublier ! Achetez <b>Support de table d&#8217;\u00e9cran Neomounts DS65S-950WH2 34&#8243;<\/b> et faites envie \u00e0 vos coll\u00e8gues!<\/p>\n<ul>\n<li>Type: Support<\/li>\n<li>Couleur: Blanc<\/li>\n<li>Caract\u00e9ristiques:\n<ul>\n<li>Hauteur r\u00e9glable<\/li>\n<li>R\u00e9glable<\/li>\n<li>Plaque Tournante<\/li>\n<li>Inclinaison r\u00e9glable<\/li>\n<\/ul>\n<\/li>\n<li>Type d&#8217;installation: Bureau<\/li>\n<li>VESA:\n<ul>\n<li>10 x 10 cm<\/li>\n<li>7,5 x 7,5 cm<\/li>\n<\/ul>\n<\/li>\n<li>Mat\u00e9riel: Aluminium<\/li>\n<li>Ecran: 34&#8243;<\/li>\n<li>Rotation:\n<ul>\n<li>-90 \/ 90\u00b0<\/li>\n<li>90\u00ba<\/li>\n<\/ul>\n<\/li>\n<li>Compatible: VESA 75 x 75, 100 x 100<\/li>\n<\/ul>","protected":false},"excerpt":{"rendered":"<p>Retournez au bureau sans rien oublier ! Achetez Support de table d&#8217;\u00e9cran Neomounts DS65S-950WH2 34&#8243; et faites envie \u00e0 vos coll\u00e8gues! Type: Support Couleur: Blanc Caract\u00e9ristiques: Hauteur r\u00e9glable R\u00e9glable Plaque Tournante Inclinaison r\u00e9glable Type d&#8217;installation: Bureau VESA: 10 x 10 cm 7,5 x 7,5 cm Mat\u00e9riel: Aluminium Ecran: 34&#8243; Rotation: -90 \/ 90\u00b0 90\u00ba Compatible: [&hellip;]<\/p>\n","protected":false},"featured_media":21595,"comment_status":"open","ping_status":"closed","template":"","meta":[],"product_brand":[639],"product_cat":[65,581,586],"product_tag":[106],"class_list":{"0":"post-21612","1":"product","2":"type-product","3":"status-publish","4":"has-post-thumbnail","6":"product_brand-brandp_4772","7":"product_cat-informatique-electronique","8":"product_cat-informatique-peripheriques-et-consommables","9":"product_cat-supports-pour-ecrans","10":"product_tag-tag_1295","12":"first","13":"instock","14":"taxable","15":"shipping-taxable","16":"purchasable","17":"product-type-simple"},"_links":{"self":[{"href":"https:\/\/bigbuy.tupique.com\/en\/wp-json\/wp\/v2\/product\/21612","targetHints":{"allow":["GET"]}}],"collection":[{"href":"https:\/\/bigbuy.tupique.com\/en\/wp-json\/wp\/v2\/product"}],"about":[{"href":"https:\/\/bigbuy.tupique.com\/en\/wp-json\/wp\/v2\/types\/product"}],"replies":[{"embeddable":true,"href":"https:\/\/bigbuy.tupique.com\/en\/wp-json\/wp\/v2\/comments?post=21612"}],"wp:featuredmedia":[{"embeddable":true,"href":"https:\/\/bigbuy.tupique.com\/en\/wp-json\/wp\/v2\/media\/21595"}],"wp:attachment":[{"href":"https:\/\/bigbuy.tupique.com\/en\/wp-json\/wp\/v2\/media?parent=21612"}],"wp:term":[{"taxonomy":"product_brand","embeddable":true,"href":"https:\/\/bigbuy.tupique.com\/en\/wp-json\/wp\/v2\/product_brand?post=21612"},{"taxonomy":"product_cat","embeddable":true,"href":"https:\/\/bigbuy.tupique.com\/en\/wp-json\/wp\/v2\/product_cat?post=21612"},{"taxonomy":"product_tag","embeddable":true,"href":"https:\/\/bigbuy.tupique.com\/en\/wp-json\/wp\/v2\/product_tag?post=21612"}],"curies":[{"name":"wp","href":"https:\/\/api.w.org\/{rel}","templated":true}]}}