{"id":21577,"date":"2026-03-29T18:05:13","date_gmt":"2026-03-29T17:05:13","guid":{"rendered":"https:\/\/bigbuy.tupique.com\/produto\/food-processor-kenwood-steel-1000-w\/"},"modified":"2026-04-16T18:55:33","modified_gmt":"2026-04-16T17:55:33","slug":"food-processor-kenwood-steel-1000-w","status":"publish","type":"product","link":"https:\/\/bigbuy.tupique.com\/en\/produto\/food-processor-kenwood-steel-1000-w\/","title":{"rendered":"Robot culinaire Kenwood Acier 1000 W"},"content":{"rendered":"<p>Si vous recherchez des \u00e9lectrom\u00e9nagers pour votre maison aux meilleurs prix, ne manquez pas <b>Robot culinaire Kenwood Acier 1000 W<\/b> et une large s\u00e9lection de petits \u00e9lectrom\u00e9nagers de qualit\u00e9 !<\/p>\n<p>Le <b>Robot de Cuisine<\/b> <b>KENWOOD KVC3100S Chef Pastelero<\/b> est un appareil sophistiqu\u00e9 con\u00e7u pour faciliter et optimiser les t\u00e2ches de p\u00e2tisserie et de pr\u00e9paration culinaire \u00e0 domicile et dans les petites cuisines professionnelles. Ce mod\u00e8le se distingue par sa <b>puissance de 1000 W<\/b>, garantissant une performance efficace pour p\u00e9trir, m\u00e9langer et battre uniform\u00e9ment et rapidement gr\u00e2ce \u00e0 son <b>mouvement plan\u00e9taire<\/b>, qui assure un m\u00e9lange complet en couvrant tout le p\u00e9rim\u00e8tre du bol. Sa <b>capacit\u00e9 de 4,6 litres<\/b> permet de pr\u00e9parer de grandes quantit\u00e9s de p\u00e2te ou de m\u00e9langes pour diff\u00e9rents types de recettes, offrant une grande polyvalence. Le corps du robot est en <b>m\u00e9tal avec finition acier inoxydable gris<\/b>, apportant robustesse, durabilit\u00e9 et un design \u00e9l\u00e9gant qui s\u2019int\u00e8gre bien dans les cuisines modernes. Il est \u00e9quip\u00e9 d\u2019un <b>bol en acier inoxydable<\/b> r\u00e9sistant et facile \u00e0 nettoyer, compl\u00e9t\u00e9 par un couvercle anti-projection qui \u00e9vite les \u00e9claboussures lors du m\u00e9lange. Le contr\u00f4le de la vitesse est \u00e9lectronique, offrant une r\u00e9gulation pr\u00e9cise adapt\u00e9e \u00e0 chaque pr\u00e9paration, avec une fonction pulse pour des intervalles courts facilitant une finition parfaite. L\u2019ouverture assist\u00e9e par le bras du robot assure confort et s\u00e9curit\u00e9 pour ajouter des ingr\u00e9dients ou retirer des accessoires sans risque. L\u2019appareil inclut un kit complet de p\u00e2tisserie et un livre de recettes pour exploiter pleinement son potentiel, id\u00e9al pour ceux qui souhaitent explorer diff\u00e9rentes techniques culinaires. Ses dimensions (28 cm de large et 30 cm de haut) et sa prise standard europ\u00e9enne le rendent adapt\u00e9 \u00e0 un usage domestique courant. La garantie de 2 ans offre une couverture en cas de probl\u00e8me technique, consolidant sa valeur comme un investissement en \u00e9quipement de cuisine de qualit\u00e9. En r\u00e9sum\u00e9, le KENWOOD KVC3100S est une solution technique robuste et polyvalente destin\u00e9e aux utilisateurs recherchant pr\u00e9cision, puissance et durabilit\u00e9 pour leurs travaux de p\u00e2tisserie et cuisine en g\u00e9n\u00e9ral.<\/p>\n<ul>\n<li>Produit \u00e0 brancher: Oui<\/li>\n<li>Type de prise: Prise EU<\/li>\n<li>Bloc d\u2019Alimentation: r\u00e9seau \u00e9lectrique<\/li>\n<li>Couleur: Gris<\/li>\n<li>Mati\u00e8re:\n<ul>\n<li>M\u00e9tal<\/li>\n<li>Acier inoxydable<\/li>\n<\/ul>\n<\/li>\n<li>puissance: 1000 W<\/li>\n<li>Vitesse:\n<ul>\n<li>Variable<\/li>\n<li>3 vitesses<\/li>\n<\/ul>\n<\/li>\n<li>Inclut:\n<ul>\n<li>Accessoires<\/li>\n<li>Tiges de m\u00e9lange<\/li>\n<li>Tiges de p\u00e9trissage<\/li>\n<\/ul>\n<\/li>\n<li>Capacit\u00e9: 4,6 L<\/li>\n<li>Dimensions approx.:\n<ul>\n<li>30 cm<\/li>\n<li>38 cm<\/li>\n<li>28 cm<\/li>\n<\/ul>\n<\/li>\n<\/ul>","protected":false},"excerpt":{"rendered":"<p>Si vous recherchez des \u00e9lectrom\u00e9nagers pour votre maison aux meilleurs prix, ne manquez pas Robot culinaire Kenwood Acier 1000 W et une large s\u00e9lection de petits \u00e9lectrom\u00e9nagers de qualit\u00e9 ! Le Robot de Cuisine KENWOOD KVC3100S Chef Pastelero est un appareil sophistiqu\u00e9 con\u00e7u pour faciliter et optimiser les t\u00e2ches de p\u00e2tisserie et de pr\u00e9paration culinaire [&hellip;]<\/p>\n","protected":false},"featured_media":21573,"comment_status":"open","ping_status":"closed","template":"","meta":[],"product_brand":[318],"product_cat":[60,77,724],"product_tag":[55,59,56],"class_list":{"0":"post-21577","1":"product","2":"type-product","3":"status-publish","4":"has-post-thumbnail","6":"product_brand-brandp_1023","7":"product_cat-cuisine-gourmet","8":"product_cat-petit-electromenager","9":"product_cat-robots-de-cuisine","10":"product_tag-tag_926","11":"product_tag-tag_1304","12":"product_tag-tag_930","14":"first","15":"instock","16":"taxable","17":"shipping-taxable","18":"purchasable","19":"product-type-simple"},"_links":{"self":[{"href":"https:\/\/bigbuy.tupique.com\/en\/wp-json\/wp\/v2\/product\/21577","targetHints":{"allow":["GET"]}}],"collection":[{"href":"https:\/\/bigbuy.tupique.com\/en\/wp-json\/wp\/v2\/product"}],"about":[{"href":"https:\/\/bigbuy.tupique.com\/en\/wp-json\/wp\/v2\/types\/product"}],"replies":[{"embeddable":true,"href":"https:\/\/bigbuy.tupique.com\/en\/wp-json\/wp\/v2\/comments?post=21577"}],"wp:featuredmedia":[{"embeddable":true,"href":"https:\/\/bigbuy.tupique.com\/en\/wp-json\/wp\/v2\/media\/21573"}],"wp:attachment":[{"href":"https:\/\/bigbuy.tupique.com\/en\/wp-json\/wp\/v2\/media?parent=21577"}],"wp:term":[{"taxonomy":"product_brand","embeddable":true,"href":"https:\/\/bigbuy.tupique.com\/en\/wp-json\/wp\/v2\/product_brand?post=21577"},{"taxonomy":"product_cat","embeddable":true,"href":"https:\/\/bigbuy.tupique.com\/en\/wp-json\/wp\/v2\/product_cat?post=21577"},{"taxonomy":"product_tag","embeddable":true,"href":"https:\/\/bigbuy.tupique.com\/en\/wp-json\/wp\/v2\/product_tag?post=21577"}],"curies":[{"name":"wp","href":"https:\/\/api.w.org\/{rel}","templated":true}]}}