{"id":21555,"date":"2026-03-29T18:04:41","date_gmt":"2026-03-29T17:04:41","guid":{"rendered":"https:\/\/bigbuy.tupique.com\/produto\/control-dj-hercules\/"},"modified":"2026-04-16T18:55:35","modified_gmt":"2026-04-16T17:55:35","slug":"control-dj-hercules","status":"publish","type":"product","link":"https:\/\/bigbuy.tupique.com\/en\/produto\/control-dj-hercules\/","title":{"rendered":"Contr\u00f4le DJ Hercules"},"content":{"rendered":"<p>Si vous \u00eates passionn\u00e9 d&#8217;<b>informatique et d&#8217;\u00e9lectronique<\/b>, si vous \u00eates \u00e0 la pointe de la technologie et qu&#8217;aucun d\u00e9tail ne vous \u00e9chappe, achetez <b>Contr\u00f4le DJ Hercules<\/b> au meilleur prix.<\/p>\n<p>La <b>Hercules Inpulse T7<\/b> est une <b>contr\u00f4leur DJ<\/b> professionnel con\u00e7u pour offrir des performances avanc\u00e9es aux DJs amateurs comme aux professionnels. Cet appareil se distingue par ses deux platines motoris\u00e9es, offrant une sensation tactile r\u00e9aliste proche des tourne-disques traditionnels, facilitant un contr\u00f4le pr\u00e9cis et dynamique de chaque piste. \u00c9quip\u00e9 d\u2019une connexion <b>USB<\/b>, il permet une int\u00e9gration simple et rapide avec les ordinateurs PC et les logiciels de mixage compatibles, garantissant une transmission de donn\u00e9es stable et une alimentation fiable. Son design noir allie fonctionnalit\u00e9 et robustesse, avec une configuration intuitive comprenant boutons, jog wheels et faders dispos\u00e9s pour optimiser l\u2019ergonomie et le flux de travail lors de longues sessions. De plus, la <b>Hercules DJControl Inpulse T7<\/b> est compatible avec des interfaces et programmes en anglais, \u00e9largissant ainsi la gamme d\u2019outils et d\u2019effets accessibles \u00e0 l\u2019utilisateur. Ce contr\u00f4leur se distingue par sa polyvalence, adapt\u00e9 \u00e0 l\u2019apprentissage avanc\u00e9, au mixage professionnel et aux performances live, gr\u00e2ce \u00e0 ses fonctions de contr\u00f4le d\u00e9taill\u00e9 et sa r\u00e9activit\u00e9. Dans l\u2019ensemble, ce produit refl\u00e8te l\u2019engagement de la marque Hercules pour des solutions technologiques alliant pr\u00e9cision, facilit\u00e9 d\u2019utilisation et durabilit\u00e9, se positionnant comme une option fiable pour ceux qui souhaitent am\u00e9liorer leurs comp\u00e9tences et leur exp\u00e9rience dans le domaine du DJing.<\/p>\n<ul>\n<li>Type:\n<ul>\n<li>Contr\u00f4leur<\/li>\n<li>Contr\u00f4le DJ<\/li>\n<\/ul>\n<\/li>\n<li>Connexions: USB<\/li>\n<li>Langue: Anglais<\/li>\n<li>Compatible: PC<\/li>\n<\/ul>","protected":false},"excerpt":{"rendered":"<p>Si vous \u00eates passionn\u00e9 d&#8217;informatique et d&#8217;\u00e9lectronique, si vous \u00eates \u00e0 la pointe de la technologie et qu&#8217;aucun d\u00e9tail ne vous \u00e9chappe, achetez Contr\u00f4le DJ Hercules au meilleur prix. La Hercules Inpulse T7 est une contr\u00f4leur DJ professionnel con\u00e7u pour offrir des performances avanc\u00e9es aux DJs amateurs comme aux professionnels. Cet appareil se distingue par [&hellip;]<\/p>\n","protected":false},"featured_media":21546,"comment_status":"open","ping_status":"closed","template":"","meta":[],"product_brand":[1077],"product_cat":[755,763,65],"product_tag":[59],"class_list":{"0":"post-21555","1":"product","2":"type-product","3":"status-publish","4":"has-post-thumbnail","6":"product_brand-brandp_652","7":"product_cat-electronique-son","8":"product_cat-haut-parleurs","9":"product_cat-informatique-electronique","10":"product_tag-tag_1304","12":"first","13":"instock","14":"taxable","15":"shipping-taxable","16":"purchasable","17":"product-type-simple"},"_links":{"self":[{"href":"https:\/\/bigbuy.tupique.com\/en\/wp-json\/wp\/v2\/product\/21555","targetHints":{"allow":["GET"]}}],"collection":[{"href":"https:\/\/bigbuy.tupique.com\/en\/wp-json\/wp\/v2\/product"}],"about":[{"href":"https:\/\/bigbuy.tupique.com\/en\/wp-json\/wp\/v2\/types\/product"}],"replies":[{"embeddable":true,"href":"https:\/\/bigbuy.tupique.com\/en\/wp-json\/wp\/v2\/comments?post=21555"}],"wp:featuredmedia":[{"embeddable":true,"href":"https:\/\/bigbuy.tupique.com\/en\/wp-json\/wp\/v2\/media\/21546"}],"wp:attachment":[{"href":"https:\/\/bigbuy.tupique.com\/en\/wp-json\/wp\/v2\/media?parent=21555"}],"wp:term":[{"taxonomy":"product_brand","embeddable":true,"href":"https:\/\/bigbuy.tupique.com\/en\/wp-json\/wp\/v2\/product_brand?post=21555"},{"taxonomy":"product_cat","embeddable":true,"href":"https:\/\/bigbuy.tupique.com\/en\/wp-json\/wp\/v2\/product_cat?post=21555"},{"taxonomy":"product_tag","embeddable":true,"href":"https:\/\/bigbuy.tupique.com\/en\/wp-json\/wp\/v2\/product_tag?post=21555"}],"curies":[{"name":"wp","href":"https:\/\/api.w.org\/{rel}","templated":true}]}}