{"id":21495,"date":"2026-03-29T18:03:13","date_gmt":"2026-03-29T17:03:13","guid":{"rendered":"https:\/\/bigbuy.tupique.com\/produto\/mens-watch-u-boat-u8889-a-black\/"},"modified":"2026-04-15T02:19:47","modified_gmt":"2026-04-15T01:19:47","slug":"mens-watch-u-boat-u8889-a-black","status":"publish","type":"product","link":"https:\/\/bigbuy.tupique.com\/en\/produto\/mens-watch-u-boat-u8889-a-black\/","title":{"rendered":"Montre Homme U-Boat U8889\/A Noir"},"content":{"rendered":"<p>Si vous aimez suivre les derni\u00e8res tendances en mati\u00e8re de mode et accessoires, achetez <b>Montre Homme U-Boat U8889\/A Noir<\/b> au meilleur prix.<\/p>\n<ul>\n<li>Couleur du bracelet: Noir<\/li>\n<li>Genre: Homme<\/li>\n<li>Liens suppl\u00e9mentaires: Non<\/li>\n<li>Type de montre: Montre-bracelet<\/li>\n<li>Couleur: Noir<\/li>\n<li>Fonctions: Chronographe<\/li>\n<li>Mat\u00e9riau du bracelet: Caoutchouc<\/li>\n<li>Type de fermeture: Boucle<\/li>\n<li>Type de mouvement: Quartz<\/li>\n<li>diam\u00e8tre approx.: 50 mm<\/li>\n<\/ul>","protected":false},"excerpt":{"rendered":"<p>Si vous aimez suivre les derni\u00e8res tendances en mati\u00e8re de mode et accessoires, achetez Montre Homme U-Boat U8889\/A Noir au meilleur prix. Couleur du bracelet: Noir Genre: Homme Liens suppl\u00e9mentaires: Non Type de montre: Montre-bracelet Couleur: Noir Fonctions: Chronographe Mat\u00e9riau du bracelet: Caoutchouc Type de fermeture: Boucle Type de mouvement: Quartz diam\u00e8tre approx.: 50 mm<\/p>","protected":false},"featured_media":21491,"comment_status":"open","ping_status":"closed","template":"","meta":[],"product_brand":[1093],"product_cat":[544,574,545],"product_tag":[103,543],"class_list":{"0":"post-21495","1":"product","2":"type-product","3":"status-publish","4":"has-post-thumbnail","6":"product_brand-brandp_9670","7":"product_cat-mode-accessoires","8":"product_cat-montres-homme","9":"product_cat-montres-bracelets","10":"product_tag-tag_1261","11":"product_tag-tag_61","13":"first","14":"instock","15":"taxable","16":"shipping-taxable","17":"purchasable","18":"product-type-simple"},"_links":{"self":[{"href":"https:\/\/bigbuy.tupique.com\/en\/wp-json\/wp\/v2\/product\/21495","targetHints":{"allow":["GET"]}}],"collection":[{"href":"https:\/\/bigbuy.tupique.com\/en\/wp-json\/wp\/v2\/product"}],"about":[{"href":"https:\/\/bigbuy.tupique.com\/en\/wp-json\/wp\/v2\/types\/product"}],"replies":[{"embeddable":true,"href":"https:\/\/bigbuy.tupique.com\/en\/wp-json\/wp\/v2\/comments?post=21495"}],"wp:featuredmedia":[{"embeddable":true,"href":"https:\/\/bigbuy.tupique.com\/en\/wp-json\/wp\/v2\/media\/21491"}],"wp:attachment":[{"href":"https:\/\/bigbuy.tupique.com\/en\/wp-json\/wp\/v2\/media?parent=21495"}],"wp:term":[{"taxonomy":"product_brand","embeddable":true,"href":"https:\/\/bigbuy.tupique.com\/en\/wp-json\/wp\/v2\/product_brand?post=21495"},{"taxonomy":"product_cat","embeddable":true,"href":"https:\/\/bigbuy.tupique.com\/en\/wp-json\/wp\/v2\/product_cat?post=21495"},{"taxonomy":"product_tag","embeddable":true,"href":"https:\/\/bigbuy.tupique.com\/en\/wp-json\/wp\/v2\/product_tag?post=21495"}],"curies":[{"name":"wp","href":"https:\/\/api.w.org\/{rel}","templated":true}]}}