{"id":21461,"date":"2026-03-29T17:52:45","date_gmt":"2026-03-29T16:52:45","guid":{"rendered":"https:\/\/bigbuy.tupique.com\/produto\/headphones-logitech-pro-x-2-black\/"},"modified":"2026-04-16T20:01:17","modified_gmt":"2026-04-16T19:01:17","slug":"headphones-logitech-pro-x-2-black","status":"publish","type":"product","link":"https:\/\/bigbuy.tupique.com\/en\/produto\/headphones-logitech-pro-x-2-black\/","title":{"rendered":"Casque Logitech PRO X 2 Noir"},"content":{"rendered":"<p>Si vous \u00eates passionn\u00e9 d&#8217;<b>informatique et d&#8217;\u00e9lectronique<\/b>, si vous \u00eates \u00e0 la pointe de la technologie et qu&#8217;aucun d\u00e9tail ne vous \u00e9chappe, achetez <b>Casque Logitech PRO X 2 Noir<\/b> au meilleur prix.<\/p>\n<p>Les <b>casques Logitech G PRO X 2<\/b> sont con\u00e7us pour les gamers et les utilisateurs recherchant une exp\u00e9rience sonore avanc\u00e9e et polyvalente. Ces <b>casques sans fil<\/b> combinent plusieurs technologies de connectivit\u00e9 pour s\u2019adapter \u00e0 divers appareils : ils disposent d\u2019une connexion <b>Bluetooth<\/b> pour compatibilit\u00e9 avec mobiles et ordinateurs, ainsi qu\u2019une connexion par <b>radiofr\u00e9quence LIGHTSPEED<\/b> garantissant une latence minimale en jeu et une port\u00e9e sans fil jusqu\u2019\u00e0 <b>30 m\u00e8tres<\/b>, offrant une grande libert\u00e9 de mouvement. Ils incluent aussi des c\u00e2bles pour connexion <b>USB<\/b> et jack <b>3,5 mm<\/b>, \u00e9largissant les options et la compatibilit\u00e9 avec diff\u00e9rents appareils et plateformes. Le design est enti\u00e8rement <b>noir<\/b>, avec une forme ergonomique assurant confort lors de longues sessions, et un poids contenu de <b>345 grammes<\/b> facilitant un usage prolong\u00e9 sans fatigue. La qualit\u00e9 audio couvre une large plage de fr\u00e9quences de <b>20 Hz \u00e0 20 000 Hz<\/b>, offrant un son clair et \u00e9quilibr\u00e9, id\u00e9al pour le gaming comme pour le multim\u00e9dia. Ils int\u00e8grent un syst\u00e8me de microphone, permettant des communications nettes et pr\u00e9cises, essentiel en jeu comp\u00e9titif. De plus, une <b>guide d\u2019installation<\/b> est fournie pour faciliter la mise en route, permettant \u00e0 l\u2019utilisateur de profiter rapidement des fonctionnalit\u00e9s. Ce mod\u00e8le, issu de la gamme professionnelle Logitech, allie robustesse et technologie avanc\u00e9e pour une exp\u00e9rience sonore compl\u00e8te et adaptable en un seul produit. En r\u00e9sum\u00e9, les Logitech G PRO X 2 repr\u00e9sentent une solution technique \u00e9quilibr\u00e9e pour ceux qui cherchent des <b>casques sans fil<\/b> avec multiples options de connectivit\u00e9, bonne autonomie, excellent son et confort, sp\u00e9cialement con\u00e7us pour le jeu.<\/p>\n<ul>\n<li>Type:\n<ul>\n<li>\u00c9couteur<\/li>\n<li>Casque audio<\/li>\n<li>Sans fil<\/li>\n<li>Casque<\/li>\n<\/ul>\n<\/li>\n<li>Caract\u00e9ristiques: Batterie int\u00e9gr\u00e9e<\/li>\n<li>Fr\u00e9quence:\n<ul>\n<li>2,4 GHz<\/li>\n<li>20 &#8211; 20000 Hz<\/li>\n<\/ul>\n<\/li>\n<li>Batterie: Oui<\/li>\n<li>Type de commande: Boutons<\/li>\n<li>Longueur du c\u00e2ble: 1,8 m<\/li>\n<li>Port\u00e9e: 30 m<\/li>\n<li>Quantit\u00e9: 1<\/li>\n<li>Connectivit\u00e9: Bluetooth<\/li>\n<li>Couleur: Noir<\/li>\n<li>Utilisation recommand\u00e9e: Jeu<\/li>\n<li>Connexions:\n<ul>\n<li>USB<\/li>\n<li>Jack 3.5 mm<\/li>\n<\/ul>\n<\/li>\n<\/ul>","protected":false},"excerpt":{"rendered":"<p>Si vous \u00eates passionn\u00e9 d&#8217;informatique et d&#8217;\u00e9lectronique, si vous \u00eates \u00e0 la pointe de la technologie et qu&#8217;aucun d\u00e9tail ne vous \u00e9chappe, achetez Casque Logitech PRO X 2 Noir au meilleur prix. Les casques Logitech G PRO X 2 sont con\u00e7us pour les gamers et les utilisateurs recherchant une exp\u00e9rience sonore avanc\u00e9e et polyvalente. Ces [&hellip;]<\/p>\n","protected":false},"featured_media":21452,"comment_status":"open","ping_status":"closed","template":"","meta":[],"product_brand":[647],"product_cat":[65,581,594],"product_tag":[213,59,566,106],"class_list":{"0":"post-21461","1":"product","2":"type-product","3":"status-publish","4":"has-post-thumbnail","6":"product_brand-brandp_561","7":"product_cat-informatique-electronique","8":"product_cat-informatique-peripheriques-et-consommables","9":"product_cat-micros-et-ecouteurs","10":"product_tag-tag_933","11":"product_tag-tag_1304","12":"product_tag-tag_547","13":"product_tag-tag_1295","15":"first","16":"instock","17":"taxable","18":"shipping-taxable","19":"purchasable","20":"product-type-simple"},"_links":{"self":[{"href":"https:\/\/bigbuy.tupique.com\/en\/wp-json\/wp\/v2\/product\/21461","targetHints":{"allow":["GET"]}}],"collection":[{"href":"https:\/\/bigbuy.tupique.com\/en\/wp-json\/wp\/v2\/product"}],"about":[{"href":"https:\/\/bigbuy.tupique.com\/en\/wp-json\/wp\/v2\/types\/product"}],"replies":[{"embeddable":true,"href":"https:\/\/bigbuy.tupique.com\/en\/wp-json\/wp\/v2\/comments?post=21461"}],"wp:featuredmedia":[{"embeddable":true,"href":"https:\/\/bigbuy.tupique.com\/en\/wp-json\/wp\/v2\/media\/21452"}],"wp:attachment":[{"href":"https:\/\/bigbuy.tupique.com\/en\/wp-json\/wp\/v2\/media?parent=21461"}],"wp:term":[{"taxonomy":"product_brand","embeddable":true,"href":"https:\/\/bigbuy.tupique.com\/en\/wp-json\/wp\/v2\/product_brand?post=21461"},{"taxonomy":"product_cat","embeddable":true,"href":"https:\/\/bigbuy.tupique.com\/en\/wp-json\/wp\/v2\/product_cat?post=21461"},{"taxonomy":"product_tag","embeddable":true,"href":"https:\/\/bigbuy.tupique.com\/en\/wp-json\/wp\/v2\/product_tag?post=21461"}],"curies":[{"name":"wp","href":"https:\/\/api.w.org\/{rel}","templated":true}]}}