{"id":21432,"date":"2026-03-29T17:52:00","date_gmt":"2026-03-29T16:52:00","guid":{"rendered":"https:\/\/bigbuy.tupique.com\/produto\/barbecue-table-cozze-77-x-665-x-83-cm\/"},"modified":"2026-05-11T20:00:52","modified_gmt":"2026-05-11T18:00:52","slug":"barbecue-table-cozze-77-x-665-x-83-cm","status":"publish","type":"product","link":"https:\/\/bigbuy.tupique.com\/en\/produto\/barbecue-table-cozze-77-x-665-x-83-cm\/","title":{"rendered":"Table de barbecue Cozze\u00ae 77 x 66,5 x 83 cm"},"content":{"rendered":"<p>Si vous aimez prendre soin de chaque d\u00e9tail de votre maison et d&#8217;\u00eatre \u00e0 la derni\u00e8re mode en mati\u00e8re de produits qui vous rendront la vie plus facile, achetez <b>Table de barbecue Cozze\u00ae 77 x 66,5 x 83 cm<\/b> au meilleur prix.<\/p>\n<ul>\n<li>Poids Max. support\u00e9: 50 kg<\/li>\n<li>Dimensions approx.: 77 x 66,5 x 83 cm<\/li>\n<li>Couleur: Noir<\/li>\n<li>Langue: Anglais<\/li>\n<li>Design: Moderne<\/li>\n<\/ul>","protected":false},"excerpt":{"rendered":"<p>Si vous aimez prendre soin de chaque d\u00e9tail de votre maison et d&#8217;\u00eatre \u00e0 la derni\u00e8re mode en mati\u00e8re de produits qui vous rendront la vie plus facile, achetez Table de barbecue Cozze\u00ae 77 x 66,5 x 83 cm au meilleur prix. Poids Max. support\u00e9: 50 kg Dimensions approx.: 77 x 66,5 x 83 cm [&hellip;]<\/p>\n","protected":false},"featured_media":21429,"comment_status":"open","ping_status":"closed","template":"","meta":[],"product_brand":[122],"product_cat":[1058,759,239],"product_tag":[390,721,59,211],"class_list":{"0":"post-21432","1":"product","2":"type-product","3":"status-publish","4":"has-post-thumbnail","6":"product_brand-brandp_2386","7":"product_cat-barbecues-et-accessoires","8":"product_cat-jardin-et-terrasse","9":"product_cat-maison-jardin","10":"product_tag-tag_8","11":"product_tag-tag_124","12":"product_tag-tag_1304","13":"product_tag-tag_3","15":"first","16":"instock","17":"taxable","18":"shipping-taxable","19":"purchasable","20":"product-type-simple"},"_links":{"self":[{"href":"https:\/\/bigbuy.tupique.com\/en\/wp-json\/wp\/v2\/product\/21432","targetHints":{"allow":["GET"]}}],"collection":[{"href":"https:\/\/bigbuy.tupique.com\/en\/wp-json\/wp\/v2\/product"}],"about":[{"href":"https:\/\/bigbuy.tupique.com\/en\/wp-json\/wp\/v2\/types\/product"}],"replies":[{"embeddable":true,"href":"https:\/\/bigbuy.tupique.com\/en\/wp-json\/wp\/v2\/comments?post=21432"}],"wp:featuredmedia":[{"embeddable":true,"href":"https:\/\/bigbuy.tupique.com\/en\/wp-json\/wp\/v2\/media\/21429"}],"wp:attachment":[{"href":"https:\/\/bigbuy.tupique.com\/en\/wp-json\/wp\/v2\/media?parent=21432"}],"wp:term":[{"taxonomy":"product_brand","embeddable":true,"href":"https:\/\/bigbuy.tupique.com\/en\/wp-json\/wp\/v2\/product_brand?post=21432"},{"taxonomy":"product_cat","embeddable":true,"href":"https:\/\/bigbuy.tupique.com\/en\/wp-json\/wp\/v2\/product_cat?post=21432"},{"taxonomy":"product_tag","embeddable":true,"href":"https:\/\/bigbuy.tupique.com\/en\/wp-json\/wp\/v2\/product_tag?post=21432"}],"curies":[{"name":"wp","href":"https:\/\/api.w.org\/{rel}","templated":true}]}}