{"id":21390,"date":"2026-03-29T17:50:55","date_gmt":"2026-03-29T16:50:55","guid":{"rendered":"https:\/\/bigbuy.tupique.com\/produto\/shower-column-grohe-vitalio-comfort-250-abs-2\/"},"modified":"2026-04-16T18:21:37","modified_gmt":"2026-04-16T17:21:37","slug":"shower-column-grohe-vitalio-comfort-250-abs-2","status":"publish","type":"product","link":"https:\/\/bigbuy.tupique.com\/en\/produto\/shower-column-grohe-vitalio-comfort-250-abs-2\/","title":{"rendered":"Colonne de douche Grohe Vitalio Comfort 250 ABS"},"content":{"rendered":"<p>Si vous aimez prendre soin de chaque d\u00e9tail de votre maison et d&#8217;\u00eatre \u00e0 la derni\u00e8re mode en mati\u00e8re de produits qui vous rendront la vie plus facile, achetez <b>Colonne de douche Grohe Vitalio Comfort 250 ABS<\/b> au meilleur prix.<\/p>\n<p>La <b>colonne de douche Vitalio Comfort 250<\/b> de <b>Grohe<\/b> est un syst\u00e8me con\u00e7u pour offrir fonctionnalit\u00e9 et efficacit\u00e9 dans la salle de bain, se distinguant comme une solution pratique et moderne dans la cat\u00e9gorie des <b>colonnes de douche<\/b>. Fabriqu\u00e9e avec des mat\u00e9riaux de haute qualit\u00e9 tels que le <b>ABS<\/b> et le <b>plastique poli et chrom\u00e9<\/b>, elle garantit r\u00e9sistance et durabilit\u00e9 tout en apportant une finition \u00e9l\u00e9gante et minimaliste en chrome. Cette colonne int\u00e8gre un <b>inverseur manuel<\/b> qui facilite la s\u00e9lection entre diff\u00e9rentes sorties d\u2019eau, permettant un contr\u00f4le simple et efficace du d\u00e9bit, contribuant ainsi \u00e0 une utilisation plus \u00e9conomique de l\u2019eau. Son design ergonomique et l\u2019int\u00e9gration de technologies d\u00e9di\u00e9es \u00e0 <b>l\u2019\u00e9conomie d\u2019eau<\/b> en font une option durable et fonctionnelle pour la maison, sans sacrifier le confort attendu lors de la douche quotidienne. L\u2019association de <b>mat\u00e9riaux ABS et chrom\u00e9s<\/b> facilite l\u2019entretien et assure un aspect toujours propre et moderne, adapt\u00e9 aux environnements contemporains. Dans l\u2019ensemble, la <b>Grohe Vitalio Comfort 250 26986001<\/b> se distingue par son \u00e9quilibre entre qualit\u00e9, confort et performance, pens\u00e9e pour maximiser praticit\u00e9 et long\u00e9vit\u00e9 dans la salle de bain. C\u2019est un choix fiable pour ceux qui recherchent un syst\u00e8me de douche polyvalent et efficace avec un design \u00e9pur\u00e9 et des mat\u00e9riaux robustes.<\/p>\n<ul>\n<li>Mati\u00e8re: ABS<\/li>\n<li>Finition:\n<ul>\n<li>Poli<\/li>\n<li>Chrome<\/li>\n<\/ul>\n<\/li>\n<li>Type poign\u00e9e: Plastique<\/li>\n<\/ul>","protected":false},"excerpt":{"rendered":"<p>Si vous aimez prendre soin de chaque d\u00e9tail de votre maison et d&#8217;\u00eatre \u00e0 la derni\u00e8re mode en mati\u00e8re de produits qui vous rendront la vie plus facile, achetez Colonne de douche Grohe Vitalio Comfort 250 ABS au meilleur prix. La colonne de douche Vitalio Comfort 250 de Grohe est un syst\u00e8me con\u00e7u pour offrir [&hellip;]<\/p>\n","protected":false},"featured_media":21386,"comment_status":"open","ping_status":"closed","template":"","meta":[],"product_brand":[848],"product_cat":[781,239,780],"product_tag":[59,210],"class_list":{"0":"post-21390","1":"product","2":"type-product","3":"status-publish","4":"has-post-thumbnail","6":"product_brand-brandp_3107","7":"product_cat-accessoires-et-robinets","8":"product_cat-maison-jardin","9":"product_cat-salle-de-bain","10":"product_tag-tag_1304","11":"product_tag-tag_25","13":"first","14":"instock","15":"taxable","16":"shipping-taxable","17":"purchasable","18":"product-type-simple"},"_links":{"self":[{"href":"https:\/\/bigbuy.tupique.com\/en\/wp-json\/wp\/v2\/product\/21390","targetHints":{"allow":["GET"]}}],"collection":[{"href":"https:\/\/bigbuy.tupique.com\/en\/wp-json\/wp\/v2\/product"}],"about":[{"href":"https:\/\/bigbuy.tupique.com\/en\/wp-json\/wp\/v2\/types\/product"}],"replies":[{"embeddable":true,"href":"https:\/\/bigbuy.tupique.com\/en\/wp-json\/wp\/v2\/comments?post=21390"}],"wp:featuredmedia":[{"embeddable":true,"href":"https:\/\/bigbuy.tupique.com\/en\/wp-json\/wp\/v2\/media\/21386"}],"wp:attachment":[{"href":"https:\/\/bigbuy.tupique.com\/en\/wp-json\/wp\/v2\/media?parent=21390"}],"wp:term":[{"taxonomy":"product_brand","embeddable":true,"href":"https:\/\/bigbuy.tupique.com\/en\/wp-json\/wp\/v2\/product_brand?post=21390"},{"taxonomy":"product_cat","embeddable":true,"href":"https:\/\/bigbuy.tupique.com\/en\/wp-json\/wp\/v2\/product_cat?post=21390"},{"taxonomy":"product_tag","embeddable":true,"href":"https:\/\/bigbuy.tupique.com\/en\/wp-json\/wp\/v2\/product_tag?post=21390"}],"curies":[{"name":"wp","href":"https:\/\/api.w.org\/{rel}","templated":true}]}}