{"id":21385,"date":"2026-03-29T17:50:48","date_gmt":"2026-03-29T16:50:48","guid":{"rendered":"https:\/\/bigbuy.tupique.com\/produto\/shower-column-grohe-vitalio-comfort-250-abs-22-mm-25-cm\/"},"modified":"2026-04-16T18:21:37","modified_gmt":"2026-04-16T17:21:37","slug":"shower-column-grohe-vitalio-comfort-250-abs-22-mm-25-cm","status":"publish","type":"product","link":"https:\/\/bigbuy.tupique.com\/en\/produto\/shower-column-grohe-vitalio-comfort-250-abs-22-mm-25-cm\/","title":{"rendered":"Colonne de douche Grohe Vitalio Comfort 250 ABS 22 mm 25 cm"},"content":{"rendered":"<p>Si vous aimez prendre soin de chaque d\u00e9tail de votre maison et d&#8217;\u00eatre \u00e0 la derni\u00e8re mode en mati\u00e8re de produits qui vous rendront la vie plus facile, achetez <b>Colonne de douche Grohe Vitalio Comfort 250 ABS 22 mm 25 cm<\/b> au meilleur prix.<\/p>\n<p>La <b>colonne de douche Vitalio Comfort 250<\/b> de <b>Grohe<\/b> est un ensemble con\u00e7u pour offrir une exp\u00e9rience de douche confortable et efficace, alliant fonctionnalit\u00e9 et design moderne en un seul produit. Il s&#8217;agit d&#8217;une <b>colonne de douche<\/b> int\u00e9grant un <b>mitigeur thermostatique<\/b>, permettant un contr\u00f4le pr\u00e9cis et s\u00e9curis\u00e9 de la temp\u00e9rature de l&#8217;eau, r\u00e9duisant ainsi le risque de br\u00fblures et am\u00e9liorant le confort pendant le bain. Fabriqu\u00e9e en <b>ABS de haute qualit\u00e9<\/b>, avec des composants en <b>plastique<\/b> chrom\u00e9 et finition polie, elle assure r\u00e9sistance \u00e0 la corrosion et une apparence \u00e9l\u00e9gante qui s\u2019int\u00e8gre facilement \u00e0 diff\u00e9rents styles de salle de bain. Son design pr\u00e9sente une barre de <b>25 cm de longueur<\/b> et un diam\u00e8tre de <b>22 mm<\/b>, garantissant stabilit\u00e9 et facilit\u00e9 d\u2019installation dans diverses configurations de douche. De plus, ce mod\u00e8le est orient\u00e9 vers <b>l\u2019\u00e9conomie d\u2019eau<\/b>, contribuant \u00e0 une gestion efficace de la consommation sans sacrifier le confort habituel. La surface chrom\u00e9e offre non seulement une finition brillante et attrayante, mais facilite aussi le nettoyage et l\u2019entretien du produit dans le temps. L\u2019association de mat\u00e9riaux comme l\u2019ABS et le chrom\u00e9 apporte durabilit\u00e9 et une sensation agr\u00e9able au toucher, tandis que le design ergonomique du mitigeur thermostatique optimise l\u2019exp\u00e9rience utilisateur en ajustant la temp\u00e9rature rapidement et pr\u00e9cis\u00e9ment. En r\u00e9sum\u00e9, la <b>colonne de douche Grohe Vitalio Comfort 250<\/b> est une option robuste, pratique et \u00e9l\u00e9gante pour moderniser l\u2019\u00e9quipement de la salle de bain, apportant confort et efficacit\u00e9 au quotidien. Ce produit illustre l\u2019engagement de Grohe pour la qualit\u00e9 et l\u2019innovation dans les syst\u00e8mes de douche thermostatiques.<\/p>\n<ul>\n<li>Mati\u00e8re: ABS<\/li>\n<li>diam\u00e8tre approx.:\n<ul>\n<li>22 mm<\/li>\n<li>25 cm<\/li>\n<\/ul>\n<\/li>\n<li>Finition:\n<ul>\n<li>Poli<\/li>\n<li>Chrome<\/li>\n<\/ul>\n<\/li>\n<li>Type poign\u00e9e: Plastique<\/li>\n<\/ul>","protected":false},"excerpt":{"rendered":"<p>Si vous aimez prendre soin de chaque d\u00e9tail de votre maison et d&#8217;\u00eatre \u00e0 la derni\u00e8re mode en mati\u00e8re de produits qui vous rendront la vie plus facile, achetez Colonne de douche Grohe Vitalio Comfort 250 ABS 22 mm 25 cm au meilleur prix. La colonne de douche Vitalio Comfort 250 de Grohe est un [&hellip;]<\/p>\n","protected":false},"featured_media":70503,"comment_status":"open","ping_status":"closed","template":"","meta":[],"product_brand":[848],"product_cat":[781,239,780],"product_tag":[59,210],"class_list":{"0":"post-21385","1":"product","2":"type-product","3":"status-publish","4":"has-post-thumbnail","6":"product_brand-brandp_3107","7":"product_cat-accessoires-et-robinets","8":"product_cat-maison-jardin","9":"product_cat-salle-de-bain","10":"product_tag-tag_1304","11":"product_tag-tag_25","13":"first","14":"instock","15":"taxable","16":"shipping-taxable","17":"purchasable","18":"product-type-simple"},"_links":{"self":[{"href":"https:\/\/bigbuy.tupique.com\/en\/wp-json\/wp\/v2\/product\/21385","targetHints":{"allow":["GET"]}}],"collection":[{"href":"https:\/\/bigbuy.tupique.com\/en\/wp-json\/wp\/v2\/product"}],"about":[{"href":"https:\/\/bigbuy.tupique.com\/en\/wp-json\/wp\/v2\/types\/product"}],"replies":[{"embeddable":true,"href":"https:\/\/bigbuy.tupique.com\/en\/wp-json\/wp\/v2\/comments?post=21385"}],"wp:featuredmedia":[{"embeddable":true,"href":"https:\/\/bigbuy.tupique.com\/en\/wp-json\/wp\/v2\/media\/70503"}],"wp:attachment":[{"href":"https:\/\/bigbuy.tupique.com\/en\/wp-json\/wp\/v2\/media?parent=21385"}],"wp:term":[{"taxonomy":"product_brand","embeddable":true,"href":"https:\/\/bigbuy.tupique.com\/en\/wp-json\/wp\/v2\/product_brand?post=21385"},{"taxonomy":"product_cat","embeddable":true,"href":"https:\/\/bigbuy.tupique.com\/en\/wp-json\/wp\/v2\/product_cat?post=21385"},{"taxonomy":"product_tag","embeddable":true,"href":"https:\/\/bigbuy.tupique.com\/en\/wp-json\/wp\/v2\/product_tag?post=21385"}],"curies":[{"name":"wp","href":"https:\/\/api.w.org\/{rel}","templated":true}]}}