{"id":21362,"date":"2026-03-29T17:50:09","date_gmt":"2026-03-29T16:50:09","guid":{"rendered":"https:\/\/bigbuy.tupique.com\/produto\/shower-column-grohe-vitalio-comfort-250-black-abs\/"},"modified":"2026-04-17T00:00:10","modified_gmt":"2026-04-16T23:00:10","slug":"shower-column-grohe-vitalio-comfort-250-black-abs","status":"publish","type":"product","link":"https:\/\/bigbuy.tupique.com\/en\/produto\/shower-column-grohe-vitalio-comfort-250-black-abs\/","title":{"rendered":"Colonne de douche Grohe Vitalio Comfort 250 Noir ABS"},"content":{"rendered":"<p>Si vous aimez prendre soin de chaque d\u00e9tail de votre maison et d&#8217;\u00eatre \u00e0 la derni\u00e8re mode en mati\u00e8re de produits qui vous rendront la vie plus facile, achetez <b>Colonne de douche Grohe Vitalio Comfort 250 Noir ABS<\/b> au meilleur prix.<\/p>\n<p>La <b>colonne de douche Vitalio Comfort 250<\/b> de <b>Grohe<\/b> est un syst\u00e8me de douche con\u00e7u pour une installation murale qui allie fonctionnalit\u00e9 et style moderne avec des mat\u00e9riaux de haute qualit\u00e9. Elle est fabriqu\u00e9e en <b>ABS<\/b>, un mat\u00e9riau r\u00e9sistant et durable, compl\u00e9t\u00e9 par des composants en silicone qui facilitent son entretien et garantissent une longue dur\u00e9e de vie. Sa finition en <b>noir mat<\/b> apporte un aspect sophistiqu\u00e9 et contemporain, s\u2019int\u00e9grant parfaitement dans des salles de bains au design minimaliste ou industriel. Cette colonne de douche int\u00e8gre un <b>inverseur manuel<\/b> permettant de s\u00e9lectionner facilement diff\u00e9rentes sorties d\u2019eau, optimisant ainsi l\u2019exp\u00e9rience utilisateur. De plus, elle dispose de syst\u00e8mes favorisant <b>l\u2019\u00e9conomie d\u2019eau<\/b>, contribuant \u00e0 une utilisation durable sans sacrifier la performance ni le confort. La structure est con\u00e7ue pour un montage mural simple, assurant une installation propre et stable qui maximise la s\u00e9curit\u00e9 et la fonctionnalit\u00e9 du produit. Dans l\u2019ensemble, la <b>colonne de douche Vitalio Comfort 250 noir mat<\/b> repr\u00e9sente une solution pratique et \u00e9l\u00e9gante pour renouveler ou installer une douche avec haute efficacit\u00e9 et esth\u00e9tique dans des espaces contemporains.<\/p>\n<ul>\n<li>Couleur:\n<ul>\n<li>Noir<\/li>\n<li>Noir mat<\/li>\n<\/ul>\n<\/li>\n<li>Mati\u00e8re:\n<ul>\n<li>ABS<\/li>\n<li>Silicone<\/li>\n<\/ul>\n<\/li>\n<li>Type d&#8217;installation: Montage mural<\/li>\n<\/ul>","protected":false},"excerpt":{"rendered":"<p>Si vous aimez prendre soin de chaque d\u00e9tail de votre maison et d&#8217;\u00eatre \u00e0 la derni\u00e8re mode en mati\u00e8re de produits qui vous rendront la vie plus facile, achetez Colonne de douche Grohe Vitalio Comfort 250 Noir ABS au meilleur prix. La colonne de douche Vitalio Comfort 250 de Grohe est un syst\u00e8me de douche [&hellip;]<\/p>\n","protected":false},"featured_media":57117,"comment_status":"open","ping_status":"closed","template":"","meta":[],"product_brand":[848],"product_cat":[781,239,780],"product_tag":[59,210],"class_list":{"0":"post-21362","1":"product","2":"type-product","3":"status-publish","4":"has-post-thumbnail","6":"product_brand-brandp_3107","7":"product_cat-accessoires-et-robinets","8":"product_cat-maison-jardin","9":"product_cat-salle-de-bain","10":"product_tag-tag_1304","11":"product_tag-tag_25","13":"first","14":"instock","15":"taxable","16":"shipping-taxable","17":"purchasable","18":"product-type-simple"},"_links":{"self":[{"href":"https:\/\/bigbuy.tupique.com\/en\/wp-json\/wp\/v2\/product\/21362","targetHints":{"allow":["GET"]}}],"collection":[{"href":"https:\/\/bigbuy.tupique.com\/en\/wp-json\/wp\/v2\/product"}],"about":[{"href":"https:\/\/bigbuy.tupique.com\/en\/wp-json\/wp\/v2\/types\/product"}],"replies":[{"embeddable":true,"href":"https:\/\/bigbuy.tupique.com\/en\/wp-json\/wp\/v2\/comments?post=21362"}],"wp:featuredmedia":[{"embeddable":true,"href":"https:\/\/bigbuy.tupique.com\/en\/wp-json\/wp\/v2\/media\/57117"}],"wp:attachment":[{"href":"https:\/\/bigbuy.tupique.com\/en\/wp-json\/wp\/v2\/media?parent=21362"}],"wp:term":[{"taxonomy":"product_brand","embeddable":true,"href":"https:\/\/bigbuy.tupique.com\/en\/wp-json\/wp\/v2\/product_brand?post=21362"},{"taxonomy":"product_cat","embeddable":true,"href":"https:\/\/bigbuy.tupique.com\/en\/wp-json\/wp\/v2\/product_cat?post=21362"},{"taxonomy":"product_tag","embeddable":true,"href":"https:\/\/bigbuy.tupique.com\/en\/wp-json\/wp\/v2\/product_tag?post=21362"}],"curies":[{"name":"wp","href":"https:\/\/api.w.org\/{rel}","templated":true}]}}